{"id":14250,"date":"2025-07-31T18:24:31","date_gmt":"2025-07-31T16:24:31","guid":{"rendered":"https:\/\/servicios-sisma.com\/cookie-richtlinie\/"},"modified":"2025-08-01T20:22:13","modified_gmt":"2025-08-01T18:22:13","slug":"cookie-richtlinie","status":"publish","type":"page","link":"https:\/\/servicios-sisma.com\/de\/cookie-richtlinie\/","title":{"rendered":"Cookie-Richtlinie"},"content":{"rendered":"\t\t<div data-elementor-type=\"wp-page\" data-elementor-id=\"14250\" class=\"elementor elementor-14250 elementor-13206\">\n\t\t\t\t<div class=\"elementor-element elementor-element-3691514 e-flex e-con-boxed e-con e-parent\" data-id=\"3691514\" data-element_type=\"container\" data-e-type=\"container\">\n\t\t\t\t\t<div class=\"e-con-inner\">\n\t\t\t\t<div class=\"elementor-element elementor-element-926fa6e elementor-widget elementor-widget-text-editor\" data-id=\"926fa6e\" data-element_type=\"widget\" data-e-type=\"widget\" data-widget_type=\"text-editor.default\">\n\t\t\t\t<div class=\"elementor-widget-container\">\n\t\t\t\t\t\t\t\t\t<h4>Was sind Cookies?<\/h4><p>Cookies sind kleine Textdateien, die beim Besuch unserer Website in Ihrem Browser gespeichert werden. Sie erm\u00f6glichen es der Website, sich an Ihren Besuch und Ihre Pr\u00e4ferenzen zu erinnern.<\/p><h4>Art der auf dieser Website verwendeten Cookies<\/h4><h5>Technische Cookies<\/h5><p>Notwendig f\u00fcr das grundlegende Funktionieren der Website.<\/p><h5>Analytische Cookies (Google Analytics)<\/h5><p>Erm\u00f6glichen das Sammeln anonymer Informationen \u00fcber das Navigationsverhalten, um die Benutzererfahrung zu verbessern.<\/p><h4>Liste der verwendeten analytischen Cookies<\/h4><p>Cookie Zweck Dauer<br>_ga Benutzer unterscheiden 2 Jahre<br>_gid Sitzungen unterscheiden 24 Stunden<br>_gat Die Anforderungsrate begrenzen 1 Minute<\/p><h4>Verwaltung von Cookies<\/h4><p><br>Sie k\u00f6nnen die Verwendung von Cookies \u00fcber das Banner beim Zugriff auf die Website akzeptieren, ablehnen oder konfigurieren. Sie k\u00f6nnen sie auch \u00fcber die Einstellungen Ihres Browsers deaktivieren.<\/p><h4>Widerruf der Einwilligung<\/h4><p><br>Sie k\u00f6nnen Ihre Einwilligung jederzeit \u00fcber das Konfigurationsfeld oder durch Schreiben an admin@servicios-sisma.es widerrufen.<\/p><h4>Weitere Informationen zu Google Analytics<\/h4><p><br>Lesen Sie die Datenschutzerkl\u00e4rung von Google.<\/p>\t\t\t\t\t\t\t\t<\/div>\n\t\t\t\t<\/div>\n\t\t\t\t\t<\/div>\n\t\t\t\t<\/div>\n\t\t\t\t<\/div>\n\t\t","protected":false},"excerpt":{"rendered":"<p>Was sind Cookies? Cookies sind kleine Textdateien, die beim Besuch unserer Website in Ihrem Browser gespeichert werden. Sie erm\u00f6glichen es der Website, sich an Ihren Besuch und Ihre Pr\u00e4ferenzen zu erinnern. Art der auf dieser Website verwendeten Cookies Technische Cookies Notwendig f\u00fcr das grundlegende Funktionieren der Website. Analytische Cookies (Google Analytics) Erm\u00f6glichen das Sammeln anonymer&#8230;<\/p>\n","protected":false},"author":2,"featured_media":0,"parent":0,"menu_order":0,"comment_status":"closed","ping_status":"closed","template":"","meta":{"_monsterinsights_skip_tracking":false,"_monsterinsights_sitenote_active":false,"_monsterinsights_sitenote_note":"","_monsterinsights_sitenote_category":0,"_tbt_post_transparent":"","_tbt_post_title":"","_tbt_post_layout":"","_tbt_post_sidebar_id":"","_tbt_post_content_style":"","_tbt_post_vertical_padding":"","_tbt_post_feature":"","_tbt_post_feature_position":"","_tbt_post_header":false,"_tbt_post_footer":false},"class_list":["post-14250","page","type-page","status-publish","hentry"],"aioseo_notices":[],"_links":{"self":[{"href":"https:\/\/servicios-sisma.com\/de\/wp-json\/wp\/v2\/pages\/14250","targetHints":{"allow":["GET"]}}],"collection":[{"href":"https:\/\/servicios-sisma.com\/de\/wp-json\/wp\/v2\/pages"}],"about":[{"href":"https:\/\/servicios-sisma.com\/de\/wp-json\/wp\/v2\/types\/page"}],"author":[{"embeddable":true,"href":"https:\/\/servicios-sisma.com\/de\/wp-json\/wp\/v2\/users\/2"}],"replies":[{"embeddable":true,"href":"https:\/\/servicios-sisma.com\/de\/wp-json\/wp\/v2\/comments?post=14250"}],"version-history":[{"count":1,"href":"https:\/\/servicios-sisma.com\/de\/wp-json\/wp\/v2\/pages\/14250\/revisions"}],"predecessor-version":[{"id":14251,"href":"https:\/\/servicios-sisma.com\/de\/wp-json\/wp\/v2\/pages\/14250\/revisions\/14251"}],"wp:attachment":[{"href":"https:\/\/servicios-sisma.com\/de\/wp-json\/wp\/v2\/media?parent=14250"}],"curies":[{"name":"wp","href":"https:\/\/api.w.org\/{rel}","templated":true}]}}