{"id":14263,"date":"2025-07-31T18:20:15","date_gmt":"2025-07-31T16:20:15","guid":{"rendered":"https:\/\/servicios-sisma.com\/rechtliche-hinweise\/"},"modified":"2025-08-01T20:22:30","modified_gmt":"2025-08-01T18:22:30","slug":"rechtliche-hinweise","status":"publish","type":"page","link":"https:\/\/servicios-sisma.com\/de\/rechtliche-hinweise\/","title":{"rendered":"Rechtliche Hinweise"},"content":{"rendered":"\t\t<div data-elementor-type=\"wp-page\" data-elementor-id=\"14263\" class=\"elementor elementor-14263 elementor-13197\">\n\t\t\t\t<div class=\"elementor-element elementor-element-35888bf e-flex e-con-boxed e-con e-parent\" data-id=\"35888bf\" data-element_type=\"container\" data-e-type=\"container\">\n\t\t\t\t\t<div class=\"e-con-inner\">\n\t\t\t\t<div class=\"elementor-element elementor-element-c5c6ab2 elementor-widget elementor-widget-text-editor\" data-id=\"c5c6ab2\" data-element_type=\"widget\" data-e-type=\"widget\" data-widget_type=\"text-editor.default\">\n\t\t\t\t<div class=\"elementor-widget-container\">\n\t\t\t\t\t\t\t\t\t<h4>Inhaberschaft der Website<\/h4><p><br>In \u00dcbereinstimmung mit Artikel 10 des Gesetzes 34\/2002 \u00fcber die Dienste der Informationsgesellschaft und den elektronischen Handel (LSSI-CE) wird Folgendes mitgeteilt:<\/p><h4>Inhaber<\/h4><p>SISMA SERVICIOS INTEGRALES SANITARIOS M\u00c1LAGA SCA<\/p><h4>CIF<\/h4><p>F93699957<\/p><h4>Domizil<\/h4><p>Calle Alcalde Guillermo Rein 131, Pol\u00edgono El Viso, 29006, M\u00e1laga<\/p><h4>E-Mail<\/h4><p>admin@servicios-sisma.es<\/p><h4>Telefon<\/h4><p>+34 620 293 829<\/p><h4>Rechtsform<\/h4><p>Andalusische Genossenschaft<\/p><h4>T\u00e4tigkeit<\/h4><p>Medizinische Dienstleistungen und Krankenwagen 24h<\/p><h4>Nutzung der Website<\/h4><p><br>Der Zugriff auf diese Website setzt die Eigenschaft als Nutzer voraus, der sich verpflichtet, die Website, ihre Inhalte und Dienstleistungen angemessen, rechtm\u00e4\u00dfig und verantwortungsvoll zu nutzen.<\/p><h4>Geistiges Eigentum<\/h4><p><br>Alle Inhalte der Website (Texte, Bilder, Logos, Design, Struktur usw.) sind Eigentum des Inhabers oder Dritter und sind durch die Bestimmungen des geistigen Eigentums gesch\u00fctzt. Ihre Vervielf\u00e4ltigung ist ohne ausdr\u00fcckliche Genehmigung nicht gestattet.<\/p><h4>Haftung<\/h4><p><br>SISMA \u00fcbernimmt keine Verantwortung f\u00fcr den Missbrauch der Website, Unterbrechungen des Dienstes oder f\u00fcr externe Links, die sie nicht direkt kontrolliert.<\/p><h4>Gerichtsstand und anwendbares Recht<\/h4><p><br>F\u00fcr alle Streitigkeiten gilt spanisches Recht, wobei die Gerichte von M\u00e1laga zust\u00e4ndig sind.<\/p>\t\t\t\t\t\t\t\t<\/div>\n\t\t\t\t<\/div>\n\t\t\t\t\t<\/div>\n\t\t\t\t<\/div>\n\t\t\t\t<\/div>\n\t\t","protected":false},"excerpt":{"rendered":"<p>Inhaberschaft der Website In \u00dcbereinstimmung mit Artikel 10 des Gesetzes 34\/2002 \u00fcber die Dienste der Informationsgesellschaft und den elektronischen Handel (LSSI-CE) wird Folgendes mitgeteilt: Inhaber SISMA SERVICIOS INTEGRALES SANITARIOS M\u00c1LAGA SCA CIF F93699957 Domizil Calle Alcalde Guillermo Rein 131, Pol\u00edgono El Viso, 29006, M\u00e1laga E-Mail admin@servicios-sisma.es Telefon +34 620 293 829 Rechtsform Andalusische Genossenschaft T\u00e4tigkeit&#8230;<\/p>\n","protected":false},"author":2,"featured_media":0,"parent":0,"menu_order":0,"comment_status":"closed","ping_status":"closed","template":"","meta":{"_monsterinsights_skip_tracking":false,"_monsterinsights_sitenote_active":false,"_monsterinsights_sitenote_note":"","_monsterinsights_sitenote_category":0,"_tbt_post_transparent":"","_tbt_post_title":"","_tbt_post_layout":"","_tbt_post_sidebar_id":"","_tbt_post_content_style":"","_tbt_post_vertical_padding":"","_tbt_post_feature":"","_tbt_post_feature_position":"","_tbt_post_header":false,"_tbt_post_footer":false},"class_list":["post-14263","page","type-page","status-publish","hentry"],"aioseo_notices":[],"_links":{"self":[{"href":"https:\/\/servicios-sisma.com\/de\/wp-json\/wp\/v2\/pages\/14263","targetHints":{"allow":["GET"]}}],"collection":[{"href":"https:\/\/servicios-sisma.com\/de\/wp-json\/wp\/v2\/pages"}],"about":[{"href":"https:\/\/servicios-sisma.com\/de\/wp-json\/wp\/v2\/types\/page"}],"author":[{"embeddable":true,"href":"https:\/\/servicios-sisma.com\/de\/wp-json\/wp\/v2\/users\/2"}],"replies":[{"embeddable":true,"href":"https:\/\/servicios-sisma.com\/de\/wp-json\/wp\/v2\/comments?post=14263"}],"version-history":[{"count":1,"href":"https:\/\/servicios-sisma.com\/de\/wp-json\/wp\/v2\/pages\/14263\/revisions"}],"predecessor-version":[{"id":14265,"href":"https:\/\/servicios-sisma.com\/de\/wp-json\/wp\/v2\/pages\/14263\/revisions\/14265"}],"wp:attachment":[{"href":"https:\/\/servicios-sisma.com\/de\/wp-json\/wp\/v2\/media?parent=14263"}],"curies":[{"name":"wp","href":"https:\/\/api.w.org\/{rel}","templated":true}]}}