{"id":14267,"date":"2025-07-31T18:14:02","date_gmt":"2025-07-31T16:14:02","guid":{"rendered":"https:\/\/servicios-sisma.com\/datenschutzbestimmungen\/"},"modified":"2025-08-01T20:22:36","modified_gmt":"2025-08-01T18:22:36","slug":"datenschutzbestimmungen","status":"publish","type":"page","link":"https:\/\/servicios-sisma.com\/de\/datenschutzbestimmungen\/","title":{"rendered":"Datenschutzbestimmungen"},"content":{"rendered":"\t\t<div data-elementor-type=\"wp-page\" data-elementor-id=\"14267\" class=\"elementor elementor-14267 elementor-13196\">\n\t\t\t\t<div class=\"elementor-element elementor-element-4e904db e-flex e-con-boxed e-con e-parent\" data-id=\"4e904db\" data-element_type=\"container\" data-e-type=\"container\">\n\t\t\t\t\t<div class=\"e-con-inner\">\n\t\t\t\t<div class=\"elementor-element elementor-element-c84ef81 elementor-widget elementor-widget-text-editor\" data-id=\"c84ef81\" data-element_type=\"widget\" data-e-type=\"widget\" data-widget_type=\"text-editor.default\">\n\t\t\t\t<div class=\"elementor-widget-container\">\n\t\t\t\t\t\t\t\t\t<p data-start=\"1690\" data-end=\"1860\"><b><span data-start=\"1690\" data-end=\"1722\">Verantwortlicher f\u00fcr die Datenverarbeitung:<\/span><br data-start=\"1722\" data-end=\"1725\"><\/b>SISMA SERVICIOS INTEGRALES SANITARIOS M\u00c1LAGA SCA<br data-start=\"1773\" data-end=\"1776\">CIF: F93699957<br data-start=\"1790\" data-end=\"1793\"><a class=\"cursor-pointer\" rel=\"noopener\" data-start=\"1793\" data-end=\"1817\">admin@servicios-sisma.es<\/a><br data-start=\"1817\" data-end=\"1820\">Calle Alcalde Guillermo Rein 131, M\u00e1laga<\/p>\n<p data-start=\"1862\" data-end=\"1942\"><strong data-start=\"1862\" data-end=\"1892\">Zweck der Verarbeitung:<\/strong><br data-start=\"1892\" data-end=\"1895\">Wir erheben und verarbeiten Ihre personenbezogenen Daten f\u00fcr:<\/p>\n<ul data-start=\"1944\" data-end=\"2157\">\n<li data-start=\"1944\" data-end=\"1995\">\n<p data-start=\"1946\" data-end=\"1995\">Verwaltung von Kontaktanfragen oder Arztterminen<\/p>\n<\/li>\n<li data-start=\"1996\" data-end=\"2049\">\n<p data-start=\"1998\" data-end=\"2049\">Bereitstellung von Informationen \u00fcber unsere Dienstleistungen<\/p>\n<\/li>\n<li data-start=\"2050\" data-end=\"2107\">\n<p data-start=\"2052\" data-end=\"2107\">Versenden von administrativen oder organisatorischen Mitteilungen<\/p>\n<\/li>\n<li data-start=\"2108\" data-end=\"2157\">\n<p data-start=\"2110\" data-end=\"2157\">Statistische Auswertungen mit Google Analytics<\/p>\n<\/li>\n<\/ul>\n<p data-start=\"2159\" data-end=\"2248\"><strong data-start=\"2159\" data-end=\"2174\">Rechtsgrundlage:<\/strong><br data-start=\"2174\" data-end=\"2177\">Ausdr\u00fcckliche Einwilligung des Nutzers und Ausf\u00fchrung der angeforderten Dienstleistung.<\/p>\n<p data-start=\"2250\" data-end=\"2415\"><strong data-start=\"2250\" data-end=\"2276\">Datenspeicherung:<\/strong><br data-start=\"2276\" data-end=\"2279\">Die Daten werden so lange aufbewahrt, wie die Gesch\u00e4ftsbeziehung besteht oder w\u00e4hrend der Jahre, die zur Erf\u00fcllung der gesetzlichen Verpflichtungen erforderlich sind.<\/p>\n<p data-start=\"2417\" data-end=\"2549\"><strong data-start=\"2417\" data-end=\"2435\">Empf\u00e4nger:<\/strong><br data-start=\"2435\" data-end=\"2438\">Es werden keine Daten an Dritte weitergegeben, au\u00dfer bei gesetzlicher Verpflichtung oder mit Versicherungsgesellschaften mit Zustimmung des Patienten.<\/p>\n<p data-start=\"2551\" data-end=\"2782\"><strong data-start=\"2551\" data-end=\"2564\">Rechte:<\/strong><br data-start=\"2564\" data-end=\"2567\">Sie k\u00f6nnen Ihre Rechte auf Zugang, Berichtigung, L\u00f6schung, Widerspruch, Einschr\u00e4nkung und Daten\u00fcbertragbarkeit aus\u00fcben, indem Sie an <a class=\"cursor-pointer\" rel=\"noopener\" data-start=\"2683\" data-end=\"2707\">admin@servicios-sisma.es<\/a> schreiben. Sie k\u00f6nnen sich auch an die AEPD wenden: <a class=\"cursor-pointer\" target=\"_new\" rel=\"noopener\" data-start=\"2747\" data-end=\"2782\">www.aepd.es<\/a> <\/p>\n<p data-start=\"2784\" data-end=\"2926\"><strong data-start=\"2784\" data-end=\"2809\">Sicherheitsma\u00dfnahmen:<\/strong><br data-start=\"2809\" data-end=\"2812\">Wir wenden geeignete technische und organisatorische Ma\u00dfnahmen an, um die Vertraulichkeit und Integrit\u00e4t der Daten zu sch\u00fctzen.<\/p>\t\t\t\t\t\t\t\t<\/div>\n\t\t\t\t<\/div>\n\t\t\t\t\t<\/div>\n\t\t\t\t<\/div>\n\t\t\t\t<\/div>\n\t\t","protected":false},"excerpt":{"rendered":"<p>Verantwortlicher f\u00fcr die Datenverarbeitung:SISMA SERVICIOS INTEGRALES SANITARIOS M\u00c1LAGA SCACIF: F93699957admin@servicios-sisma.esCalle Alcalde Guillermo Rein 131, M\u00e1laga Zweck der Verarbeitung:Wir erheben und verarbeiten Ihre personenbezogenen Daten f\u00fcr: Verwaltung von Kontaktanfragen oder Arztterminen Bereitstellung von Informationen \u00fcber unsere Dienstleistungen Versenden von administrativen oder organisatorischen Mitteilungen Statistische Auswertungen mit Google Analytics Rechtsgrundlage:Ausdr\u00fcckliche Einwilligung des Nutzers und Ausf\u00fchrung der angeforderten&#8230;<\/p>\n","protected":false},"author":2,"featured_media":0,"parent":0,"menu_order":0,"comment_status":"closed","ping_status":"closed","template":"","meta":{"_monsterinsights_skip_tracking":false,"_monsterinsights_sitenote_active":false,"_monsterinsights_sitenote_note":"","_monsterinsights_sitenote_category":0,"_tbt_post_transparent":"","_tbt_post_title":"","_tbt_post_layout":"","_tbt_post_sidebar_id":"","_tbt_post_content_style":"","_tbt_post_vertical_padding":"","_tbt_post_feature":"","_tbt_post_feature_position":"","_tbt_post_header":false,"_tbt_post_footer":false},"class_list":["post-14267","page","type-page","status-publish","hentry"],"aioseo_notices":[],"_links":{"self":[{"href":"https:\/\/servicios-sisma.com\/de\/wp-json\/wp\/v2\/pages\/14267","targetHints":{"allow":["GET"]}}],"collection":[{"href":"https:\/\/servicios-sisma.com\/de\/wp-json\/wp\/v2\/pages"}],"about":[{"href":"https:\/\/servicios-sisma.com\/de\/wp-json\/wp\/v2\/types\/page"}],"author":[{"embeddable":true,"href":"https:\/\/servicios-sisma.com\/de\/wp-json\/wp\/v2\/users\/2"}],"replies":[{"embeddable":true,"href":"https:\/\/servicios-sisma.com\/de\/wp-json\/wp\/v2\/comments?post=14267"}],"version-history":[{"count":1,"href":"https:\/\/servicios-sisma.com\/de\/wp-json\/wp\/v2\/pages\/14267\/revisions"}],"predecessor-version":[{"id":14268,"href":"https:\/\/servicios-sisma.com\/de\/wp-json\/wp\/v2\/pages\/14267\/revisions\/14268"}],"wp:attachment":[{"href":"https:\/\/servicios-sisma.com\/de\/wp-json\/wp\/v2\/media?parent=14267"}],"curies":[{"name":"wp","href":"https:\/\/api.w.org\/{rel}","templated":true}]}}