{"id":14359,"date":"2025-07-30T17:27:39","date_gmt":"2025-07-30T15:27:39","guid":{"rendered":"https:\/\/servicios-sisma.com\/notfaelle-24h\/"},"modified":"2025-08-01T20:25:27","modified_gmt":"2025-08-01T18:25:27","slug":"notfaelle-24h","status":"publish","type":"page","link":"https:\/\/servicios-sisma.com\/de\/ambulanzdienste\/notfaelle-24h\/","title":{"rendered":"Notf\u00e4lle 24H"},"content":{"rendered":"\t\t<div data-elementor-type=\"wp-page\" data-elementor-id=\"14359\" class=\"elementor elementor-14359 elementor-12983\">\n\t\t\t\t<div class=\"elementor-element elementor-element-5274c4cb e-flex e-con-boxed e-con e-parent\" data-id=\"5274c4cb\" data-element_type=\"container\" data-e-type=\"container\" data-settings=\"{&quot;background_background&quot;:&quot;classic&quot;}\">\n\t\t\t\t\t<div class=\"e-con-inner\">\n\t\t\t\t<div class=\"elementor-element elementor-element-13631ff9 elementor-widget elementor-widget-heading\" data-id=\"13631ff9\" data-element_type=\"widget\" data-e-type=\"widget\" data-widget_type=\"heading.default\">\n\t\t\t\t<div class=\"elementor-widget-container\">\n\t\t\t\t\t<h1 class=\"elementor-heading-title elementor-size-default\">24-Stunden-Ambulanz \u2013 Sofortige medizinische Notfallversorgung<\/h1>\t\t\t\t<\/div>\n\t\t\t\t<\/div>\n\t\t\t\t<div class=\"elementor-element elementor-element-471fc4f elementor-align-center elementor-widget elementor-widget-button\" data-id=\"471fc4f\" data-element_type=\"widget\" data-e-type=\"widget\" data-widget_type=\"button.default\">\n\t\t\t\t<div class=\"elementor-widget-container\">\n\t\t\t\t\t\t\t\t\t<div class=\"elementor-button-wrapper\">\n\t\t\t\t\t<a class=\"elementor-button elementor-button-link elementor-size-sm\" href=\"tel:+34624628600\">\n\t\t\t\t\t\t<span class=\"elementor-button-content-wrapper\">\n\t\t\t\t\t\t\t\t\t<span class=\"elementor-button-text\">Dringend einen Krankenwagen anfordern<\/span>\n\t\t\t\t\t<\/span>\n\t\t\t\t\t<\/a>\n\t\t\t\t<\/div>\n\t\t\t\t\t\t\t\t<\/div>\n\t\t\t\t<\/div>\n\t\t\t\t\t<\/div>\n\t\t\t\t<\/div>\n\t\t<div class=\"elementor-element elementor-element-175d23e1 e-flex e-con-boxed e-con e-parent\" data-id=\"175d23e1\" data-element_type=\"container\" data-e-type=\"container\">\n\t\t\t\t\t<div class=\"e-con-inner\">\n\t\t\t\t<div class=\"elementor-element elementor-element-cb50af0 elementor-widget elementor-widget-heading\" data-id=\"cb50af0\" data-element_type=\"widget\" data-e-type=\"widget\" data-widget_type=\"heading.default\">\n\t\t\t\t<div class=\"elementor-widget-container\">\n\t\t\t\t\t<h2 class=\"elementor-heading-title elementor-size-default\">Medizinische Dienstleistungen rund um die Uhr f\u00fcr Einwohner und Touristen<\/h2>\t\t\t\t<\/div>\n\t\t\t\t<\/div>\n\t\t\t\t<div class=\"elementor-element elementor-element-f114aa7 elementor-widget elementor-widget-text-editor\" data-id=\"f114aa7\" data-element_type=\"widget\" data-e-type=\"widget\" data-widget_type=\"text-editor.default\">\n\t\t\t\t<div class=\"elementor-widget-container\">\n\t\t\t\t\t\t\t\t\t<p data-pm-slice=\"1 1 []\">Bei <a href=\"https:\/\/servicios-sisma.com\/de\/\"><strong>SISMA<\/strong><\/a> bieten wir medizinische Versorgung f\u00fcr <strong>Notf\u00e4lle<\/strong> rund um die Uhr, <strong>an jedem Tag des Jahres<\/strong>. Wir sind bei Notf\u00e4llen im Einsatz, die einen betreuten Transport erfordern. Wir reagieren schnell und sicher. Wir betreuen Sie zu Hause, in touristischen Unterk\u00fcnften, auf \u00f6ffentlichen Stra\u00dfen oder in medizinischen Zentren.   <\/p><h4><strong>Zugang ohne vorherige Terminvereinbarung<\/strong><\/h4><ul><li><strong>Sie k\u00f6nnen uns<\/strong> direkt anrufen und unser Personal wird sich sofort um Sie k\u00fcmmern.<\/li><\/ul><h4><strong>\u00c4rztliche Haus- oder Hotelbesuche<\/strong><\/h4><ul><li><strong>Unsere \u00c4rzte kommen direkt zu Ihnen<\/strong>, wodurch unn\u00f6tige Transfers vermieden und eine <strong>komfortable und effiziente Versorgung<\/strong> gew\u00e4hrleistet wird.<\/li><\/ul><h4><strong>Ambulanzen 24h<\/strong><\/h4><ul><li>Wir verf\u00fcgen \u00fcber mit grundlegender und erweiterter Lebenserhaltung (BLS\/ALS) ausgestattete <strong>Notfalleinheiten<\/strong> sowie \u00fcber <strong>spezialisiertes Personal<\/strong> f\u00fcr die Durchf\u00fchrung von Transporten.<\/li><\/ul>\t\t\t\t\t\t\t\t<\/div>\n\t\t\t\t<\/div>\n\t\t\t\t<div class=\"elementor-element elementor-element-a3d303d elementor-align-center elementor-widget elementor-widget-button\" data-id=\"a3d303d\" data-element_type=\"widget\" data-e-type=\"widget\" data-widget_type=\"button.default\">\n\t\t\t\t<div class=\"elementor-widget-container\">\n\t\t\t\t\t\t\t\t\t<div class=\"elementor-button-wrapper\">\n\t\t\t\t\t<a class=\"elementor-button elementor-button-link elementor-size-sm\" href=\"tel:+34624628600\">\n\t\t\t\t\t\t<span class=\"elementor-button-content-wrapper\">\n\t\t\t\t\t\t\t\t\t<span class=\"elementor-button-text\">Dringend einen Krankenwagen anfordern<\/span>\n\t\t\t\t\t<\/span>\n\t\t\t\t\t<\/a>\n\t\t\t\t<\/div>\n\t\t\t\t\t\t\t\t<\/div>\n\t\t\t\t<\/div>\n\t\t\t\t<div class=\"elementor-element elementor-element-7f9e7f5b elementor-widget elementor-widget-heading\" data-id=\"7f9e7f5b\" data-element_type=\"widget\" data-e-type=\"widget\" data-widget_type=\"heading.default\">\n\t\t\t\t<div class=\"elementor-widget-container\">\n\t\t\t\t\t<h2 class=\"elementor-heading-title elementor-size-default\">Medizinischer Notdienst zu Hause in Fuengirola, Torremolinos und Umgebung<\/h2>\t\t\t\t<\/div>\n\t\t\t\t<\/div>\n\t\t\t\t<div class=\"elementor-element elementor-element-61fd2452 elementor-widget elementor-widget-text-editor\" data-id=\"61fd2452\" data-element_type=\"widget\" data-e-type=\"widget\" data-widget_type=\"text-editor.default\">\n\t\t\t\t<div class=\"elementor-widget-container\">\n\t\t\t\t\t\t\t\t\t<p data-start=\"943\" data-end=\"978\">Wir bieten Notdienste an in:<\/p><ul data-start=\"980\" data-end=\"1245\"><li data-start=\"980\" data-end=\"1066\"><p data-start=\"982\" data-end=\"1066\">Fuengirola, Torremolinos, Benalm\u00e1dena, Marbella, Estepona, Mijas\u2026<\/p><\/li><li data-start=\"1067\" data-end=\"1162\"><p data-start=\"1069\" data-end=\"1162\">Nerja, Torrox, V\u00e9lez-M\u00e1laga, Motril, Rinc\u00f3n de la Victoria\u2026<\/p><\/li><li data-start=\"1163\" data-end=\"1245\"><p data-start=\"1165\" data-end=\"1245\">Benidorm, Calpe, Altea, La Nuc\u00eda, Villajoyosa, Alfaz del Pi&#8230;<\/p><\/li><\/ul><p>Sie brauchen uns nur anzurufen. Wir koordinieren den Besuch je nach Dringlichkeit und n\u00e4chstgelegener Verf\u00fcgbarkeit. <\/p><h4><strong>Reaktionszeit<\/strong><\/h4><ul><li>In den meisten F\u00e4llen sind wir in weniger als 30 Minuten vor Ort.<\/li><\/ul>\t\t\t\t\t\t\t\t<\/div>\n\t\t\t\t<\/div>\n\t\t\t\t<div class=\"elementor-element elementor-element-2fede203 elementor-widget elementor-widget-heading\" data-id=\"2fede203\" data-element_type=\"widget\" data-e-type=\"widget\" data-widget_type=\"heading.default\">\n\t\t\t\t<div class=\"elementor-widget-container\">\n\t\t\t\t\t<h2 class=\"elementor-heading-title elementor-size-default\">Wir bieten Notfallversorgung f\u00fcr Patienten mit internationalen Krankenversicherungen.<\/h2>\t\t\t\t<\/div>\n\t\t\t\t<\/div>\n\t\t\t\t<div class=\"elementor-element elementor-element-46a515b1 elementor-widget elementor-widget-text-editor\" data-id=\"46a515b1\" data-element_type=\"widget\" data-e-type=\"widget\" data-widget_type=\"text-editor.default\">\n\t\t\t\t<div class=\"elementor-widget-container\">\n\t\t\t\t\t\t\t\t\t<p>Wir arbeiten mit den wichtigsten <strong>internationalen Reise- und Krankenversicherungen<\/strong> zusammen.<\/p><ul><li>Wir akzeptieren die meisten europ\u00e4ischen und nordamerikanischen Versicherungen. <strong>Wir pr\u00fcfen Ihre Deckung sofort<\/strong>.<\/li><li>Sie ben\u00f6tigen nur Ihren Reisepass und Ihre Policennummer. Wir k\u00fcmmern uns um den Rest. <\/li><li>Mit Ihrer Versicherung vermeiden Sie hohe Zahlungen, erhalten eine schnelle Versorgung und k\u00f6nnen Ihre Reise unbesorgt genie\u00dfen.<\/li><\/ul>\t\t\t\t\t\t\t\t<\/div>\n\t\t\t\t<\/div>\n\t\t\t\t<div class=\"elementor-element elementor-element-78fda672 elementor-widget elementor-widget-heading\" data-id=\"78fda672\" data-element_type=\"widget\" data-e-type=\"widget\" data-widget_type=\"heading.default\">\n\t\t\t\t<div class=\"elementor-widget-container\">\n\t\t\t\t\t<h2 class=\"elementor-heading-title elementor-size-default\">Medizinische Versorgung f\u00fcr Touristen an der Costa del Sol<\/h2>\t\t\t\t<\/div>\n\t\t\t\t<\/div>\n\t\t\t\t<div class=\"elementor-element elementor-element-3869d12b elementor-widget elementor-widget-text-editor\" data-id=\"3869d12b\" data-element_type=\"widget\" data-e-type=\"widget\" data-widget_type=\"text-editor.default\">\n\t\t\t\t<div class=\"elementor-widget-container\">\n\t\t\t\t\t\t\t\t\t<p data-pm-slice=\"1 1 []\">Wir wissen, wie wichtig es ist, sich auf Reisen sicher zu f\u00fchlen. Deshalb bieten wir einen auf internationale Besucher zugeschnittenen Service. <\/p><ul><li>Unser Personal spricht Englisch, Deutsch, Franz\u00f6sisch und weitere Sprachen, um eine klare Kommunikation zu gew\u00e4hrleisten.<\/li><li>Wir arbeiten mit internationalen Kliniken, Krankenh\u00e4usern und Versicherungen zusammen, die in Europa und Amerika anerkannt sind.<\/li><\/ul>\t\t\t\t\t\t\t\t<\/div>\n\t\t\t\t<\/div>\n\t\t\t\t<div class=\"elementor-element elementor-element-963d1ff elementor-widget elementor-widget-heading\" data-id=\"963d1ff\" data-element_type=\"widget\" data-e-type=\"widget\" data-widget_type=\"heading.default\">\n\t\t\t\t<div class=\"elementor-widget-container\">\n\t\t\t\t\t<h2 class=\"elementor-heading-title elementor-size-default\">Warum uns f\u00fcr medizinische Notf\u00e4lle rund um die Uhr w\u00e4hlen?<\/h2>\t\t\t\t<\/div>\n\t\t\t\t<\/div>\n\t\t\t\t<div class=\"elementor-element elementor-element-5ae7bf7 elementor-widget elementor-widget-text-editor\" data-id=\"5ae7bf7\" data-element_type=\"widget\" data-e-type=\"widget\" data-widget_type=\"text-editor.default\">\n\t\t\t\t<div class=\"elementor-widget-container\">\n\t\t\t\t\t\t\t\t\t<ul><li data-pm-slice=\"1 1 []\">Erfahrene Fachkr\u00e4fte, die eine <strong>freundliche und menschliche Behandlung<\/strong> bieten.<\/li><li data-pm-slice=\"1 1 []\">Schnelle Abdeckung in <strong>Fuengirola, Torremolinos, Torrox, Benidorm<\/strong> und Umgebung.<\/li><li data-pm-slice=\"1 1 []\">Positive Meinungen von <strong>zufriedenen Touristen und Einwohnern<\/strong>, die uns st\u00e4ndig weiterempfehlen.<\/li><\/ul>\t\t\t\t\t\t\t\t<\/div>\n\t\t\t\t<\/div>\n\t\t\t\t\t<\/div>\n\t\t\t\t<\/div>\n\t\t<div class=\"elementor-element elementor-element-2d88310a e-flex e-con-boxed e-con e-parent\" data-id=\"2d88310a\" data-element_type=\"container\" data-e-type=\"container\" data-settings=\"{&quot;background_background&quot;:&quot;classic&quot;}\">\n\t\t\t\t\t<div class=\"e-con-inner\">\n\t\t\t\t<div class=\"elementor-element elementor-element-58bd6f8c elementor-widget elementor-widget-heading\" data-id=\"58bd6f8c\" data-element_type=\"widget\" data-e-type=\"widget\" data-widget_type=\"heading.default\">\n\t\t\t\t<div class=\"elementor-widget-container\">\n\t\t\t\t\t<h2 class=\"elementor-heading-title elementor-size-default\">Rufen Sie uns an und fordern Sie Ihren dringenden Krankenwagen an.<\/h2>\t\t\t\t<\/div>\n\t\t\t\t<\/div>\n\t\t\t\t<div class=\"elementor-element elementor-element-bc7a2ee elementor-widget elementor-widget-heading\" data-id=\"bc7a2ee\" data-element_type=\"widget\" data-e-type=\"widget\" data-widget_type=\"heading.default\">\n\t\t\t\t<div class=\"elementor-widget-container\">\n\t\t\t\t\t<h2 class=\"elementor-heading-title elementor-size-default\">Sie k\u00f6nnen uns auch direkt per WhatsApp kontaktieren, um sofortige Hilfe zu erhalten.<\/h2>\t\t\t\t<\/div>\n\t\t\t\t<\/div>\n\t\t\t\t\t<\/div>\n\t\t\t\t<\/div>\n\t\t\t\t<\/div>\n\t\t","protected":false},"excerpt":{"rendered":"<p>24-Stunden-Ambulanz \u2013 Sofortige medizinische Notfallversorgung Dringend einen Krankenwagen anfordern Medizinische Dienstleistungen rund um die Uhr f\u00fcr Einwohner und Touristen Bei SISMA bieten wir medizinische Versorgung f\u00fcr Notf\u00e4lle rund um die Uhr, an jedem Tag des Jahres. Wir sind bei Notf\u00e4llen im Einsatz, die einen betreuten Transport erfordern. Wir reagieren schnell und sicher. Wir betreuen Sie&#8230;<\/p>\n","protected":false},"author":2,"featured_media":0,"parent":14365,"menu_order":0,"comment_status":"closed","ping_status":"closed","template":"","meta":{"_monsterinsights_skip_tracking":false,"_monsterinsights_sitenote_active":false,"_monsterinsights_sitenote_note":"","_monsterinsights_sitenote_category":0,"_tbt_post_transparent":"","_tbt_post_title":"","_tbt_post_layout":"","_tbt_post_sidebar_id":"","_tbt_post_content_style":"","_tbt_post_vertical_padding":"","_tbt_post_feature":"","_tbt_post_feature_position":"","_tbt_post_header":false,"_tbt_post_footer":false},"class_list":["post-14359","page","type-page","status-publish","hentry"],"aioseo_notices":[],"_links":{"self":[{"href":"https:\/\/servicios-sisma.com\/de\/wp-json\/wp\/v2\/pages\/14359","targetHints":{"allow":["GET"]}}],"collection":[{"href":"https:\/\/servicios-sisma.com\/de\/wp-json\/wp\/v2\/pages"}],"about":[{"href":"https:\/\/servicios-sisma.com\/de\/wp-json\/wp\/v2\/types\/page"}],"author":[{"embeddable":true,"href":"https:\/\/servicios-sisma.com\/de\/wp-json\/wp\/v2\/users\/2"}],"replies":[{"embeddable":true,"href":"https:\/\/servicios-sisma.com\/de\/wp-json\/wp\/v2\/comments?post=14359"}],"version-history":[{"count":1,"href":"https:\/\/servicios-sisma.com\/de\/wp-json\/wp\/v2\/pages\/14359\/revisions"}],"predecessor-version":[{"id":14360,"href":"https:\/\/servicios-sisma.com\/de\/wp-json\/wp\/v2\/pages\/14359\/revisions\/14360"}],"up":[{"embeddable":true,"href":"https:\/\/servicios-sisma.com\/de\/wp-json\/wp\/v2\/pages\/14365"}],"wp:attachment":[{"href":"https:\/\/servicios-sisma.com\/de\/wp-json\/wp\/v2\/media?parent=14359"}],"curies":[{"name":"wp","href":"https:\/\/api.w.org\/{rel}","templated":true}]}}