{"id":14365,"date":"2025-07-30T17:05:29","date_gmt":"2025-07-30T15:05:29","guid":{"rendered":"https:\/\/servicios-sisma.com\/ambulanzdienste\/"},"modified":"2025-08-01T20:25:30","modified_gmt":"2025-08-01T18:25:30","slug":"ambulanzdienste","status":"publish","type":"page","link":"https:\/\/servicios-sisma.com\/de\/ambulanzdienste\/","title":{"rendered":"Ambulanzdienste"},"content":{"rendered":"\t\t<div data-elementor-type=\"wp-page\" data-elementor-id=\"14365\" class=\"elementor elementor-14365 elementor-12967\">\n\t\t\t\t<div class=\"elementor-element elementor-element-54e6c022 e-flex e-con-boxed e-con e-parent\" data-id=\"54e6c022\" data-element_type=\"container\" data-e-type=\"container\" data-settings=\"{&quot;background_background&quot;:&quot;classic&quot;}\">\n\t\t\t\t\t<div class=\"e-con-inner\">\n\t\t\t\t<div class=\"elementor-element elementor-element-1e9121c3 elementor-widget elementor-widget-heading\" data-id=\"1e9121c3\" data-element_type=\"widget\" data-e-type=\"widget\" data-widget_type=\"heading.default\">\n\t\t\t\t<div class=\"elementor-widget-container\">\n\t\t\t\t\t<h1 class=\"elementor-heading-title elementor-size-default\">24-Stunden-Ambulanz an der Costa del Sol und in Benidorm Notf\u00e4lle, Veranstaltungen und medizinische Transporte<\/h1>\t\t\t\t<\/div>\n\t\t\t\t<\/div>\n\t\t\t\t\t<\/div>\n\t\t\t\t<\/div>\n\t\t<div class=\"elementor-element elementor-element-a35071e e-flex e-con-boxed e-con e-parent\" data-id=\"a35071e\" data-element_type=\"container\" data-e-type=\"container\">\n\t\t\t\t\t<div class=\"e-con-inner\">\n\t\t\t\t<div class=\"elementor-element elementor-element-8d2f0ab elementor-widget elementor-widget-heading\" data-id=\"8d2f0ab\" data-element_type=\"widget\" data-e-type=\"widget\" data-widget_type=\"heading.default\">\n\t\t\t\t<div class=\"elementor-widget-container\">\n\t\t\t\t\t<h2 class=\"elementor-heading-title elementor-size-default\">24-Stunden-Ambulanzdienst an der Costa del Sol und in Benidorm<\/h2>\t\t\t\t<\/div>\n\t\t\t\t<\/div>\n\t\t\t\t<div class=\"elementor-element elementor-element-81a7eaa elementor-widget elementor-widget-text-editor\" data-id=\"81a7eaa\" data-element_type=\"widget\" data-e-type=\"widget\" data-widget_type=\"text-editor.default\">\n\t\t\t\t<div class=\"elementor-widget-container\">\n\t\t\t\t\t\t\t\t\t<p data-start=\"325\" data-end=\"762\">Bei <strong data-start=\"328\" data-end=\"347\"><a href=\"https:\/\/servicios-sisma.com\/de\/\">SISMA<\/a><\/strong> verf\u00fcgen wir \u00fcber einen <strong data-start=\"376\" data-end=\"399\">24-Stunden-Ambulanzdienst<\/strong>, der in der gesamten <strong data-start=\"421\" data-end=\"453\">Costa del Sol und Costa Blanca<\/strong> t\u00e4tig ist und <strong>Transfers<\/strong>, <strong>Veranstaltungen<\/strong> und medizinische <strong>Notf\u00e4lle<\/strong> abdeckt. Unsere Fahrzeuge sind komplett ausgestattet und wir verf\u00fcgen \u00fcber qualifiziertes <strong>Sanit\u00e4tspersonal<\/strong>, um jederzeit eine sofortige, sichere und professionelle Versorgung zu gew\u00e4hrleisten. Wir arbeiten mit <strong>Privatpatienten<\/strong>, <strong>Versicherungsgesellschaften<\/strong> und <strong>Veranstaltern<\/strong> zusammen.  <\/p><p data-start=\"764\" data-end=\"826\">Im Folgenden stellen wir Ihnen unsere wichtigsten Dienstleistungen vor:<\/p>\t\t\t\t\t\t\t\t<\/div>\n\t\t\t\t<\/div>\n\t\t\t\t\t<\/div>\n\t\t\t\t<\/div>\n\t\t<div class=\"elementor-element elementor-element-a3b676e e-flex e-con-boxed e-con e-parent\" data-id=\"a3b676e\" data-element_type=\"container\" data-e-type=\"container\">\n\t\t\t\t\t<div class=\"e-con-inner\">\n\t\t<a class=\"elementor-element elementor-element-3c9f6dce e-con-full e-transform e-flex e-con e-child\" data-id=\"3c9f6dce\" data-element_type=\"container\" data-e-type=\"container\" data-settings=\"{&quot;background_background&quot;:&quot;classic&quot;,&quot;_transform_scale_effect_hover&quot;:{&quot;unit&quot;:&quot;px&quot;,&quot;size&quot;:0.9,&quot;sizes&quot;:[]},&quot;_transform_scale_effect_hover_tablet&quot;:{&quot;unit&quot;:&quot;px&quot;,&quot;size&quot;:&quot;&quot;,&quot;sizes&quot;:[]},&quot;_transform_scale_effect_hover_mobile&quot;:{&quot;unit&quot;:&quot;px&quot;,&quot;size&quot;:&quot;&quot;,&quot;sizes&quot;:[]}}\" href=\"https:\/\/servicios-sisma.com\/ambulancia\/urgencias-24h\/\">\n\t\t\t\t<div class=\"elementor-element elementor-element-4f8848a5 elementor-widget elementor-widget-heading\" data-id=\"4f8848a5\" data-element_type=\"widget\" data-e-type=\"widget\" data-widget_type=\"heading.default\">\n\t\t\t\t<div class=\"elementor-widget-container\">\n\t\t\t\t\t<h2 class=\"elementor-heading-title elementor-size-default\"><u>NOTF\u00c4LLE 24H<\/u><\/h2>\t\t\t\t<\/div>\n\t\t\t\t<\/div>\n\t\t\t\t<div class=\"elementor-element elementor-element-211d9eb6 elementor-widget elementor-widget-text-editor\" data-id=\"211d9eb6\" data-element_type=\"widget\" data-e-type=\"widget\" data-widget_type=\"text-editor.default\">\n\t\t\t\t<div class=\"elementor-widget-container\">\n\t\t\t\t\t\t\t\t\t<p>Sofortige Reaktion auf medizinische Notf\u00e4lle. H\u00e4usliche Betreuung, in Hotels oder auf \u00f6ffentlichen Stra\u00dfen, mit Transfers zu Krankenh\u00e4usern, falls erforderlich. <\/p>\t\t\t\t\t\t\t\t<\/div>\n\t\t\t\t<\/div>\n\t\t\t\t<div class=\"elementor-element elementor-element-8eef44f elementor-widget elementor-widget-image\" data-id=\"8eef44f\" data-element_type=\"widget\" data-e-type=\"widget\" data-widget_type=\"image.default\">\n\t\t\t\t<div class=\"elementor-widget-container\">\n\t\t\t\t\t\t\t\t\t\t\t\t\t\t\t<img decoding=\"async\" src=\"https:\/\/servicios-sisma.com\/wp-content\/uploads\/elementor\/thumbs\/istockphoto-1200712144-612x612-1-r9ktkh26h5in1bk0enc63ky4n5tin95a7iuu4bolk2.jpg\" title=\"istockphoto-1200712144-612&#215;612\" alt=\"medic stethoscope concept logotype template design. Business logo icon shape. medic stethoscope simple logo illustration\" loading=\"lazy\" \/>\t\t\t\t\t\t\t\t\t\t\t\t\t\t\t<\/div>\n\t\t\t\t<\/div>\n\t\t\t\t<\/a>\n\t\t<a class=\"elementor-element elementor-element-260aa40 e-con-full e-transform e-flex e-con e-child\" data-id=\"260aa40\" data-element_type=\"container\" data-e-type=\"container\" data-settings=\"{&quot;background_background&quot;:&quot;classic&quot;,&quot;_transform_scale_effect_hover&quot;:{&quot;unit&quot;:&quot;px&quot;,&quot;size&quot;:0.9,&quot;sizes&quot;:[]},&quot;_transform_scale_effect_hover_tablet&quot;:{&quot;unit&quot;:&quot;px&quot;,&quot;size&quot;:&quot;&quot;,&quot;sizes&quot;:[]},&quot;_transform_scale_effect_hover_mobile&quot;:{&quot;unit&quot;:&quot;px&quot;,&quot;size&quot;:&quot;&quot;,&quot;sizes&quot;:[]}}\" href=\"https:\/\/servicios-sisma.com\/ambulancia-24-horas\/traslados-en-ambulancia\/\">\n\t\t\t\t<div class=\"elementor-element elementor-element-0d69158 elementor-widget elementor-widget-heading\" data-id=\"0d69158\" data-element_type=\"widget\" data-e-type=\"widget\" data-widget_type=\"heading.default\">\n\t\t\t\t<div class=\"elementor-widget-container\">\n\t\t\t\t\t<h2 class=\"elementor-heading-title elementor-size-default\"><u>GEPLANTE TRANSPORTE<\/u><\/h2>\t\t\t\t<\/div>\n\t\t\t\t<\/div>\n\t\t\t\t<div class=\"elementor-element elementor-element-23c3121 elementor-widget elementor-widget-text-editor\" data-id=\"23c3121\" data-element_type=\"widget\" data-e-type=\"widget\" data-widget_type=\"text-editor.default\">\n\t\t\t\t<div class=\"elementor-widget-container\">\n\t\t\t\t\t\t\t\t\t<p>Nicht dringender Krankentransport f\u00fcr Patienten mit eingeschr\u00e4nkter Mobilit\u00e4t, medizinische Entlassungen, Krankenhausbesuche oder interprovinzielle Transporte.<\/p>\t\t\t\t\t\t\t\t<\/div>\n\t\t\t\t<\/div>\n\t\t\t\t<div class=\"elementor-element elementor-element-e4f3959 elementor-widget elementor-widget-image\" data-id=\"e4f3959\" data-element_type=\"widget\" data-e-type=\"widget\" data-widget_type=\"image.default\">\n\t\t\t\t<div class=\"elementor-widget-container\">\n\t\t\t\t\t\t\t\t\t\t\t\t\t\t\t<img decoding=\"async\" src=\"https:\/\/servicios-sisma.com\/wp-content\/uploads\/elementor\/thumbs\/medical-ambulance-silhouette-logo-free-vector-r9ktg35akzigutxe0r2ugosouffuq3qdlt99hu6qle.jpg\" title=\"medical-ambulance-silhouette-logo-free-vector\" alt=\"medical-ambulance-silhouette-logo-free-vector\" loading=\"lazy\" \/>\t\t\t\t\t\t\t\t\t\t\t\t\t\t\t<\/div>\n\t\t\t\t<\/div>\n\t\t\t\t<\/a>\n\t\t<a class=\"elementor-element elementor-element-f4f47e9 e-con-full e-transform e-flex e-con e-child\" data-id=\"f4f47e9\" data-element_type=\"container\" data-e-type=\"container\" data-settings=\"{&quot;background_background&quot;:&quot;classic&quot;,&quot;_transform_scale_effect_hover&quot;:{&quot;unit&quot;:&quot;px&quot;,&quot;size&quot;:0.9,&quot;sizes&quot;:[]},&quot;_transform_scale_effect_hover_tablet&quot;:{&quot;unit&quot;:&quot;px&quot;,&quot;size&quot;:&quot;&quot;,&quot;sizes&quot;:[]},&quot;_transform_scale_effect_hover_mobile&quot;:{&quot;unit&quot;:&quot;px&quot;,&quot;size&quot;:&quot;&quot;,&quot;sizes&quot;:[]}}\" href=\"https:\/\/servicios-sisma.com\/ambulancia\/eventos\/\">\n\t\t\t\t<div class=\"elementor-element elementor-element-60a251cd elementor-widget elementor-widget-heading\" data-id=\"60a251cd\" data-element_type=\"widget\" data-e-type=\"widget\" data-widget_type=\"heading.default\">\n\t\t\t\t<div class=\"elementor-widget-container\">\n\t\t\t\t\t<h2 class=\"elementor-heading-title elementor-size-default\"><u>VERANSTALTUNGEN<\/u><\/h2>\t\t\t\t<\/div>\n\t\t\t\t<\/div>\n\t\t\t\t<div class=\"elementor-element elementor-element-3369a43c elementor-widget elementor-widget-text-editor\" data-id=\"3369a43c\" data-element_type=\"widget\" data-e-type=\"widget\" data-widget_type=\"text-editor.default\">\n\t\t\t\t<div class=\"elementor-widget-container\">\n\t\t\t\t\t\t\t\t\t<p>Sanit\u00e4tsdienst f\u00fcr Konzerte, Festivals, Sportveranstaltungen und \u00f6ffentliche Veranstaltungen. Medizinische \u00dcberwachung und Ambulanz in Bereitschaft w\u00e4hrend der gesamten Veranstaltung. <\/p>\t\t\t\t\t\t\t\t<\/div>\n\t\t\t\t<\/div>\n\t\t\t\t<div class=\"elementor-element elementor-element-68e121a elementor-widget elementor-widget-image\" data-id=\"68e121a\" data-element_type=\"widget\" data-e-type=\"widget\" data-widget_type=\"image.default\">\n\t\t\t\t<div class=\"elementor-widget-container\">\n\t\t\t\t\t\t\t\t\t\t\t\t\t\t\t<img decoding=\"async\" width=\"150\" height=\"150\" src=\"https:\/\/servicios-sisma.com\/wp-content\/uploads\/2025\/07\/simple-red-medical-cross-icon-600nw-1543393193-150x150.webp\" class=\"attachment-thumbnail size-thumbnail wp-image-14162\" alt=\"\" srcset=\"https:\/\/servicios-sisma.com\/wp-content\/uploads\/2025\/07\/simple-red-medical-cross-icon-600nw-1543393193-150x150.webp 150w, https:\/\/servicios-sisma.com\/wp-content\/uploads\/2025\/07\/simple-red-medical-cross-icon-600nw-1543393193-300x300.webp 300w, https:\/\/servicios-sisma.com\/wp-content\/uploads\/2025\/07\/simple-red-medical-cross-icon-600nw-1543393193.webp 600w\" sizes=\"(max-width: 150px) 100vw, 150px\" \/>\t\t\t\t\t\t\t\t\t\t\t\t\t\t\t<\/div>\n\t\t\t\t<\/div>\n\t\t\t\t<\/a>\n\t\t\t\t\t<\/div>\n\t\t\t\t<\/div>\n\t\t<div class=\"elementor-element elementor-element-37f7739 e-flex e-con-boxed e-con e-parent\" data-id=\"37f7739\" data-element_type=\"container\" data-e-type=\"container\">\n\t\t\t\t\t<div class=\"e-con-inner\">\n\t\t\t\t<div class=\"elementor-element elementor-element-4adf647 elementor-widget elementor-widget-heading\" data-id=\"4adf647\" data-element_type=\"widget\" data-e-type=\"widget\" data-widget_type=\"heading.default\">\n\t\t\t\t<div class=\"elementor-widget-container\">\n\t\t\t\t\t<h2 class=\"elementor-heading-title elementor-size-default\">24-Stunden-Ambulanztransporte mit spezialisierter medizinischer Betreuung\n<\/h2>\t\t\t\t<\/div>\n\t\t\t\t<\/div>\n\t\t\t\t<div class=\"elementor-element elementor-element-4ed65e3 elementor-widget elementor-widget-text-editor\" data-id=\"4ed65e3\" data-element_type=\"widget\" data-e-type=\"widget\" data-widget_type=\"text-editor.default\">\n\t\t\t\t<div class=\"elementor-widget-container\">\n\t\t\t\t\t\t\t\t\t<p>Unser <strong data-start=\"742\" data-end=\"765\">24-Stunden-Ambulanzdienst<\/strong> umfasst <strong>interhospitaltransporte, Transporte nach Hause<\/strong> und Transporte f\u00fcr Patienten mit besonderen Bed\u00fcrfnissen. Wir verf\u00fcgen \u00fcber Fahrzeuge mit fortschrittlicher Technologie und ein hochqualifiziertes Gesundheitsteam, das das Wohlbefinden des Patienten w\u00e4hrend der gesamten Fahrt gew\u00e4hrleistet. <\/p>\t\t\t\t\t\t\t\t<\/div>\n\t\t\t\t<\/div>\n\t\t\t\t<div class=\"elementor-element elementor-element-a0f0105 elementor-widget elementor-widget-heading\" data-id=\"a0f0105\" data-element_type=\"widget\" data-e-type=\"widget\" data-widget_type=\"heading.default\">\n\t\t\t\t<div class=\"elementor-widget-container\">\n\t\t\t\t\t<h3 class=\"elementor-heading-title elementor-size-default\">24-Stunden-Ambulanz f\u00fcr Veranstaltungen und Notf\u00e4lle\n<\/h3>\t\t\t\t<\/div>\n\t\t\t\t<\/div>\n\t\t\t\t<div class=\"elementor-element elementor-element-a872b9c elementor-widget elementor-widget-text-editor\" data-id=\"a872b9c\" data-element_type=\"widget\" data-e-type=\"widget\" data-widget_type=\"text-editor.default\">\n\t\t\t\t<div class=\"elementor-widget-container\">\n\t\t\t\t\t\t\t\t\t<p>Zus\u00e4tzlich zu den Transporten stellen wir <strong>24-Stunden-Ambulanzen<\/strong> f\u00fcr Sport-, Kultur- oder Privatveranstaltungen zur Verf\u00fcgung, um eine <strong>sofortige medizinische Versorgung und Notfallversorgung<\/strong> zu gew\u00e4hrleisten. Wir sind bereit, auf alle Eventualit\u00e4ten <strong>24 Stunden<\/strong> am Tag, 7 Tage die Woche zu reagieren. <\/p>\t\t\t\t\t\t\t\t<\/div>\n\t\t\t\t<\/div>\n\t\t\t\t\t<\/div>\n\t\t\t\t<\/div>\n\t\t\t\t<\/div>\n\t\t","protected":false},"excerpt":{"rendered":"<p>24-Stunden-Ambulanz an der Costa del Sol und in Benidorm Notf\u00e4lle, Veranstaltungen und medizinische Transporte 24-Stunden-Ambulanzdienst an der Costa del Sol und in Benidorm Bei SISMA verf\u00fcgen wir \u00fcber einen 24-Stunden-Ambulanzdienst, der in der gesamten Costa del Sol und Costa Blanca t\u00e4tig ist und Transfers, Veranstaltungen und medizinische Notf\u00e4lle abdeckt. Unsere Fahrzeuge sind komplett ausgestattet und&#8230;<\/p>\n","protected":false},"author":2,"featured_media":0,"parent":0,"menu_order":0,"comment_status":"closed","ping_status":"closed","template":"","meta":{"_monsterinsights_skip_tracking":false,"_monsterinsights_sitenote_active":false,"_monsterinsights_sitenote_note":"","_monsterinsights_sitenote_category":0,"_tbt_post_transparent":"","_tbt_post_title":"","_tbt_post_layout":"","_tbt_post_sidebar_id":"","_tbt_post_content_style":"","_tbt_post_vertical_padding":"","_tbt_post_feature":"","_tbt_post_feature_position":"","_tbt_post_header":false,"_tbt_post_footer":false},"class_list":["post-14365","page","type-page","status-publish","hentry"],"aioseo_notices":[],"_links":{"self":[{"href":"https:\/\/servicios-sisma.com\/de\/wp-json\/wp\/v2\/pages\/14365","targetHints":{"allow":["GET"]}}],"collection":[{"href":"https:\/\/servicios-sisma.com\/de\/wp-json\/wp\/v2\/pages"}],"about":[{"href":"https:\/\/servicios-sisma.com\/de\/wp-json\/wp\/v2\/types\/page"}],"author":[{"embeddable":true,"href":"https:\/\/servicios-sisma.com\/de\/wp-json\/wp\/v2\/users\/2"}],"replies":[{"embeddable":true,"href":"https:\/\/servicios-sisma.com\/de\/wp-json\/wp\/v2\/comments?post=14365"}],"version-history":[{"count":1,"href":"https:\/\/servicios-sisma.com\/de\/wp-json\/wp\/v2\/pages\/14365\/revisions"}],"predecessor-version":[{"id":14366,"href":"https:\/\/servicios-sisma.com\/de\/wp-json\/wp\/v2\/pages\/14365\/revisions\/14366"}],"wp:attachment":[{"href":"https:\/\/servicios-sisma.com\/de\/wp-json\/wp\/v2\/media?parent=14365"}],"curies":[{"name":"wp","href":"https:\/\/api.w.org\/{rel}","templated":true}]}}