{"id":14377,"date":"2025-07-30T14:02:17","date_gmt":"2025-07-30T12:02:17","guid":{"rendered":"https:\/\/servicios-sisma.com\/medizinische-zentren\/"},"modified":"2026-02-02T19:26:19","modified_gmt":"2026-02-02T18:26:19","slug":"medizinische-zentren","status":"publish","type":"page","link":"https:\/\/servicios-sisma.com\/de\/medizinische-zentren\/","title":{"rendered":"Medizinische Zentren"},"content":{"rendered":"\t\t<div data-elementor-type=\"wp-page\" data-elementor-id=\"14377\" class=\"elementor elementor-14377 elementor-12898\">\n\t\t\t\t<div class=\"elementor-element elementor-element-04bc326 e-flex e-con-boxed e-con e-parent\" data-id=\"04bc326\" data-element_type=\"container\" data-e-type=\"container\" data-settings=\"{&quot;background_background&quot;:&quot;classic&quot;}\">\n\t\t\t\t\t<div class=\"e-con-inner\">\n\t\t\t\t<div class=\"elementor-element elementor-element-07c36bb elementor-widget elementor-widget-heading\" data-id=\"07c36bb\" data-element_type=\"widget\" data-e-type=\"widget\" data-widget_type=\"heading.default\">\n\t\t\t\t<div class=\"elementor-widget-container\">\n\t\t\t\t\t<h1 class=\"elementor-heading-title elementor-size-default\">MEDIZINISCHE ZENTREN<\/h1>\t\t\t\t<\/div>\n\t\t\t\t<\/div>\n\t\t\t\t\t<\/div>\n\t\t\t\t<\/div>\n\t\t<div class=\"elementor-element elementor-element-48e3a88 e-flex e-con-boxed e-con e-parent\" data-id=\"48e3a88\" data-element_type=\"container\" data-e-type=\"container\">\n\t\t\t\t\t<div class=\"e-con-inner\">\n\t\t\t\t<div class=\"elementor-element elementor-element-514c67d elementor-widget elementor-widget-text-editor\" data-id=\"514c67d\" data-element_type=\"widget\" data-e-type=\"widget\" data-widget_type=\"text-editor.default\">\n\t\t\t\t<div class=\"elementor-widget-container\">\n\t\t\t\t\t\t\t\t\t<p>Bei <strong data-start=\"269\" data-end=\"288\"><a href=\"https:\/\/servicios-sisma.com\/de\/\">SISMA<\/a><\/strong> stellen wir Ihnen ein Netzwerk von <strong>medizinischen Zentren<\/strong> an wichtigen Punkten der <strong data-start=\"363\" data-end=\"380\">Costa del Sol<\/strong> und der <strong data-start=\"386\" data-end=\"402\">Costa Blanca<\/strong> zur Verf\u00fcgung, die darauf ausgerichtet sind, sowohl Einwohnern als auch <strong>Touristen<\/strong> mit <strong>internationalen Versicherungen<\/strong> eine <strong>sofortige Gesundheitsversorgung<\/strong> zu bieten. Unsere <b>medizinischen Zentren<\/b> kombinieren Technologie, medizinische Erfahrung und pers\u00f6nliche <strong>Betreuung<\/strong> rund um die <strong>Uhr<\/strong> mit <strong>\u00e4rztlichen Hausbesuchen und direkter Betreuung in Kliniken, Hotels oder Apartments<\/strong>.<\/p><p data-start=\"709\" data-end=\"792\">Nachfolgend finden Sie unsere verf\u00fcgbaren Kliniken und k\u00f6nnen Ihren Termin einfach buchen:<\/p>\t\t\t\t\t\t\t\t<\/div>\n\t\t\t\t<\/div>\n\t\t\t\t\t<\/div>\n\t\t\t\t<\/div>\n\t\t<div class=\"elementor-element elementor-element-70a1466 e-flex e-con-boxed e-con e-parent\" data-id=\"70a1466\" data-element_type=\"container\" data-e-type=\"container\">\n\t\t\t\t\t<div class=\"e-con-inner\">\n\t\t<a class=\"elementor-element elementor-element-ca20a16 e-con-full e-transform e-flex e-con e-child\" data-id=\"ca20a16\" data-element_type=\"container\" data-e-type=\"container\" data-settings=\"{&quot;background_background&quot;:&quot;classic&quot;,&quot;_transform_scale_effect_hover&quot;:{&quot;unit&quot;:&quot;px&quot;,&quot;size&quot;:0.9,&quot;sizes&quot;:[]},&quot;_transform_scale_effect_hover_tablet&quot;:{&quot;unit&quot;:&quot;px&quot;,&quot;size&quot;:&quot;&quot;,&quot;sizes&quot;:[]},&quot;_transform_scale_effect_hover_mobile&quot;:{&quot;unit&quot;:&quot;px&quot;,&quot;size&quot;:&quot;&quot;,&quot;sizes&quot;:[]}}\" href=\"https:\/\/servicios-sisma.com\/de\/medizinische-zentren\/fuengirola\/\">\n\t\t\t\t<div class=\"elementor-element elementor-element-2031314 elementor-widget elementor-widget-heading\" data-id=\"2031314\" data-element_type=\"widget\" data-e-type=\"widget\" data-widget_type=\"heading.default\">\n\t\t\t\t<div class=\"elementor-widget-container\">\n\t\t\t\t\t<h2 class=\"elementor-heading-title elementor-size-default\">FUENGIROLA<\/h2>\t\t\t\t<\/div>\n\t\t\t\t<\/div>\n\t\t\t\t<div class=\"elementor-element elementor-element-eec12da elementor-widget elementor-widget-text-editor\" data-id=\"eec12da\" data-element_type=\"widget\" data-e-type=\"widget\" data-widget_type=\"text-editor.default\">\n\t\t\t\t<div class=\"elementor-widget-container\">\n\t\t\t\t\t\t\t\t\t<p>Sofortige medizinische Versorgung mit Deckung f\u00fcr Einwohner und Touristen. 24-Stunden-Arzt, Hausbesuche und Unterst\u00fctzung bei internationalen Versicherungen. <\/p>\t\t\t\t\t\t\t\t<\/div>\n\t\t\t\t<\/div>\n\t\t\t\t<\/a>\n\t\t<a class=\"elementor-element elementor-element-b042a28 e-con-full e-transform e-flex e-con e-child\" data-id=\"b042a28\" data-element_type=\"container\" data-e-type=\"container\" data-settings=\"{&quot;background_background&quot;:&quot;classic&quot;,&quot;_transform_scale_effect_hover&quot;:{&quot;unit&quot;:&quot;px&quot;,&quot;size&quot;:0.9,&quot;sizes&quot;:[]},&quot;_transform_scale_effect_hover_tablet&quot;:{&quot;unit&quot;:&quot;px&quot;,&quot;size&quot;:&quot;&quot;,&quot;sizes&quot;:[]},&quot;_transform_scale_effect_hover_mobile&quot;:{&quot;unit&quot;:&quot;px&quot;,&quot;size&quot;:&quot;&quot;,&quot;sizes&quot;:[]}}\" href=\"https:\/\/servicios-sisma.com\/centros-medicos\/almunecar\/\">\n\t\t\t\t<div class=\"elementor-element elementor-element-73c5e0e elementor-widget elementor-widget-heading\" data-id=\"73c5e0e\" data-element_type=\"widget\" data-e-type=\"widget\" data-widget_type=\"heading.default\">\n\t\t\t\t<div class=\"elementor-widget-container\">\n\t\t\t\t\t<h2 class=\"elementor-heading-title elementor-size-default\">ALMU\u00d1\u00c9CAR<\/h2>\t\t\t\t<\/div>\n\t\t\t\t<\/div>\n\t\t\t\t<div class=\"elementor-element elementor-element-3c414ce elementor-widget elementor-widget-text-editor\" data-id=\"3c414ce\" data-element_type=\"widget\" data-e-type=\"widget\" data-widget_type=\"text-editor.default\">\n\t\t\t\t<div class=\"elementor-widget-container\">\n\t\t\t\t\t\t\t\t\t<p>Sofortige medizinische Versorgung in Almu\u00f1\u00e9car und an der Costa Tropical. 24-Stunden-Arzt, Notf\u00e4lle, Hausbesuche und Betreuung von Einwohnern und Touristen mit internationalen Versicherungen. <\/p>\t\t\t\t\t\t\t\t<\/div>\n\t\t\t\t<\/div>\n\t\t\t\t<\/a>\n\t\t<a class=\"elementor-element elementor-element-c81e2b3 e-con-full e-transform e-flex e-con e-child\" data-id=\"c81e2b3\" data-element_type=\"container\" data-e-type=\"container\" data-settings=\"{&quot;background_background&quot;:&quot;classic&quot;,&quot;_transform_scale_effect_hover&quot;:{&quot;unit&quot;:&quot;px&quot;,&quot;size&quot;:0.9,&quot;sizes&quot;:[]},&quot;_transform_scale_effect_hover_tablet&quot;:{&quot;unit&quot;:&quot;px&quot;,&quot;size&quot;:&quot;&quot;,&quot;sizes&quot;:[]},&quot;_transform_scale_effect_hover_mobile&quot;:{&quot;unit&quot;:&quot;px&quot;,&quot;size&quot;:&quot;&quot;,&quot;sizes&quot;:[]}}\" href=\"https:\/\/servicios-sisma.com\/de\/medizinische-zentren\/benidorm\/\">\n\t\t\t\t<div class=\"elementor-element elementor-element-2337d82 elementor-widget elementor-widget-heading\" data-id=\"2337d82\" data-element_type=\"widget\" data-e-type=\"widget\" data-widget_type=\"heading.default\">\n\t\t\t\t<div class=\"elementor-widget-container\">\n\t\t\t\t\t<h2 class=\"elementor-heading-title elementor-size-default\">BENIDORM<\/h2>\t\t\t\t<\/div>\n\t\t\t\t<\/div>\n\t\t\t\t<div class=\"elementor-element elementor-element-a0c39e7 elementor-widget elementor-widget-text-editor\" data-id=\"a0c39e7\" data-element_type=\"widget\" data-e-type=\"widget\" data-widget_type=\"text-editor.default\">\n\t\t\t\t<div class=\"elementor-widget-container\">\n\t\t\t\t\t\t\t\t\t<p>Auf medizinische Notf\u00e4lle, Allgemeinmedizin und Gesundheitstransporte spezialisiertes Zentrum. Schneller und mehrsprachiger Service f\u00fcr nationale und ausl\u00e4ndische Patienten. <\/p>\t\t\t\t\t\t\t\t<\/div>\n\t\t\t\t<\/div>\n\t\t\t\t<\/a>\n\t\t<a class=\"elementor-element elementor-element-9a6d3e8 e-con-full e-transform e-flex e-con e-child\" data-id=\"9a6d3e8\" data-element_type=\"container\" data-e-type=\"container\" data-settings=\"{&quot;background_background&quot;:&quot;classic&quot;,&quot;_transform_scale_effect_hover&quot;:{&quot;unit&quot;:&quot;px&quot;,&quot;size&quot;:0.9,&quot;sizes&quot;:[]},&quot;_transform_scale_effect_hover_tablet&quot;:{&quot;unit&quot;:&quot;px&quot;,&quot;size&quot;:&quot;&quot;,&quot;sizes&quot;:[]},&quot;_transform_scale_effect_hover_mobile&quot;:{&quot;unit&quot;:&quot;px&quot;,&quot;size&quot;:&quot;&quot;,&quot;sizes&quot;:[]}}\" href=\"https:\/\/servicios-sisma.com\/de\/medizinische-zentren\/torrox\/\">\n\t\t\t\t<div class=\"elementor-element elementor-element-2c281d3 elementor-widget elementor-widget-heading\" data-id=\"2c281d3\" data-element_type=\"widget\" data-e-type=\"widget\" data-widget_type=\"heading.default\">\n\t\t\t\t<div class=\"elementor-widget-container\">\n\t\t\t\t\t<h2 class=\"elementor-heading-title elementor-size-default\">TORROX<\/h2>\t\t\t\t<\/div>\n\t\t\t\t<\/div>\n\t\t\t\t<div class=\"elementor-element elementor-element-b49a168 elementor-widget elementor-widget-text-editor\" data-id=\"b49a168\" data-element_type=\"widget\" data-e-type=\"widget\" data-widget_type=\"text-editor.default\">\n\t\t\t\t<div class=\"elementor-widget-container\">\n\t\t\t\t\t\t\t\t\t<p>24-Stunden-Sprechstunde in Torrox und Umgebung. Pers\u00f6nliche Betreuung, zweisprachige \u00c4rzte und Zusammenarbeit mit f\u00fchrenden internationalen Versicherungsgesellschaften. <\/p>\t\t\t\t\t\t\t\t<\/div>\n\t\t\t\t<\/div>\n\t\t\t\t<\/a>\n\t\t<a class=\"elementor-element elementor-element-5f2b73b e-con-full e-transform e-flex e-con e-child\" data-id=\"5f2b73b\" data-element_type=\"container\" data-e-type=\"container\" data-settings=\"{&quot;background_background&quot;:&quot;classic&quot;,&quot;_transform_scale_effect_hover&quot;:{&quot;unit&quot;:&quot;px&quot;,&quot;size&quot;:0.9,&quot;sizes&quot;:[]},&quot;_transform_scale_effect_hover_tablet&quot;:{&quot;unit&quot;:&quot;px&quot;,&quot;size&quot;:&quot;&quot;,&quot;sizes&quot;:[]},&quot;_transform_scale_effect_hover_mobile&quot;:{&quot;unit&quot;:&quot;px&quot;,&quot;size&quot;:&quot;&quot;,&quot;sizes&quot;:[]}}\" href=\"https:\/\/servicios-sisma.com\/de\/medizinische-zentren\/torremolinos\/\">\n\t\t\t\t<div class=\"elementor-element elementor-element-cf70e7a elementor-widget elementor-widget-heading\" data-id=\"cf70e7a\" data-element_type=\"widget\" data-e-type=\"widget\" data-widget_type=\"heading.default\">\n\t\t\t\t<div class=\"elementor-widget-container\">\n\t\t\t\t\t<h2 class=\"elementor-heading-title elementor-size-default\">TORREMOLINOS<\/h2>\t\t\t\t<\/div>\n\t\t\t\t<\/div>\n\t\t\t\t<div class=\"elementor-element elementor-element-77a677e elementor-widget elementor-widget-text-editor\" data-id=\"77a677e\" data-element_type=\"widget\" data-e-type=\"widget\" data-widget_type=\"text-editor.default\">\n\t\t\t\t<div class=\"elementor-widget-container\">\n\t\t\t\t\t\t\t\t\t<p>Umfassende medizinische Versorgung mit schneller Reaktion in Torremolinos und Umgebung. Pers\u00f6nliche Beratung, zu Hause oder in touristischen Unterk\u00fcnften. <\/p>\t\t\t\t\t\t\t\t<\/div>\n\t\t\t\t<\/div>\n\t\t\t\t<\/a>\n\t\t\t\t\t<\/div>\n\t\t\t\t<\/div>\n\t\t\t\t<\/div>\n\t\t","protected":false},"excerpt":{"rendered":"<p>MEDIZINISCHE ZENTREN Bei SISMA stellen wir Ihnen ein Netzwerk von medizinischen Zentren an wichtigen Punkten der Costa del Sol und der Costa Blanca zur Verf\u00fcgung, die darauf ausgerichtet sind, sowohl Einwohnern als auch Touristen mit internationalen Versicherungen eine sofortige Gesundheitsversorgung zu bieten. Unsere medizinischen Zentren kombinieren Technologie, medizinische Erfahrung und pers\u00f6nliche Betreuung rund um die&#8230;<\/p>\n","protected":false},"author":2,"featured_media":0,"parent":0,"menu_order":0,"comment_status":"closed","ping_status":"closed","template":"","meta":{"_monsterinsights_skip_tracking":false,"_monsterinsights_sitenote_active":false,"_monsterinsights_sitenote_note":"","_monsterinsights_sitenote_category":0,"_tbt_post_transparent":"","_tbt_post_title":"","_tbt_post_layout":"","_tbt_post_sidebar_id":"","_tbt_post_content_style":"","_tbt_post_vertical_padding":"","_tbt_post_feature":"","_tbt_post_feature_position":"","_tbt_post_header":false,"_tbt_post_footer":false},"class_list":["post-14377","page","type-page","status-publish","hentry"],"aioseo_notices":[],"_links":{"self":[{"href":"https:\/\/servicios-sisma.com\/de\/wp-json\/wp\/v2\/pages\/14377","targetHints":{"allow":["GET"]}}],"collection":[{"href":"https:\/\/servicios-sisma.com\/de\/wp-json\/wp\/v2\/pages"}],"about":[{"href":"https:\/\/servicios-sisma.com\/de\/wp-json\/wp\/v2\/types\/page"}],"author":[{"embeddable":true,"href":"https:\/\/servicios-sisma.com\/de\/wp-json\/wp\/v2\/users\/2"}],"replies":[{"embeddable":true,"href":"https:\/\/servicios-sisma.com\/de\/wp-json\/wp\/v2\/comments?post=14377"}],"version-history":[{"count":2,"href":"https:\/\/servicios-sisma.com\/de\/wp-json\/wp\/v2\/pages\/14377\/revisions"}],"predecessor-version":[{"id":14909,"href":"https:\/\/servicios-sisma.com\/de\/wp-json\/wp\/v2\/pages\/14377\/revisions\/14909"}],"wp:attachment":[{"href":"https:\/\/servicios-sisma.com\/de\/wp-json\/wp\/v2\/media?parent=14377"}],"curies":[{"name":"wp","href":"https:\/\/api.w.org\/{rel}","templated":true}]}}