{"id":14264,"date":"2025-07-31T18:20:15","date_gmt":"2025-07-31T16:20:15","guid":{"rendered":"https:\/\/servicios-sisma.com\/legal-notice\/"},"modified":"2025-08-01T20:22:30","modified_gmt":"2025-08-01T18:22:30","slug":"legal-notice","status":"publish","type":"page","link":"https:\/\/servicios-sisma.com\/en\/legal-notice\/","title":{"rendered":"Legal Notice"},"content":{"rendered":"\t\t<div data-elementor-type=\"wp-page\" data-elementor-id=\"14264\" class=\"elementor elementor-14264 elementor-13197\">\n\t\t\t\t<div class=\"elementor-element elementor-element-35888bf e-flex e-con-boxed e-con e-parent\" data-id=\"35888bf\" data-element_type=\"container\" data-e-type=\"container\">\n\t\t\t\t\t<div class=\"e-con-inner\">\n\t\t\t\t<div class=\"elementor-element elementor-element-c5c6ab2 elementor-widget elementor-widget-text-editor\" data-id=\"c5c6ab2\" data-element_type=\"widget\" data-e-type=\"widget\" data-widget_type=\"text-editor.default\">\n\t\t\t\t<div class=\"elementor-widget-container\">\n\t\t\t\t\t\t\t\t\t<h4>Website Ownership<\/h4><p><br>In compliance with Article 10 of Law 34\/2002, on Services of the Information Society and Electronic Commerce (LSSI-CE), the following is reported:<\/p><h4>Owner<\/h4><p>SISMA SERVICIOS INTEGRALES SANITARIOS M\u00c1LAGA SCA<\/p><h4>Tax ID<\/h4><p>F93699957<\/p><h4>Address<\/h4><p>Calle Alcalde Guillermo Rein 131, Pol\u00edgono El Viso, 29006, M\u00e1laga<\/p><h4>Email<\/h4><p>admin@servicios-sisma.es<\/p><h4>Phone<\/h4><p>+34 620 293 829<\/p><h4>Legal Form<\/h4><p>Andalusian Cooperative Society<\/p><h4>Activity<\/h4><p>Medical services and ambulances 24h<\/p><h4>Use of the Website<\/h4><p><br>Access to this website attributes the condition of user, who undertakes to make appropriate, lawful and responsible use of the site, its contents and services.<\/p><h4>Intellectual Property<\/h4><p><br>All the contents of the website (texts, images, logos, design, structure, etc.) are the property of the owner or third parties, and are protected by intellectual property regulations. Reproduction without express authorization is not allowed.<\/p><h4>Responsibility<\/h4><p><br>SISMA is not responsible for the misuse of the website, interruptions of service, or external links that it does not directly control.<\/p><h4>Jurisdiction and Applicable Law<\/h4><p><br>For any dispute, Spanish law will apply, with the Courts of M\u00e1laga being competent.<\/p>\t\t\t\t\t\t\t\t<\/div>\n\t\t\t\t<\/div>\n\t\t\t\t\t<\/div>\n\t\t\t\t<\/div>\n\t\t\t\t<\/div>\n\t\t","protected":false},"excerpt":{"rendered":"<p>Website Ownership In compliance with Article 10 of Law 34\/2002, on Services of the Information Society and Electronic Commerce (LSSI-CE), the following is reported: Owner SISMA SERVICIOS INTEGRALES SANITARIOS M\u00c1LAGA SCA Tax ID F93699957 Address Calle Alcalde Guillermo Rein 131, Pol\u00edgono El Viso, 29006, M\u00e1laga Email admin@servicios-sisma.es Phone +34 620 293 829 Legal Form Andalusian&#8230;<\/p>\n","protected":false},"author":2,"featured_media":0,"parent":0,"menu_order":0,"comment_status":"closed","ping_status":"closed","template":"","meta":{"_monsterinsights_skip_tracking":false,"_monsterinsights_sitenote_active":false,"_monsterinsights_sitenote_note":"","_monsterinsights_sitenote_category":0,"_tbt_post_transparent":"","_tbt_post_title":"","_tbt_post_layout":"","_tbt_post_sidebar_id":"","_tbt_post_content_style":"","_tbt_post_vertical_padding":"","_tbt_post_feature":"","_tbt_post_feature_position":"","_tbt_post_header":false,"_tbt_post_footer":false},"class_list":["post-14264","page","type-page","status-publish","hentry"],"aioseo_notices":[],"_links":{"self":[{"href":"https:\/\/servicios-sisma.com\/en\/wp-json\/wp\/v2\/pages\/14264","targetHints":{"allow":["GET"]}}],"collection":[{"href":"https:\/\/servicios-sisma.com\/en\/wp-json\/wp\/v2\/pages"}],"about":[{"href":"https:\/\/servicios-sisma.com\/en\/wp-json\/wp\/v2\/types\/page"}],"author":[{"embeddable":true,"href":"https:\/\/servicios-sisma.com\/en\/wp-json\/wp\/v2\/users\/2"}],"replies":[{"embeddable":true,"href":"https:\/\/servicios-sisma.com\/en\/wp-json\/wp\/v2\/comments?post=14264"}],"version-history":[{"count":1,"href":"https:\/\/servicios-sisma.com\/en\/wp-json\/wp\/v2\/pages\/14264\/revisions"}],"predecessor-version":[{"id":14266,"href":"https:\/\/servicios-sisma.com\/en\/wp-json\/wp\/v2\/pages\/14264\/revisions\/14266"}],"wp:attachment":[{"href":"https:\/\/servicios-sisma.com\/en\/wp-json\/wp\/v2\/media?parent=14264"}],"curies":[{"name":"wp","href":"https:\/\/api.w.org\/{rel}","templated":true}]}}