{"id":14363,"date":"2025-07-30T17:27:39","date_gmt":"2025-07-30T15:27:39","guid":{"rendered":"https:\/\/servicios-sisma.com\/24-7-emergency-services\/"},"modified":"2025-08-01T20:27:43","modified_gmt":"2025-08-01T18:27:43","slug":"24-7-emergency-services","status":"publish","type":"page","link":"https:\/\/servicios-sisma.com\/en\/ambulance-services\/24-7-emergency-services\/","title":{"rendered":"24\/7 Emergency Services"},"content":{"rendered":"\t\t<div data-elementor-type=\"wp-page\" data-elementor-id=\"14363\" class=\"elementor elementor-14363 elementor-12983\">\n\t\t\t\t<div class=\"elementor-element elementor-element-5274c4cb e-flex e-con-boxed e-con e-parent\" data-id=\"5274c4cb\" data-element_type=\"container\" data-e-type=\"container\" data-settings=\"{&quot;background_background&quot;:&quot;classic&quot;}\">\n\t\t\t\t\t<div class=\"e-con-inner\">\n\t\t\t\t<div class=\"elementor-element elementor-element-13631ff9 elementor-widget elementor-widget-heading\" data-id=\"13631ff9\" data-element_type=\"widget\" data-e-type=\"widget\" data-widget_type=\"heading.default\">\n\t\t\t\t<div class=\"elementor-widget-container\">\n\t\t\t\t\t<h1 class=\"elementor-heading-title elementor-size-default\">24-Hour Ambulance \u2013 Immediate Medical Emergencies<\/h1>\t\t\t\t<\/div>\n\t\t\t\t<\/div>\n\t\t\t\t<div class=\"elementor-element elementor-element-471fc4f elementor-align-center elementor-widget elementor-widget-button\" data-id=\"471fc4f\" data-element_type=\"widget\" data-e-type=\"widget\" data-widget_type=\"button.default\">\n\t\t\t\t<div class=\"elementor-widget-container\">\n\t\t\t\t\t\t\t\t\t<div class=\"elementor-button-wrapper\">\n\t\t\t\t\t<a class=\"elementor-button elementor-button-link elementor-size-sm\" href=\"tel:+34624628600\">\n\t\t\t\t\t\t<span class=\"elementor-button-content-wrapper\">\n\t\t\t\t\t\t\t\t\t<span class=\"elementor-button-text\">Request urgent ambulance<\/span>\n\t\t\t\t\t<\/span>\n\t\t\t\t\t<\/a>\n\t\t\t\t<\/div>\n\t\t\t\t\t\t\t\t<\/div>\n\t\t\t\t<\/div>\n\t\t\t\t\t<\/div>\n\t\t\t\t<\/div>\n\t\t<div class=\"elementor-element elementor-element-175d23e1 e-flex e-con-boxed e-con e-parent\" data-id=\"175d23e1\" data-element_type=\"container\" data-e-type=\"container\">\n\t\t\t\t\t<div class=\"e-con-inner\">\n\t\t\t\t<div class=\"elementor-element elementor-element-cb50af0 elementor-widget elementor-widget-heading\" data-id=\"cb50af0\" data-element_type=\"widget\" data-e-type=\"widget\" data-widget_type=\"heading.default\">\n\t\t\t\t<div class=\"elementor-widget-container\">\n\t\t\t\t\t<h2 class=\"elementor-heading-title elementor-size-default\">24\/7 medical services for residents and tourists<\/h2>\t\t\t\t<\/div>\n\t\t\t\t<\/div>\n\t\t\t\t<div class=\"elementor-element elementor-element-f114aa7 elementor-widget elementor-widget-text-editor\" data-id=\"f114aa7\" data-element_type=\"widget\" data-e-type=\"widget\" data-widget_type=\"text-editor.default\">\n\t\t\t\t<div class=\"elementor-widget-container\">\n\t\t\t\t\t\t\t\t\t<p data-pm-slice=\"1 1 []\">At <a href=\"https:\/\/servicios-sisma.com\/en\/\"><strong>SISMA<\/strong><\/a>, we offer medical care for <strong>emergencies<\/strong> 24 hours a day, <strong>every day of the year<\/strong>. We operate in emergencies that require assisted transfers. We respond quickly and safely. We provide care in homes, tourist accommodations, public roads, or medical centers.   <\/p><h4><strong>Access without Appointment<\/strong><\/h4><ul><li><strong>You can call us<\/strong> directly and our staff will assist you immediately.<\/li><\/ul><h4><strong>Medical Visits to your Home or Hotel<\/strong><\/h4><ul><li><strong>Our doctors travel directly to you<\/strong>, avoiding unnecessary transfers and ensuring <strong>comfortable and effective care<\/strong>.<\/li><\/ul><h4><strong>24h Ambulances<\/strong><\/h4><ul><li>We have <strong>emergency<\/strong> units equipped with basic and advanced life support (BLS\/ALS), as well as <strong>specialized personnel<\/strong> to perform transfers.<\/li><\/ul>\t\t\t\t\t\t\t\t<\/div>\n\t\t\t\t<\/div>\n\t\t\t\t<div class=\"elementor-element elementor-element-a3d303d elementor-align-center elementor-widget elementor-widget-button\" data-id=\"a3d303d\" data-element_type=\"widget\" data-e-type=\"widget\" data-widget_type=\"button.default\">\n\t\t\t\t<div class=\"elementor-widget-container\">\n\t\t\t\t\t\t\t\t\t<div class=\"elementor-button-wrapper\">\n\t\t\t\t\t<a class=\"elementor-button elementor-button-link elementor-size-sm\" href=\"tel:+34624628600\">\n\t\t\t\t\t\t<span class=\"elementor-button-content-wrapper\">\n\t\t\t\t\t\t\t\t\t<span class=\"elementor-button-text\">Request urgent ambulance<\/span>\n\t\t\t\t\t<\/span>\n\t\t\t\t\t<\/a>\n\t\t\t\t<\/div>\n\t\t\t\t\t\t\t\t<\/div>\n\t\t\t\t<\/div>\n\t\t\t\t<div class=\"elementor-element elementor-element-7f9e7f5b elementor-widget elementor-widget-heading\" data-id=\"7f9e7f5b\" data-element_type=\"widget\" data-e-type=\"widget\" data-widget_type=\"heading.default\">\n\t\t\t\t<div class=\"elementor-widget-container\">\n\t\t\t\t\t<h2 class=\"elementor-heading-title elementor-size-default\">Home medical emergency service in Fuengirola, Torremolinos and nearby areas<\/h2>\t\t\t\t<\/div>\n\t\t\t\t<\/div>\n\t\t\t\t<div class=\"elementor-element elementor-element-61fd2452 elementor-widget elementor-widget-text-editor\" data-id=\"61fd2452\" data-element_type=\"widget\" data-e-type=\"widget\" data-widget_type=\"text-editor.default\">\n\t\t\t\t<div class=\"elementor-widget-container\">\n\t\t\t\t\t\t\t\t\t<p data-start=\"943\" data-end=\"978\">We offer emergency service in:<\/p><ul data-start=\"980\" data-end=\"1245\"><li data-start=\"980\" data-end=\"1066\"><p data-start=\"982\" data-end=\"1066\">Fuengirola, Torremolinos, Benalm\u00e1dena, Marbella, Estepona, Mijas\u2026<\/p><\/li><li data-start=\"1067\" data-end=\"1162\"><p data-start=\"1069\" data-end=\"1162\">Nerja, Torrox, V\u00e9lez-M\u00e1laga, Motril, Rinc\u00f3n de la Victoria\u2026<\/p><\/li><li data-start=\"1163\" data-end=\"1245\"><p data-start=\"1165\" data-end=\"1245\">Benidorm, Calpe, Altea, La Nuc\u00eda, Villajoyosa, Alfaz del Pi&#8230;<\/p><\/li><\/ul><p>You just need to call us. We will coordinate the visit according to the urgency and nearest availability. <\/p><h4><strong>Response Time<\/strong><\/h4><ul><li>In most cases, we attend in less than 30 minutes.<\/li><\/ul>\t\t\t\t\t\t\t\t<\/div>\n\t\t\t\t<\/div>\n\t\t\t\t<div class=\"elementor-element elementor-element-2fede203 elementor-widget elementor-widget-heading\" data-id=\"2fede203\" data-element_type=\"widget\" data-e-type=\"widget\" data-widget_type=\"heading.default\">\n\t\t\t\t<div class=\"elementor-widget-container\">\n\t\t\t\t\t<h2 class=\"elementor-heading-title elementor-size-default\">We offer emergency care for patients with international health insurance.<\/h2>\t\t\t\t<\/div>\n\t\t\t\t<\/div>\n\t\t\t\t<div class=\"elementor-element elementor-element-46a515b1 elementor-widget elementor-widget-text-editor\" data-id=\"46a515b1\" data-element_type=\"widget\" data-e-type=\"widget\" data-widget_type=\"text-editor.default\">\n\t\t\t\t<div class=\"elementor-widget-container\">\n\t\t\t\t\t\t\t\t\t<p>We work with the main <strong>international travel and health insurers<\/strong>.<\/p><ul><li>We accept most European and North American insurance plans. <strong>We verify your coverage instantly<\/strong>.<\/li><li>You only need your passport and policy number. We take care of the rest. <\/li><li>With your insurance, you avoid high payments, receive prompt attention, and can enjoy your trip with peace of mind.<\/li><\/ul>\t\t\t\t\t\t\t\t<\/div>\n\t\t\t\t<\/div>\n\t\t\t\t<div class=\"elementor-element elementor-element-78fda672 elementor-widget elementor-widget-heading\" data-id=\"78fda672\" data-element_type=\"widget\" data-e-type=\"widget\" data-widget_type=\"heading.default\">\n\t\t\t\t<div class=\"elementor-widget-container\">\n\t\t\t\t\t<h2 class=\"elementor-heading-title elementor-size-default\">Medical care for tourists on the Costa del Sol<\/h2>\t\t\t\t<\/div>\n\t\t\t\t<\/div>\n\t\t\t\t<div class=\"elementor-element elementor-element-3869d12b elementor-widget elementor-widget-text-editor\" data-id=\"3869d12b\" data-element_type=\"widget\" data-e-type=\"widget\" data-widget_type=\"text-editor.default\">\n\t\t\t\t<div class=\"elementor-widget-container\">\n\t\t\t\t\t\t\t\t\t<p data-pm-slice=\"1 1 []\">We know how important it is to feel safe when traveling. That&#8217;s why we offer a service tailored to international visitors. <\/p><ul><li>Our staff speaks English, German, French and more languages, ensuring clear communication.<\/li><li>We collaborate with international clinics, hospitals and insurers recognized in Europe and America.<\/li><\/ul>\t\t\t\t\t\t\t\t<\/div>\n\t\t\t\t<\/div>\n\t\t\t\t<div class=\"elementor-element elementor-element-963d1ff elementor-widget elementor-widget-heading\" data-id=\"963d1ff\" data-element_type=\"widget\" data-e-type=\"widget\" data-widget_type=\"heading.default\">\n\t\t\t\t<div class=\"elementor-widget-container\">\n\t\t\t\t\t<h2 class=\"elementor-heading-title elementor-size-default\">Why choose us for 24\/7 medical emergencies?<\/h2>\t\t\t\t<\/div>\n\t\t\t\t<\/div>\n\t\t\t\t<div class=\"elementor-element elementor-element-5ae7bf7 elementor-widget elementor-widget-text-editor\" data-id=\"5ae7bf7\" data-element_type=\"widget\" data-e-type=\"widget\" data-widget_type=\"text-editor.default\">\n\t\t\t\t<div class=\"elementor-widget-container\">\n\t\t\t\t\t\t\t\t\t<ul><li data-pm-slice=\"1 1 []\">Experienced professionals offering <strong>close and humane treatment<\/strong>.<\/li><li data-pm-slice=\"1 1 []\">Agile coverage in <strong>Fuengirola, Torremolinos, Torrox, Benidorm<\/strong> and surroundings.<\/li><li data-pm-slice=\"1 1 []\">Positive reviews from <strong>satisfied tourists and residents<\/strong> who constantly recommend us.<\/li><\/ul>\t\t\t\t\t\t\t\t<\/div>\n\t\t\t\t<\/div>\n\t\t\t\t\t<\/div>\n\t\t\t\t<\/div>\n\t\t<div class=\"elementor-element elementor-element-2d88310a e-flex e-con-boxed e-con e-parent\" data-id=\"2d88310a\" data-element_type=\"container\" data-e-type=\"container\" data-settings=\"{&quot;background_background&quot;:&quot;classic&quot;}\">\n\t\t\t\t\t<div class=\"e-con-inner\">\n\t\t\t\t<div class=\"elementor-element elementor-element-58bd6f8c elementor-widget elementor-widget-heading\" data-id=\"58bd6f8c\" data-element_type=\"widget\" data-e-type=\"widget\" data-widget_type=\"heading.default\">\n\t\t\t\t<div class=\"elementor-widget-container\">\n\t\t\t\t\t<h2 class=\"elementor-heading-title elementor-size-default\">Call us and request your Urgent ambulance.<\/h2>\t\t\t\t<\/div>\n\t\t\t\t<\/div>\n\t\t\t\t<div class=\"elementor-element elementor-element-bc7a2ee elementor-widget elementor-widget-heading\" data-id=\"bc7a2ee\" data-element_type=\"widget\" data-e-type=\"widget\" data-widget_type=\"heading.default\">\n\t\t\t\t<div class=\"elementor-widget-container\">\n\t\t\t\t\t<h2 class=\"elementor-heading-title elementor-size-default\">You can also contact us directly by WhatsApp for immediate assistance.<\/h2>\t\t\t\t<\/div>\n\t\t\t\t<\/div>\n\t\t\t\t\t<\/div>\n\t\t\t\t<\/div>\n\t\t\t\t<\/div>\n\t\t","protected":false},"excerpt":{"rendered":"<p>24-Hour Ambulance \u2013 Immediate Medical Emergencies Request urgent ambulance 24\/7 medical services for residents and tourists At SISMA, we offer medical care for emergencies 24 hours a day, every day of the year. We operate in emergencies that require assisted transfers. We respond quickly and safely. We provide care in homes, tourist accommodations, public roads,&#8230;<\/p>\n","protected":false},"author":2,"featured_media":0,"parent":14427,"menu_order":0,"comment_status":"closed","ping_status":"closed","template":"","meta":{"_monsterinsights_skip_tracking":false,"_monsterinsights_sitenote_active":false,"_monsterinsights_sitenote_note":"","_monsterinsights_sitenote_category":0,"_tbt_post_transparent":"","_tbt_post_title":"","_tbt_post_layout":"","_tbt_post_sidebar_id":"","_tbt_post_content_style":"","_tbt_post_vertical_padding":"","_tbt_post_feature":"","_tbt_post_feature_position":"","_tbt_post_header":false,"_tbt_post_footer":false},"class_list":["post-14363","page","type-page","status-publish","hentry"],"aioseo_notices":[],"_links":{"self":[{"href":"https:\/\/servicios-sisma.com\/en\/wp-json\/wp\/v2\/pages\/14363","targetHints":{"allow":["GET"]}}],"collection":[{"href":"https:\/\/servicios-sisma.com\/en\/wp-json\/wp\/v2\/pages"}],"about":[{"href":"https:\/\/servicios-sisma.com\/en\/wp-json\/wp\/v2\/types\/page"}],"author":[{"embeddable":true,"href":"https:\/\/servicios-sisma.com\/en\/wp-json\/wp\/v2\/users\/2"}],"replies":[{"embeddable":true,"href":"https:\/\/servicios-sisma.com\/en\/wp-json\/wp\/v2\/comments?post=14363"}],"version-history":[{"count":1,"href":"https:\/\/servicios-sisma.com\/en\/wp-json\/wp\/v2\/pages\/14363\/revisions"}],"predecessor-version":[{"id":14364,"href":"https:\/\/servicios-sisma.com\/en\/wp-json\/wp\/v2\/pages\/14363\/revisions\/14364"}],"up":[{"embeddable":true,"href":"https:\/\/servicios-sisma.com\/en\/wp-json\/wp\/v2\/pages\/14427"}],"wp:attachment":[{"href":"https:\/\/servicios-sisma.com\/en\/wp-json\/wp\/v2\/media?parent=14363"}],"curies":[{"name":"wp","href":"https:\/\/api.w.org\/{rel}","templated":true}]}}