{"id":14257,"date":"2025-07-31T18:20:15","date_gmt":"2025-07-31T16:20:15","guid":{"rendered":"https:\/\/servicios-sisma.com\/oikeudellinen-huomautus\/"},"modified":"2025-08-01T20:22:20","modified_gmt":"2025-08-01T18:22:20","slug":"oikeudellinen-huomautus","status":"publish","type":"page","link":"https:\/\/servicios-sisma.com\/fi\/oikeudellinen-huomautus\/","title":{"rendered":"Oikeudellinen huomautus"},"content":{"rendered":"\t\t<div data-elementor-type=\"wp-page\" data-elementor-id=\"14257\" class=\"elementor elementor-14257 elementor-13197\">\n\t\t\t\t<div class=\"elementor-element elementor-element-35888bf e-flex e-con-boxed e-con e-parent\" data-id=\"35888bf\" data-element_type=\"container\" data-e-type=\"container\">\n\t\t\t\t\t<div class=\"e-con-inner\">\n\t\t\t\t<div class=\"elementor-element elementor-element-c5c6ab2 elementor-widget elementor-widget-text-editor\" data-id=\"c5c6ab2\" data-element_type=\"widget\" data-e-type=\"widget\" data-widget_type=\"text-editor.default\">\n\t\t\t\t<div class=\"elementor-widget-container\">\n\t\t\t\t\t\t\t\t\t<h4>Verkkosivuston omistajuus<\/h4><p><br>Tiedotusyhteiskunnan palveluista ja s\u00e4hk\u00f6isest\u00e4 kaupank\u00e4ynnist\u00e4 annetun lain 34\/2002 (LSSI-CE) 10 artiklan mukaisesti ilmoitetaan seuraavaa:<\/p><h4>Omistaja<\/h4><p>SISMA SERVICIOS INTEGRALES SANITARIOS M\u00c1LAGA SCA<\/p><h4>Y-tunnus<\/h4><p>F93699957<\/p><h4>Osoite<\/h4><p>Calle Alcalde Guillermo Rein 131, Pol\u00edgono El Viso, 29006, M\u00e1laga<\/p><h4>S\u00e4hk\u00f6posti<\/h4><p>admin@servicios-sisma.es<\/p><h4>Puhelin<\/h4><p>+34 620 293 829<\/p><h4>Oikeudellinen muoto<\/h4><p>Andalusialainen osuuskunta<\/p><h4>Toimiala<\/h4><p>L\u00e4\u00e4ketieteelliset palvelut ja 24h ambulanssit<\/p><h4>Verkkosivuston k\u00e4ytt\u00f6<\/h4><p><br>T\u00e4m\u00e4n verkkosivuston k\u00e4ytt\u00f6 antaa k\u00e4ytt\u00e4j\u00e4n aseman, ja k\u00e4ytt\u00e4j\u00e4 sitoutuu k\u00e4ytt\u00e4m\u00e4\u00e4n sivustoa, sen sis\u00e4lt\u00f6\u00e4 ja palveluita asianmukaisesti, laillisesti ja vastuullisesti.<\/p><h4>Immateriaalioikeudet<\/h4><p><br>Kaikki verkkosivuston sis\u00e4lt\u00f6 (tekstit, kuvat, logot, suunnittelu, rakenne jne.) ovat omistajan tai kolmansien osapuolten omaisuutta, ja ne on suojattu immateriaalioikeuslains\u00e4\u00e4d\u00e4nn\u00f6ll\u00e4. Niiden j\u00e4ljent\u00e4minen ilman nimenomaista lupaa on kielletty.<\/p><h4>Vastuu<\/h4><p><br>SISMA ei ole vastuussa verkkosivuston v\u00e4\u00e4rink\u00e4yt\u00f6st\u00e4, palvelun keskeytyksist\u00e4 eik\u00e4 ulkoisista linkeist\u00e4, joita se ei suoraan hallitse.<\/p><h4>Toimivalta ja sovellettava lains\u00e4\u00e4d\u00e4nt\u00f6<\/h4><p><br>Kaikkiin riita-asioihin sovelletaan Espanjan lains\u00e4\u00e4d\u00e4nt\u00f6\u00e4, ja toimivaltaiset tuomioistuimet ovat M\u00e1lagan tuomioistuimet.<\/p>\t\t\t\t\t\t\t\t<\/div>\n\t\t\t\t<\/div>\n\t\t\t\t\t<\/div>\n\t\t\t\t<\/div>\n\t\t\t\t<\/div>\n\t\t","protected":false},"excerpt":{"rendered":"<p>Verkkosivuston omistajuus Tiedotusyhteiskunnan palveluista ja s\u00e4hk\u00f6isest\u00e4 kaupank\u00e4ynnist\u00e4 annetun lain 34\/2002 (LSSI-CE) 10 artiklan mukaisesti ilmoitetaan seuraavaa: Omistaja SISMA SERVICIOS INTEGRALES SANITARIOS M\u00c1LAGA SCA Y-tunnus F93699957 Osoite Calle Alcalde Guillermo Rein 131, Pol\u00edgono El Viso, 29006, M\u00e1laga S\u00e4hk\u00f6posti admin@servicios-sisma.es Puhelin +34 620 293 829 Oikeudellinen muoto Andalusialainen osuuskunta Toimiala L\u00e4\u00e4ketieteelliset palvelut ja 24h ambulanssit Verkkosivuston k\u00e4ytt\u00f6&#8230;<\/p>\n","protected":false},"author":2,"featured_media":0,"parent":0,"menu_order":0,"comment_status":"closed","ping_status":"closed","template":"","meta":{"_monsterinsights_skip_tracking":false,"_monsterinsights_sitenote_active":false,"_monsterinsights_sitenote_note":"","_monsterinsights_sitenote_category":0,"_tbt_post_transparent":"","_tbt_post_title":"","_tbt_post_layout":"","_tbt_post_sidebar_id":"","_tbt_post_content_style":"","_tbt_post_vertical_padding":"","_tbt_post_feature":"","_tbt_post_feature_position":"","_tbt_post_header":false,"_tbt_post_footer":false},"class_list":["post-14257","page","type-page","status-publish","hentry"],"aioseo_notices":[],"_links":{"self":[{"href":"https:\/\/servicios-sisma.com\/fi\/wp-json\/wp\/v2\/pages\/14257","targetHints":{"allow":["GET"]}}],"collection":[{"href":"https:\/\/servicios-sisma.com\/fi\/wp-json\/wp\/v2\/pages"}],"about":[{"href":"https:\/\/servicios-sisma.com\/fi\/wp-json\/wp\/v2\/types\/page"}],"author":[{"embeddable":true,"href":"https:\/\/servicios-sisma.com\/fi\/wp-json\/wp\/v2\/users\/2"}],"replies":[{"embeddable":true,"href":"https:\/\/servicios-sisma.com\/fi\/wp-json\/wp\/v2\/comments?post=14257"}],"version-history":[{"count":1,"href":"https:\/\/servicios-sisma.com\/fi\/wp-json\/wp\/v2\/pages\/14257\/revisions"}],"predecessor-version":[{"id":14258,"href":"https:\/\/servicios-sisma.com\/fi\/wp-json\/wp\/v2\/pages\/14257\/revisions\/14258"}],"wp:attachment":[{"href":"https:\/\/servicios-sisma.com\/fi\/wp-json\/wp\/v2\/media?parent=14257"}],"curies":[{"name":"wp","href":"https:\/\/api.w.org\/{rel}","templated":true}]}}