{"id":14259,"date":"2025-07-31T18:24:31","date_gmt":"2025-07-31T16:24:31","guid":{"rendered":"https:\/\/servicios-sisma.com\/evastekaytanto\/"},"modified":"2025-08-01T20:22:22","modified_gmt":"2025-08-01T18:22:22","slug":"evastekaytanto","status":"publish","type":"page","link":"https:\/\/servicios-sisma.com\/fi\/evastekaytanto\/","title":{"rendered":"Ev\u00e4stek\u00e4yt\u00e4nt\u00f6"},"content":{"rendered":"\t\t<div data-elementor-type=\"wp-page\" data-elementor-id=\"14259\" class=\"elementor elementor-14259 elementor-13206\">\n\t\t\t\t<div class=\"elementor-element elementor-element-3691514 e-flex e-con-boxed e-con e-parent\" data-id=\"3691514\" data-element_type=\"container\" data-e-type=\"container\">\n\t\t\t\t\t<div class=\"e-con-inner\">\n\t\t\t\t<div class=\"elementor-element elementor-element-926fa6e elementor-widget elementor-widget-text-editor\" data-id=\"926fa6e\" data-element_type=\"widget\" data-e-type=\"widget\" data-widget_type=\"text-editor.default\">\n\t\t\t\t<div class=\"elementor-widget-container\">\n\t\t\t\t\t\t\t\t\t<h4>Mit\u00e4 ev\u00e4steet ovat?<\/h4><p>Ev\u00e4steet ovat pieni\u00e4 tekstitiedostoja, jotka tallentuvat selaimeesi vieraillessasi verkkosivustollamme. Ne mahdollistavat sivuston muistaa vierailusi ja asetuksesi.<\/p><h4>T\u00e4ll\u00e4 sivustolla k\u00e4ytetyt ev\u00e4stetyypit<\/h4><h5>Tekniset ev\u00e4steet<\/h5><p>V\u00e4ltt\u00e4m\u00e4tt\u00f6mi\u00e4 sivuston perustoiminnoille.<\/p><h5>Analytiikkaev\u00e4steet (Google Analytics)<\/h5><p>Mahdollistavat anonyymin selaustiedon ker\u00e4\u00e4misen k\u00e4ytt\u00e4j\u00e4kokemuksen parantamiseksi.<\/p><h4>K\u00e4ytettyjen analytiikkaev\u00e4steiden luettelo<\/h4><p>Ev\u00e4ste Tarkoitus Kesto<br>_ga K\u00e4ytt\u00e4jien erottelu 2 vuotta<br>_gid Istuntojen erottelu 24 tuntia<br>_gat Pyynt\u00f6m\u00e4\u00e4rien rajoitus 1 minuutti<\/p><h4>Ev\u00e4steiden hallinta<\/h4><p><br>Voit hyv\u00e4ksy\u00e4, hyl\u00e4t\u00e4 tai m\u00e4\u00e4ritt\u00e4\u00e4 ev\u00e4steiden k\u00e4yt\u00f6n sivustolle saapuessasi n\u00e4kyv\u00e4st\u00e4 bannerista. Voit my\u00f6s poistaa ev\u00e4steet k\u00e4yt\u00f6st\u00e4 selaimesi asetuksista.<\/p><h4>Suostumuksen peruuttaminen<\/h4><p><br>Voit peruuttaa suostumuksesi milloin tahansa asetuspaneelista tai l\u00e4hett\u00e4m\u00e4ll\u00e4 s\u00e4hk\u00f6postia osoitteeseen admin@servicios-sisma.es.<\/p><h4>Lis\u00e4tietoja Google Analyticsista<\/h4><p><br>Tutustu Googlen tietosuojak\u00e4yt\u00e4nt\u00f6\u00f6n.<\/p>\t\t\t\t\t\t\t\t<\/div>\n\t\t\t\t<\/div>\n\t\t\t\t\t<\/div>\n\t\t\t\t<\/div>\n\t\t\t\t<\/div>\n\t\t","protected":false},"excerpt":{"rendered":"<p>Mit\u00e4 ev\u00e4steet ovat? Ev\u00e4steet ovat pieni\u00e4 tekstitiedostoja, jotka tallentuvat selaimeesi vieraillessasi verkkosivustollamme. Ne mahdollistavat sivuston muistaa vierailusi ja asetuksesi. T\u00e4ll\u00e4 sivustolla k\u00e4ytetyt ev\u00e4stetyypit Tekniset ev\u00e4steet V\u00e4ltt\u00e4m\u00e4tt\u00f6mi\u00e4 sivuston perustoiminnoille. Analytiikkaev\u00e4steet (Google Analytics) Mahdollistavat anonyymin selaustiedon ker\u00e4\u00e4misen k\u00e4ytt\u00e4j\u00e4kokemuksen parantamiseksi. K\u00e4ytettyjen analytiikkaev\u00e4steiden luettelo Ev\u00e4ste Tarkoitus Kesto_ga K\u00e4ytt\u00e4jien erottelu 2 vuotta_gid Istuntojen erottelu 24 tuntia_gat Pyynt\u00f6m\u00e4\u00e4rien rajoitus 1 minuutti&#8230;<\/p>\n","protected":false},"author":2,"featured_media":0,"parent":0,"menu_order":0,"comment_status":"closed","ping_status":"closed","template":"","meta":{"_monsterinsights_skip_tracking":false,"_monsterinsights_sitenote_active":false,"_monsterinsights_sitenote_note":"","_monsterinsights_sitenote_category":0,"_tbt_post_transparent":"","_tbt_post_title":"","_tbt_post_layout":"","_tbt_post_sidebar_id":"","_tbt_post_content_style":"","_tbt_post_vertical_padding":"","_tbt_post_feature":"","_tbt_post_feature_position":"","_tbt_post_header":false,"_tbt_post_footer":false},"class_list":["post-14259","page","type-page","status-publish","hentry"],"aioseo_notices":[],"_links":{"self":[{"href":"https:\/\/servicios-sisma.com\/fi\/wp-json\/wp\/v2\/pages\/14259","targetHints":{"allow":["GET"]}}],"collection":[{"href":"https:\/\/servicios-sisma.com\/fi\/wp-json\/wp\/v2\/pages"}],"about":[{"href":"https:\/\/servicios-sisma.com\/fi\/wp-json\/wp\/v2\/types\/page"}],"author":[{"embeddable":true,"href":"https:\/\/servicios-sisma.com\/fi\/wp-json\/wp\/v2\/users\/2"}],"replies":[{"embeddable":true,"href":"https:\/\/servicios-sisma.com\/fi\/wp-json\/wp\/v2\/comments?post=14259"}],"version-history":[{"count":1,"href":"https:\/\/servicios-sisma.com\/fi\/wp-json\/wp\/v2\/pages\/14259\/revisions"}],"predecessor-version":[{"id":14260,"href":"https:\/\/servicios-sisma.com\/fi\/wp-json\/wp\/v2\/pages\/14259\/revisions\/14260"}],"wp:attachment":[{"href":"https:\/\/servicios-sisma.com\/fi\/wp-json\/wp\/v2\/media?parent=14259"}],"curies":[{"name":"wp","href":"https:\/\/api.w.org\/{rel}","templated":true}]}}