{"id":14271,"date":"2025-07-31T18:14:02","date_gmt":"2025-07-31T16:14:02","guid":{"rendered":"https:\/\/servicios-sisma.com\/tietosuojakaytanto\/"},"modified":"2025-08-01T20:22:42","modified_gmt":"2025-08-01T18:22:42","slug":"tietosuojakaytanto","status":"publish","type":"page","link":"https:\/\/servicios-sisma.com\/fi\/tietosuojakaytanto\/","title":{"rendered":"Tietosuojak\u00e4yt\u00e4nt\u00f6"},"content":{"rendered":"\t\t<div data-elementor-type=\"wp-page\" data-elementor-id=\"14271\" class=\"elementor elementor-14271 elementor-13196\">\n\t\t\t\t<div class=\"elementor-element elementor-element-4e904db e-flex e-con-boxed e-con e-parent\" data-id=\"4e904db\" data-element_type=\"container\" data-e-type=\"container\">\n\t\t\t\t\t<div class=\"e-con-inner\">\n\t\t\t\t<div class=\"elementor-element elementor-element-c84ef81 elementor-widget elementor-widget-text-editor\" data-id=\"c84ef81\" data-element_type=\"widget\" data-e-type=\"widget\" data-widget_type=\"text-editor.default\">\n\t\t\t\t<div class=\"elementor-widget-container\">\n\t\t\t\t\t\t\t\t\t<p data-start=\"1690\" data-end=\"1860\"><b><span data-start=\"1690\" data-end=\"1722\">Rekisterinpit\u00e4j\u00e4:<\/span><br data-start=\"1722\" data-end=\"1725\"><\/b>SISMA SERVICIOS INTEGRALES SANITARIOS M\u00c1LAGA SCA<br data-start=\"1773\" data-end=\"1776\">Y-tunnus: F93699957<br data-start=\"1790\" data-end=\"1793\"><a class=\"cursor-pointer\" rel=\"noopener\" data-start=\"1793\" data-end=\"1817\">admin@servicios-sisma.es<\/a><br data-start=\"1817\" data-end=\"1820\">Calle Alcalde Guillermo Rein 131, M\u00e1laga<\/p>\n<p data-start=\"1862\" data-end=\"1942\"><strong data-start=\"1862\" data-end=\"1892\">K\u00e4sittelyn tarkoitus:<\/strong><br data-start=\"1892\" data-end=\"1895\">Ker\u00e4\u00e4mme ja k\u00e4sittelemme henkil\u00f6tietojasi seuraaviin tarkoituksiin:<\/p>\n<ul data-start=\"1944\" data-end=\"2157\">\n<li data-start=\"1944\" data-end=\"1995\">\n<p data-start=\"1946\" data-end=\"1995\">Yhteyspyynt\u00f6jen tai l\u00e4\u00e4k\u00e4riaikojen hallinta<\/p>\n<\/li>\n<li data-start=\"1996\" data-end=\"2049\">\n<p data-start=\"1998\" data-end=\"2049\">Tietojen antaminen palveluistamme<\/p>\n<\/li>\n<li data-start=\"2050\" data-end=\"2107\">\n<p data-start=\"2052\" data-end=\"2107\">Hallinnollisten tai organisatoristen tiedotteiden l\u00e4hett\u00e4minen<\/p>\n<\/li>\n<li data-start=\"2108\" data-end=\"2157\">\n<p data-start=\"2110\" data-end=\"2157\">Tilastollinen analyysi Google Analyticsin avulla<\/p>\n<\/li>\n<\/ul>\n<p data-start=\"2159\" data-end=\"2248\"><strong data-start=\"2159\" data-end=\"2174\">Oikeusperusta:<\/strong><br data-start=\"2174\" data-end=\"2177\">K\u00e4ytt\u00e4j\u00e4n nimenomainen suostumus ja pyydetyn palvelun toteuttaminen.<\/p>\n<p data-start=\"2250\" data-end=\"2415\"><strong data-start=\"2250\" data-end=\"2276\">Tietojen s\u00e4ilytys:<\/strong><br data-start=\"2276\" data-end=\"2279\">Tietoja s\u00e4ilytet\u00e4\u00e4n niin kauan kuin liikesuhde jatkuu tai niin monta vuotta kuin on tarpeen lakis\u00e4\u00e4teisten velvoitteiden noudattamiseksi.<\/p>\n<p data-start=\"2417\" data-end=\"2549\"><strong data-start=\"2417\" data-end=\"2435\">Vastaanottajat:<\/strong><br data-start=\"2435\" data-end=\"2438\">Tietoja ei luovuteta kolmansille osapuolille, paitsi lakis\u00e4\u00e4teisen velvoitteen tai vakuutusyhti\u00f6iden kanssa potilaan suostumuksella.<\/p>\n<p data-start=\"2551\" data-end=\"2782\"><strong data-start=\"2551\" data-end=\"2564\">Oikeudet:<\/strong><br data-start=\"2564\" data-end=\"2567\">Voit k\u00e4ytt\u00e4\u00e4 oikeuksiasi p\u00e4\u00e4syyn, oikaisuun, poistamiseen, vastustamiseen, rajoittamiseen ja siirrett\u00e4vyyteen kirjoittamalla osoitteeseen <a class=\"cursor-pointer\" rel=\"noopener\" data-start=\"2683\" data-end=\"2707\">admin@servicios-sisma.es<\/a>. Voit my\u00f6s tehd\u00e4 valituksen AEPD:lle: <a class=\"cursor-pointer\" target=\"_new\" rel=\"noopener\" data-start=\"2747\" data-end=\"2782\">www.aepd.es<\/a> <\/p>\n<p data-start=\"2784\" data-end=\"2926\"><strong data-start=\"2784\" data-end=\"2809\">Turvatoimet:<\/strong><br data-start=\"2809\" data-end=\"2812\">Sovellamme asianmukaisia teknisi\u00e4 ja organisatorisia toimenpiteit\u00e4 tietojen luottamuksellisuuden ja eheyden suojaamiseksi.<\/p>\t\t\t\t\t\t\t\t<\/div>\n\t\t\t\t<\/div>\n\t\t\t\t\t<\/div>\n\t\t\t\t<\/div>\n\t\t\t\t<\/div>\n\t\t","protected":false},"excerpt":{"rendered":"<p>Rekisterinpit\u00e4j\u00e4:SISMA SERVICIOS INTEGRALES SANITARIOS M\u00c1LAGA SCAY-tunnus: F93699957admin@servicios-sisma.esCalle Alcalde Guillermo Rein 131, M\u00e1laga K\u00e4sittelyn tarkoitus:Ker\u00e4\u00e4mme ja k\u00e4sittelemme henkil\u00f6tietojasi seuraaviin tarkoituksiin: Yhteyspyynt\u00f6jen tai l\u00e4\u00e4k\u00e4riaikojen hallinta Tietojen antaminen palveluistamme Hallinnollisten tai organisatoristen tiedotteiden l\u00e4hett\u00e4minen Tilastollinen analyysi Google Analyticsin avulla Oikeusperusta:K\u00e4ytt\u00e4j\u00e4n nimenomainen suostumus ja pyydetyn palvelun toteuttaminen. Tietojen s\u00e4ilytys:Tietoja s\u00e4ilytet\u00e4\u00e4n niin kauan kuin liikesuhde jatkuu tai niin monta vuotta&#8230;<\/p>\n","protected":false},"author":2,"featured_media":0,"parent":0,"menu_order":0,"comment_status":"closed","ping_status":"closed","template":"","meta":{"_monsterinsights_skip_tracking":false,"_monsterinsights_sitenote_active":false,"_monsterinsights_sitenote_note":"","_monsterinsights_sitenote_category":0,"_tbt_post_transparent":"","_tbt_post_title":"","_tbt_post_layout":"","_tbt_post_sidebar_id":"","_tbt_post_content_style":"","_tbt_post_vertical_padding":"","_tbt_post_feature":"","_tbt_post_feature_position":"","_tbt_post_header":false,"_tbt_post_footer":false},"class_list":["post-14271","page","type-page","status-publish","hentry"],"aioseo_notices":[],"_links":{"self":[{"href":"https:\/\/servicios-sisma.com\/fi\/wp-json\/wp\/v2\/pages\/14271","targetHints":{"allow":["GET"]}}],"collection":[{"href":"https:\/\/servicios-sisma.com\/fi\/wp-json\/wp\/v2\/pages"}],"about":[{"href":"https:\/\/servicios-sisma.com\/fi\/wp-json\/wp\/v2\/types\/page"}],"author":[{"embeddable":true,"href":"https:\/\/servicios-sisma.com\/fi\/wp-json\/wp\/v2\/users\/2"}],"replies":[{"embeddable":true,"href":"https:\/\/servicios-sisma.com\/fi\/wp-json\/wp\/v2\/comments?post=14271"}],"version-history":[{"count":1,"href":"https:\/\/servicios-sisma.com\/fi\/wp-json\/wp\/v2\/pages\/14271\/revisions"}],"predecessor-version":[{"id":14272,"href":"https:\/\/servicios-sisma.com\/fi\/wp-json\/wp\/v2\/pages\/14271\/revisions\/14272"}],"wp:attachment":[{"href":"https:\/\/servicios-sisma.com\/fi\/wp-json\/wp\/v2\/media?parent=14271"}],"curies":[{"name":"wp","href":"https:\/\/api.w.org\/{rel}","templated":true}]}}