{"id":14369,"date":"2025-07-30T17:05:29","date_gmt":"2025-07-30T15:05:29","guid":{"rendered":"https:\/\/servicios-sisma.com\/ambulanssipalvelut\/"},"modified":"2025-08-01T20:25:30","modified_gmt":"2025-08-01T18:25:30","slug":"ambulanssipalvelut","status":"publish","type":"page","link":"https:\/\/servicios-sisma.com\/fi\/ambulanssipalvelut\/","title":{"rendered":"Ambulanssipalvelut"},"content":{"rendered":"\t\t<div data-elementor-type=\"wp-page\" data-elementor-id=\"14369\" class=\"elementor elementor-14369 elementor-12967\">\n\t\t\t\t<div class=\"elementor-element elementor-element-54e6c022 e-flex e-con-boxed e-con e-parent\" data-id=\"54e6c022\" data-element_type=\"container\" data-e-type=\"container\" data-settings=\"{&quot;background_background&quot;:&quot;classic&quot;}\">\n\t\t\t\t\t<div class=\"e-con-inner\">\n\t\t\t\t<div class=\"elementor-element elementor-element-1e9121c3 elementor-widget elementor-widget-heading\" data-id=\"1e9121c3\" data-element_type=\"widget\" data-e-type=\"widget\" data-widget_type=\"heading.default\">\n\t\t\t\t<div class=\"elementor-widget-container\">\n\t\t\t\t\t<h1 class=\"elementor-heading-title elementor-size-default\">Ambulanssi 24 tuntia Costa del Solilla ja Benidormissa H\u00e4t\u00e4tilanteet, Tapahtumat ja Sairaskuljetukset<\/h1>\t\t\t\t<\/div>\n\t\t\t\t<\/div>\n\t\t\t\t\t<\/div>\n\t\t\t\t<\/div>\n\t\t<div class=\"elementor-element elementor-element-a35071e e-flex e-con-boxed e-con e-parent\" data-id=\"a35071e\" data-element_type=\"container\" data-e-type=\"container\">\n\t\t\t\t\t<div class=\"e-con-inner\">\n\t\t\t\t<div class=\"elementor-element elementor-element-8d2f0ab elementor-widget elementor-widget-heading\" data-id=\"8d2f0ab\" data-element_type=\"widget\" data-e-type=\"widget\" data-widget_type=\"heading.default\">\n\t\t\t\t<div class=\"elementor-widget-container\">\n\t\t\t\t\t<h2 class=\"elementor-heading-title elementor-size-default\">Ambulanssipalvelu 24 tuntia Costa del Solilla ja Benidormissa<\/h2>\t\t\t\t<\/div>\n\t\t\t\t<\/div>\n\t\t\t\t<div class=\"elementor-element elementor-element-81a7eaa elementor-widget elementor-widget-text-editor\" data-id=\"81a7eaa\" data-element_type=\"widget\" data-e-type=\"widget\" data-widget_type=\"text-editor.default\">\n\t\t\t\t<div class=\"elementor-widget-container\">\n\t\t\t\t\t\t\t\t\t<p data-start=\"325\" data-end=\"762\"><strong data-start=\"328\" data-end=\"347\"><a href=\"https:\/\/servicios-sisma.com\/fi\/\">SISMAlla<\/a><\/strong> meill\u00e4 on <strong data-start=\"376\" data-end=\"399\">24 tunnin ambulanssipalvelu<\/strong>, joka toimii koko <strong data-start=\"421\" data-end=\"453\">Costa del Solilla ja Costa Blancalla<\/strong> ja kattaa <strong>kuljetukset<\/strong>, <strong>tapahtumat<\/strong> ja l\u00e4\u00e4ketieteelliset <strong>h\u00e4t\u00e4tilanteet<\/strong>. Ajoneuvomme ovat t\u00e4ysin varusteltuja ja meill\u00e4 on p\u00e4tev\u00e4\u00e4 <strong>terveydenhuollon henkil\u00f6st\u00f6\u00e4<\/strong> varmistamaan v\u00e4litt\u00f6m\u00e4n, turvallisen ja ammattitaitoisen hoidon kaikkina aikoina. Ty\u00f6skentelemme <strong>yksityisten<\/strong> potilaiden, <strong>vakuutusyhti\u00f6iden<\/strong> ja <strong>tapahtumaj\u00e4rjest\u00e4jien<\/strong> kanssa.  <\/p><p data-start=\"764\" data-end=\"826\">Alla esittelemme t\u00e4rkeimm\u00e4t palvelumme:<\/p>\t\t\t\t\t\t\t\t<\/div>\n\t\t\t\t<\/div>\n\t\t\t\t\t<\/div>\n\t\t\t\t<\/div>\n\t\t<div class=\"elementor-element elementor-element-a3b676e e-flex e-con-boxed e-con e-parent\" data-id=\"a3b676e\" data-element_type=\"container\" data-e-type=\"container\">\n\t\t\t\t\t<div class=\"e-con-inner\">\n\t\t<a class=\"elementor-element elementor-element-3c9f6dce e-con-full e-transform e-flex e-con e-child\" data-id=\"3c9f6dce\" data-element_type=\"container\" data-e-type=\"container\" data-settings=\"{&quot;background_background&quot;:&quot;classic&quot;,&quot;_transform_scale_effect_hover&quot;:{&quot;unit&quot;:&quot;px&quot;,&quot;size&quot;:0.9,&quot;sizes&quot;:[]},&quot;_transform_scale_effect_hover_tablet&quot;:{&quot;unit&quot;:&quot;px&quot;,&quot;size&quot;:&quot;&quot;,&quot;sizes&quot;:[]},&quot;_transform_scale_effect_hover_mobile&quot;:{&quot;unit&quot;:&quot;px&quot;,&quot;size&quot;:&quot;&quot;,&quot;sizes&quot;:[]}}\" href=\"https:\/\/servicios-sisma.com\/ambulancia\/urgencias-24h\/\">\n\t\t\t\t<div class=\"elementor-element elementor-element-4f8848a5 elementor-widget elementor-widget-heading\" data-id=\"4f8848a5\" data-element_type=\"widget\" data-e-type=\"widget\" data-widget_type=\"heading.default\">\n\t\t\t\t<div class=\"elementor-widget-container\">\n\t\t\t\t\t<h2 class=\"elementor-heading-title elementor-size-default\"><u>H\u00c4T\u00c4TILANTEET 24H<\/u><\/h2>\t\t\t\t<\/div>\n\t\t\t\t<\/div>\n\t\t\t\t<div class=\"elementor-element elementor-element-211d9eb6 elementor-widget elementor-widget-text-editor\" data-id=\"211d9eb6\" data-element_type=\"widget\" data-e-type=\"widget\" data-widget_type=\"text-editor.default\">\n\t\t\t\t<div class=\"elementor-widget-container\">\n\t\t\t\t\t\t\t\t\t<p>V\u00e4lit\u00f6n reagointi l\u00e4\u00e4ketieteellisiin h\u00e4t\u00e4tilanteisiin. Kotihoito, hotelleissa tai julkisilla paikoilla, tarvittaessa kuljetukset sairaaloihin. <\/p>\t\t\t\t\t\t\t\t<\/div>\n\t\t\t\t<\/div>\n\t\t\t\t<div class=\"elementor-element elementor-element-8eef44f elementor-widget elementor-widget-image\" data-id=\"8eef44f\" data-element_type=\"widget\" data-e-type=\"widget\" data-widget_type=\"image.default\">\n\t\t\t\t<div class=\"elementor-widget-container\">\n\t\t\t\t\t\t\t\t\t\t\t\t\t\t\t<img decoding=\"async\" src=\"https:\/\/servicios-sisma.com\/wp-content\/uploads\/elementor\/thumbs\/istockphoto-1200712144-612x612-1-r9ktkh26h5in1bk0enc63ky4n5tin95a7iuu4bolk2.jpg\" title=\"istockphoto-1200712144-612&#215;612\" alt=\"medic stethoscope concept logotype template design. Business logo icon shape. medic stethoscope simple logo illustration\" loading=\"lazy\" \/>\t\t\t\t\t\t\t\t\t\t\t\t\t\t\t<\/div>\n\t\t\t\t<\/div>\n\t\t\t\t<\/a>\n\t\t<a class=\"elementor-element elementor-element-260aa40 e-con-full e-transform e-flex e-con e-child\" data-id=\"260aa40\" data-element_type=\"container\" data-e-type=\"container\" data-settings=\"{&quot;background_background&quot;:&quot;classic&quot;,&quot;_transform_scale_effect_hover&quot;:{&quot;unit&quot;:&quot;px&quot;,&quot;size&quot;:0.9,&quot;sizes&quot;:[]},&quot;_transform_scale_effect_hover_tablet&quot;:{&quot;unit&quot;:&quot;px&quot;,&quot;size&quot;:&quot;&quot;,&quot;sizes&quot;:[]},&quot;_transform_scale_effect_hover_mobile&quot;:{&quot;unit&quot;:&quot;px&quot;,&quot;size&quot;:&quot;&quot;,&quot;sizes&quot;:[]}}\" href=\"https:\/\/servicios-sisma.com\/ambulancia-24-horas\/traslados-en-ambulancia\/\">\n\t\t\t\t<div class=\"elementor-element elementor-element-0d69158 elementor-widget elementor-widget-heading\" data-id=\"0d69158\" data-element_type=\"widget\" data-e-type=\"widget\" data-widget_type=\"heading.default\">\n\t\t\t\t<div class=\"elementor-widget-container\">\n\t\t\t\t\t<h2 class=\"elementor-heading-title elementor-size-default\"><u>SUUNNITELTUT KULJETUKSET<\/u><\/h2>\t\t\t\t<\/div>\n\t\t\t\t<\/div>\n\t\t\t\t<div class=\"elementor-element elementor-element-23c3121 elementor-widget elementor-widget-text-editor\" data-id=\"23c3121\" data-element_type=\"widget\" data-e-type=\"widget\" data-widget_type=\"text-editor.default\">\n\t\t\t\t<div class=\"elementor-widget-container\">\n\t\t\t\t\t\t\t\t\t<p>Ei-kiireellinen sairaankuljetus liikuntarajoitteisille potilaille, sairaalasta kotiutukset, sairaalak\u00e4ynnit tai maakuntien v\u00e4liset kuljetukset.<\/p>\t\t\t\t\t\t\t\t<\/div>\n\t\t\t\t<\/div>\n\t\t\t\t<div class=\"elementor-element elementor-element-e4f3959 elementor-widget elementor-widget-image\" data-id=\"e4f3959\" data-element_type=\"widget\" data-e-type=\"widget\" data-widget_type=\"image.default\">\n\t\t\t\t<div class=\"elementor-widget-container\">\n\t\t\t\t\t\t\t\t\t\t\t\t\t\t\t<img decoding=\"async\" src=\"https:\/\/servicios-sisma.com\/wp-content\/uploads\/elementor\/thumbs\/medical-ambulance-silhouette-logo-free-vector-r9ktg35akzigutxe0r2ugosouffuq3qdlt99hu6qle.jpg\" title=\"medical-ambulance-silhouette-logo-free-vector\" alt=\"medical-ambulance-silhouette-logo-free-vector\" loading=\"lazy\" \/>\t\t\t\t\t\t\t\t\t\t\t\t\t\t\t<\/div>\n\t\t\t\t<\/div>\n\t\t\t\t<\/a>\n\t\t<a class=\"elementor-element elementor-element-f4f47e9 e-con-full e-transform e-flex e-con e-child\" data-id=\"f4f47e9\" data-element_type=\"container\" data-e-type=\"container\" data-settings=\"{&quot;background_background&quot;:&quot;classic&quot;,&quot;_transform_scale_effect_hover&quot;:{&quot;unit&quot;:&quot;px&quot;,&quot;size&quot;:0.9,&quot;sizes&quot;:[]},&quot;_transform_scale_effect_hover_tablet&quot;:{&quot;unit&quot;:&quot;px&quot;,&quot;size&quot;:&quot;&quot;,&quot;sizes&quot;:[]},&quot;_transform_scale_effect_hover_mobile&quot;:{&quot;unit&quot;:&quot;px&quot;,&quot;size&quot;:&quot;&quot;,&quot;sizes&quot;:[]}}\" href=\"https:\/\/servicios-sisma.com\/ambulancia\/eventos\/\">\n\t\t\t\t<div class=\"elementor-element elementor-element-60a251cd elementor-widget elementor-widget-heading\" data-id=\"60a251cd\" data-element_type=\"widget\" data-e-type=\"widget\" data-widget_type=\"heading.default\">\n\t\t\t\t<div class=\"elementor-widget-container\">\n\t\t\t\t\t<h2 class=\"elementor-heading-title elementor-size-default\"><u>TAPAHTUMAT<\/u><\/h2>\t\t\t\t<\/div>\n\t\t\t\t<\/div>\n\t\t\t\t<div class=\"elementor-element elementor-element-3369a43c elementor-widget elementor-widget-text-editor\" data-id=\"3369a43c\" data-element_type=\"widget\" data-e-type=\"widget\" data-widget_type=\"text-editor.default\">\n\t\t\t\t<div class=\"elementor-widget-container\">\n\t\t\t\t\t\t\t\t\t<p>Terveydenhuollon kattavuus konserteissa, festivaaleilla, urheilutapahtumissa ja julkisissa tilaisuuksissa. L\u00e4\u00e4ketieteellinen valvonta ja ambulanssi valmiustilassa koko tapahtuman ajan. <\/p>\t\t\t\t\t\t\t\t<\/div>\n\t\t\t\t<\/div>\n\t\t\t\t<div class=\"elementor-element elementor-element-68e121a elementor-widget elementor-widget-image\" data-id=\"68e121a\" data-element_type=\"widget\" data-e-type=\"widget\" data-widget_type=\"image.default\">\n\t\t\t\t<div class=\"elementor-widget-container\">\n\t\t\t\t\t\t\t\t\t\t\t\t\t\t\t<img decoding=\"async\" width=\"150\" height=\"150\" src=\"https:\/\/servicios-sisma.com\/wp-content\/uploads\/2025\/07\/simple-red-medical-cross-icon-600nw-1543393193-150x150.webp\" class=\"attachment-thumbnail size-thumbnail wp-image-14160\" alt=\"\" srcset=\"https:\/\/servicios-sisma.com\/wp-content\/uploads\/2025\/07\/simple-red-medical-cross-icon-600nw-1543393193-150x150.webp 150w, https:\/\/servicios-sisma.com\/wp-content\/uploads\/2025\/07\/simple-red-medical-cross-icon-600nw-1543393193-300x300.webp 300w, https:\/\/servicios-sisma.com\/wp-content\/uploads\/2025\/07\/simple-red-medical-cross-icon-600nw-1543393193.webp 600w\" sizes=\"(max-width: 150px) 100vw, 150px\" \/>\t\t\t\t\t\t\t\t\t\t\t\t\t\t\t<\/div>\n\t\t\t\t<\/div>\n\t\t\t\t<\/a>\n\t\t\t\t\t<\/div>\n\t\t\t\t<\/div>\n\t\t<div class=\"elementor-element elementor-element-37f7739 e-flex e-con-boxed e-con e-parent\" data-id=\"37f7739\" data-element_type=\"container\" data-e-type=\"container\">\n\t\t\t\t\t<div class=\"e-con-inner\">\n\t\t\t\t<div class=\"elementor-element elementor-element-4adf647 elementor-widget elementor-widget-heading\" data-id=\"4adf647\" data-element_type=\"widget\" data-e-type=\"widget\" data-widget_type=\"heading.default\">\n\t\t\t\t<div class=\"elementor-widget-container\">\n\t\t\t\t\t<h2 class=\"elementor-heading-title elementor-size-default\">Ambulanssikuljetukset 24 tuntia erikoistuneella l\u00e4\u00e4ketieteellisell\u00e4 hoidolla\n<\/h2>\t\t\t\t<\/div>\n\t\t\t\t<\/div>\n\t\t\t\t<div class=\"elementor-element elementor-element-4ed65e3 elementor-widget elementor-widget-text-editor\" data-id=\"4ed65e3\" data-element_type=\"widget\" data-e-type=\"widget\" data-widget_type=\"text-editor.default\">\n\t\t\t\t<div class=\"elementor-widget-container\">\n\t\t\t\t\t\t\t\t\t<p>Meid\u00e4n <strong data-start=\"742\" data-end=\"765\">24 tunnin ambulanssipalvelumme<\/strong> sis\u00e4lt\u00e4\u00e4 <strong>sairaaloiden v\u00e4liset kuljetukset, kotikuljetukset<\/strong> ja kuljetukset erityistarpeita omaaville potilaille. Meill\u00e4 on ajoneuvoja, jotka on varustettu edistyneell\u00e4 teknologialla ja eritt\u00e4in p\u00e4tev\u00e4 terveydenhuollon tiimi, joka varmistaa potilaan hyvinvoinnin koko matkan ajan. <\/p>\t\t\t\t\t\t\t\t<\/div>\n\t\t\t\t<\/div>\n\t\t\t\t<div class=\"elementor-element elementor-element-a0f0105 elementor-widget elementor-widget-heading\" data-id=\"a0f0105\" data-element_type=\"widget\" data-e-type=\"widget\" data-widget_type=\"heading.default\">\n\t\t\t\t<div class=\"elementor-widget-container\">\n\t\t\t\t\t<h3 class=\"elementor-heading-title elementor-size-default\">Ambulanssi 24 tuntia tapahtumiin ja h\u00e4t\u00e4tilanteisiin\n<\/h3>\t\t\t\t<\/div>\n\t\t\t\t<\/div>\n\t\t\t\t<div class=\"elementor-element elementor-element-a872b9c elementor-widget elementor-widget-text-editor\" data-id=\"a872b9c\" data-element_type=\"widget\" data-e-type=\"widget\" data-widget_type=\"text-editor.default\">\n\t\t\t\t<div class=\"elementor-widget-container\">\n\t\t\t\t\t\t\t\t\t<p>Kuljetusten lis\u00e4ksi tarjoamme <strong>24 tunnin ambulansseja<\/strong> urheilu-, kulttuuri- tai yksityistapahtumiin, varmistaen <strong>v\u00e4litt\u00f6m\u00e4n l\u00e4\u00e4ketieteellisen kattavuuden ja ensiapuhoidon<\/strong>. Olemme valmiina vastaamaan kaikkiin mahdollisiin tilanteisiin <strong>24 tuntia<\/strong> vuorokaudessa, 7 p\u00e4iv\u00e4\u00e4 viikossa. <\/p>\t\t\t\t\t\t\t\t<\/div>\n\t\t\t\t<\/div>\n\t\t\t\t\t<\/div>\n\t\t\t\t<\/div>\n\t\t\t\t<\/div>\n\t\t","protected":false},"excerpt":{"rendered":"<p>Ambulanssi 24 tuntia Costa del Solilla ja Benidormissa H\u00e4t\u00e4tilanteet, Tapahtumat ja Sairaskuljetukset Ambulanssipalvelu 24 tuntia Costa del Solilla ja Benidormissa SISMAlla meill\u00e4 on 24 tunnin ambulanssipalvelu, joka toimii koko Costa del Solilla ja Costa Blancalla ja kattaa kuljetukset, tapahtumat ja l\u00e4\u00e4ketieteelliset h\u00e4t\u00e4tilanteet. Ajoneuvomme ovat t\u00e4ysin varusteltuja ja meill\u00e4 on p\u00e4tev\u00e4\u00e4 terveydenhuollon henkil\u00f6st\u00f6\u00e4 varmistamaan v\u00e4litt\u00f6m\u00e4n, turvallisen&#8230;<\/p>\n","protected":false},"author":2,"featured_media":0,"parent":0,"menu_order":0,"comment_status":"closed","ping_status":"closed","template":"","meta":{"_monsterinsights_skip_tracking":false,"_monsterinsights_sitenote_active":false,"_monsterinsights_sitenote_note":"","_monsterinsights_sitenote_category":0,"_tbt_post_transparent":"","_tbt_post_title":"","_tbt_post_layout":"","_tbt_post_sidebar_id":"","_tbt_post_content_style":"","_tbt_post_vertical_padding":"","_tbt_post_feature":"","_tbt_post_feature_position":"","_tbt_post_header":false,"_tbt_post_footer":false},"class_list":["post-14369","page","type-page","status-publish","hentry"],"aioseo_notices":[],"_links":{"self":[{"href":"https:\/\/servicios-sisma.com\/fi\/wp-json\/wp\/v2\/pages\/14369","targetHints":{"allow":["GET"]}}],"collection":[{"href":"https:\/\/servicios-sisma.com\/fi\/wp-json\/wp\/v2\/pages"}],"about":[{"href":"https:\/\/servicios-sisma.com\/fi\/wp-json\/wp\/v2\/types\/page"}],"author":[{"embeddable":true,"href":"https:\/\/servicios-sisma.com\/fi\/wp-json\/wp\/v2\/users\/2"}],"replies":[{"embeddable":true,"href":"https:\/\/servicios-sisma.com\/fi\/wp-json\/wp\/v2\/comments?post=14369"}],"version-history":[{"count":1,"href":"https:\/\/servicios-sisma.com\/fi\/wp-json\/wp\/v2\/pages\/14369\/revisions"}],"predecessor-version":[{"id":14370,"href":"https:\/\/servicios-sisma.com\/fi\/wp-json\/wp\/v2\/pages\/14369\/revisions\/14370"}],"wp:attachment":[{"href":"https:\/\/servicios-sisma.com\/fi\/wp-json\/wp\/v2\/media?parent=14369"}],"curies":[{"name":"wp","href":"https:\/\/api.w.org\/{rel}","templated":true}]}}