{"id":14383,"date":"2025-07-30T14:02:17","date_gmt":"2025-07-30T12:02:17","guid":{"rendered":"https:\/\/servicios-sisma.com\/laakarikeskukset\/"},"modified":"2026-02-02T19:26:20","modified_gmt":"2026-02-02T18:26:20","slug":"laakarikeskukset","status":"publish","type":"page","link":"https:\/\/servicios-sisma.com\/fi\/laakarikeskukset\/","title":{"rendered":"L\u00e4\u00e4k\u00e4rikeskukset"},"content":{"rendered":"\t\t<div data-elementor-type=\"wp-page\" data-elementor-id=\"14383\" class=\"elementor elementor-14383 elementor-12898\">\n\t\t\t\t<div class=\"elementor-element elementor-element-04bc326 e-flex e-con-boxed e-con e-parent\" data-id=\"04bc326\" data-element_type=\"container\" data-e-type=\"container\" data-settings=\"{&quot;background_background&quot;:&quot;classic&quot;}\">\n\t\t\t\t\t<div class=\"e-con-inner\">\n\t\t\t\t<div class=\"elementor-element elementor-element-07c36bb elementor-widget elementor-widget-heading\" data-id=\"07c36bb\" data-element_type=\"widget\" data-e-type=\"widget\" data-widget_type=\"heading.default\">\n\t\t\t\t<div class=\"elementor-widget-container\">\n\t\t\t\t\t<h1 class=\"elementor-heading-title elementor-size-default\">L\u00c4\u00c4KINT\u00c4KESKUKSET<\/h1>\t\t\t\t<\/div>\n\t\t\t\t<\/div>\n\t\t\t\t\t<\/div>\n\t\t\t\t<\/div>\n\t\t<div class=\"elementor-element elementor-element-48e3a88 e-flex e-con-boxed e-con e-parent\" data-id=\"48e3a88\" data-element_type=\"container\" data-e-type=\"container\">\n\t\t\t\t\t<div class=\"e-con-inner\">\n\t\t\t\t<div class=\"elementor-element elementor-element-514c67d elementor-widget elementor-widget-text-editor\" data-id=\"514c67d\" data-element_type=\"widget\" data-e-type=\"widget\" data-widget_type=\"text-editor.default\">\n\t\t\t\t<div class=\"elementor-widget-container\">\n\t\t\t\t\t\t\t\t\t<p><strong data-start=\"269\" data-end=\"288\"><a href=\"https:\/\/servicios-sisma.com\/fi\/\">SISMA<\/a> <\/strong>tarjoaa k\u00e4ytt\u00f6\u00f6si <strong>l\u00e4\u00e4k\u00e4rikeskusverkoston<\/strong> keskeisill\u00e4 paikoilla <strong data-start=\"363\" data-end=\"380\">Costa del Solilla<\/strong> ja <strong data-start=\"386\" data-end=\"402\">Costa Blancalla<\/strong>. Se on suunniteltu tarjoamaan <strong>v\u00e4lit\u00f6nt\u00e4 terveydenhuoltoa<\/strong> sek\u00e4 asukkaille ett\u00e4 <strong>turisteille<\/strong>, joilla on <strong>kansainv\u00e4linen vakuutus<\/strong>. <b>L\u00e4\u00e4k\u00e4rikeskuksemme<\/b> yhdist\u00e4v\u00e4t teknologian, l\u00e4\u00e4ketieteellisen kokemuksen ja <strong>henkil\u00f6kohtaisen hoidon<\/strong> <strong>24 tuntia vuorokaudessa<\/strong>, tarjoten <strong>kotil\u00e4\u00e4k\u00e4ripalvelun ja suoran avun klinikoilla, hotelleissa tai huoneistoissa<\/strong>.<\/p><p data-start=\"709\" data-end=\"792\">Katso alta saatavilla olevat klinikkamme ja varaa aikasi helposti:<\/p>\t\t\t\t\t\t\t\t<\/div>\n\t\t\t\t<\/div>\n\t\t\t\t\t<\/div>\n\t\t\t\t<\/div>\n\t\t<div class=\"elementor-element elementor-element-70a1466 e-flex e-con-boxed e-con e-parent\" data-id=\"70a1466\" data-element_type=\"container\" data-e-type=\"container\">\n\t\t\t\t\t<div class=\"e-con-inner\">\n\t\t<a class=\"elementor-element elementor-element-ca20a16 e-con-full e-transform e-flex e-con e-child\" data-id=\"ca20a16\" data-element_type=\"container\" data-e-type=\"container\" data-settings=\"{&quot;background_background&quot;:&quot;classic&quot;,&quot;_transform_scale_effect_hover&quot;:{&quot;unit&quot;:&quot;px&quot;,&quot;size&quot;:0.9,&quot;sizes&quot;:[]},&quot;_transform_scale_effect_hover_tablet&quot;:{&quot;unit&quot;:&quot;px&quot;,&quot;size&quot;:&quot;&quot;,&quot;sizes&quot;:[]},&quot;_transform_scale_effect_hover_mobile&quot;:{&quot;unit&quot;:&quot;px&quot;,&quot;size&quot;:&quot;&quot;,&quot;sizes&quot;:[]}}\" href=\"https:\/\/servicios-sisma.com\/fi\/laakarikeskukset\/fuengirola\/\">\n\t\t\t\t<div class=\"elementor-element elementor-element-2031314 elementor-widget elementor-widget-heading\" data-id=\"2031314\" data-element_type=\"widget\" data-e-type=\"widget\" data-widget_type=\"heading.default\">\n\t\t\t\t<div class=\"elementor-widget-container\">\n\t\t\t\t\t<h2 class=\"elementor-heading-title elementor-size-default\">FUENGIROLA<\/h2>\t\t\t\t<\/div>\n\t\t\t\t<\/div>\n\t\t\t\t<div class=\"elementor-element elementor-element-eec12da elementor-widget elementor-widget-text-editor\" data-id=\"eec12da\" data-element_type=\"widget\" data-e-type=\"widget\" data-widget_type=\"text-editor.default\">\n\t\t\t\t<div class=\"elementor-widget-container\">\n\t\t\t\t\t\t\t\t\t<p>V\u00e4lit\u00f6n l\u00e4\u00e4ketieteellinen hoito asukkaille ja turisteille. L\u00e4\u00e4k\u00e4ri 24 h, kotik\u00e4ynnit ja apu kansainv\u00e4listen vakuutusten kanssa. <\/p>\t\t\t\t\t\t\t\t<\/div>\n\t\t\t\t<\/div>\n\t\t\t\t<\/a>\n\t\t<a class=\"elementor-element elementor-element-b042a28 e-con-full e-transform e-flex e-con e-child\" data-id=\"b042a28\" data-element_type=\"container\" data-e-type=\"container\" data-settings=\"{&quot;background_background&quot;:&quot;classic&quot;,&quot;_transform_scale_effect_hover&quot;:{&quot;unit&quot;:&quot;px&quot;,&quot;size&quot;:0.9,&quot;sizes&quot;:[]},&quot;_transform_scale_effect_hover_tablet&quot;:{&quot;unit&quot;:&quot;px&quot;,&quot;size&quot;:&quot;&quot;,&quot;sizes&quot;:[]},&quot;_transform_scale_effect_hover_mobile&quot;:{&quot;unit&quot;:&quot;px&quot;,&quot;size&quot;:&quot;&quot;,&quot;sizes&quot;:[]}}\" href=\"https:\/\/servicios-sisma.com\/centros-medicos\/almunecar\/\">\n\t\t\t\t<div class=\"elementor-element elementor-element-73c5e0e elementor-widget elementor-widget-heading\" data-id=\"73c5e0e\" data-element_type=\"widget\" data-e-type=\"widget\" data-widget_type=\"heading.default\">\n\t\t\t\t<div class=\"elementor-widget-container\">\n\t\t\t\t\t<h2 class=\"elementor-heading-title elementor-size-default\">ALMU\u00d1\u00c9CAR<\/h2>\t\t\t\t<\/div>\n\t\t\t\t<\/div>\n\t\t\t\t<div class=\"elementor-element elementor-element-3c414ce elementor-widget elementor-widget-text-editor\" data-id=\"3c414ce\" data-element_type=\"widget\" data-e-type=\"widget\" data-widget_type=\"text-editor.default\">\n\t\t\t\t<div class=\"elementor-widget-container\">\n\t\t\t\t\t\t\t\t\t<p>V\u00e4lit\u00f6nt\u00e4 l\u00e4\u00e4ketieteellist\u00e4 hoitoa Almu\u00f1\u00e9carissa ja Costa Tropicalilla. L\u00e4\u00e4k\u00e4ri 24 h, p\u00e4ivystys, kotik\u00e4ynnit ja apua asukkaille ja turisteille kansainv\u00e4lisell\u00e4 vakuutuksella. <\/p>\t\t\t\t\t\t\t\t<\/div>\n\t\t\t\t<\/div>\n\t\t\t\t<\/a>\n\t\t<a class=\"elementor-element elementor-element-c81e2b3 e-con-full e-transform e-flex e-con e-child\" data-id=\"c81e2b3\" data-element_type=\"container\" data-e-type=\"container\" data-settings=\"{&quot;background_background&quot;:&quot;classic&quot;,&quot;_transform_scale_effect_hover&quot;:{&quot;unit&quot;:&quot;px&quot;,&quot;size&quot;:0.9,&quot;sizes&quot;:[]},&quot;_transform_scale_effect_hover_tablet&quot;:{&quot;unit&quot;:&quot;px&quot;,&quot;size&quot;:&quot;&quot;,&quot;sizes&quot;:[]},&quot;_transform_scale_effect_hover_mobile&quot;:{&quot;unit&quot;:&quot;px&quot;,&quot;size&quot;:&quot;&quot;,&quot;sizes&quot;:[]}}\" href=\"https:\/\/servicios-sisma.com\/fi\/laakarikeskukset\/benidorm\/\">\n\t\t\t\t<div class=\"elementor-element elementor-element-2337d82 elementor-widget elementor-widget-heading\" data-id=\"2337d82\" data-element_type=\"widget\" data-e-type=\"widget\" data-widget_type=\"heading.default\">\n\t\t\t\t<div class=\"elementor-widget-container\">\n\t\t\t\t\t<h2 class=\"elementor-heading-title elementor-size-default\">BENIDORM<\/h2>\t\t\t\t<\/div>\n\t\t\t\t<\/div>\n\t\t\t\t<div class=\"elementor-element elementor-element-a0c39e7 elementor-widget elementor-widget-text-editor\" data-id=\"a0c39e7\" data-element_type=\"widget\" data-e-type=\"widget\" data-widget_type=\"text-editor.default\">\n\t\t\t\t<div class=\"elementor-widget-container\">\n\t\t\t\t\t\t\t\t\t<p>Keskus erikoistunut l\u00e4\u00e4ketieteellisiin h\u00e4t\u00e4tilanteisiin, yleisl\u00e4\u00e4ketieteeseen ja sairaankuljetuksiin. Nopea ja monikielinen palvelu kotimaisille ja ulkomaisille potilaille. <\/p>\t\t\t\t\t\t\t\t<\/div>\n\t\t\t\t<\/div>\n\t\t\t\t<\/a>\n\t\t<a class=\"elementor-element elementor-element-9a6d3e8 e-con-full e-transform e-flex e-con e-child\" data-id=\"9a6d3e8\" data-element_type=\"container\" data-e-type=\"container\" data-settings=\"{&quot;background_background&quot;:&quot;classic&quot;,&quot;_transform_scale_effect_hover&quot;:{&quot;unit&quot;:&quot;px&quot;,&quot;size&quot;:0.9,&quot;sizes&quot;:[]},&quot;_transform_scale_effect_hover_tablet&quot;:{&quot;unit&quot;:&quot;px&quot;,&quot;size&quot;:&quot;&quot;,&quot;sizes&quot;:[]},&quot;_transform_scale_effect_hover_mobile&quot;:{&quot;unit&quot;:&quot;px&quot;,&quot;size&quot;:&quot;&quot;,&quot;sizes&quot;:[]}}\" href=\"https:\/\/servicios-sisma.com\/fi\/laakarikeskukset\/torrox\/\">\n\t\t\t\t<div class=\"elementor-element elementor-element-2c281d3 elementor-widget elementor-widget-heading\" data-id=\"2c281d3\" data-element_type=\"widget\" data-e-type=\"widget\" data-widget_type=\"heading.default\">\n\t\t\t\t<div class=\"elementor-widget-container\">\n\t\t\t\t\t<h2 class=\"elementor-heading-title elementor-size-default\">TORROX<\/h2>\t\t\t\t<\/div>\n\t\t\t\t<\/div>\n\t\t\t\t<div class=\"elementor-element elementor-element-b49a168 elementor-widget elementor-widget-text-editor\" data-id=\"b49a168\" data-element_type=\"widget\" data-e-type=\"widget\" data-widget_type=\"text-editor.default\">\n\t\t\t\t<div class=\"elementor-widget-container\">\n\t\t\t\t\t\t\t\t\t<p>L\u00e4\u00e4k\u00e4rin vastaanotto 24 h Torroxissa ja l\u00e4hialueilla. Henkil\u00f6kohtainen palvelu, kaksikieliset l\u00e4\u00e4k\u00e4rit ja yhteisty\u00f6 t\u00e4rkeimpien kansainv\u00e4listen vakuutusyhti\u00f6iden kanssa. <\/p>\t\t\t\t\t\t\t\t<\/div>\n\t\t\t\t<\/div>\n\t\t\t\t<\/a>\n\t\t<a class=\"elementor-element elementor-element-5f2b73b e-con-full e-transform e-flex e-con e-child\" data-id=\"5f2b73b\" data-element_type=\"container\" data-e-type=\"container\" data-settings=\"{&quot;background_background&quot;:&quot;classic&quot;,&quot;_transform_scale_effect_hover&quot;:{&quot;unit&quot;:&quot;px&quot;,&quot;size&quot;:0.9,&quot;sizes&quot;:[]},&quot;_transform_scale_effect_hover_tablet&quot;:{&quot;unit&quot;:&quot;px&quot;,&quot;size&quot;:&quot;&quot;,&quot;sizes&quot;:[]},&quot;_transform_scale_effect_hover_mobile&quot;:{&quot;unit&quot;:&quot;px&quot;,&quot;size&quot;:&quot;&quot;,&quot;sizes&quot;:[]}}\" href=\"https:\/\/servicios-sisma.com\/fi\/laakarikeskukset\/torremolinos\/\">\n\t\t\t\t<div class=\"elementor-element elementor-element-cf70e7a elementor-widget elementor-widget-heading\" data-id=\"cf70e7a\" data-element_type=\"widget\" data-e-type=\"widget\" data-widget_type=\"heading.default\">\n\t\t\t\t<div class=\"elementor-widget-container\">\n\t\t\t\t\t<h2 class=\"elementor-heading-title elementor-size-default\">TORREMOLINOS<\/h2>\t\t\t\t<\/div>\n\t\t\t\t<\/div>\n\t\t\t\t<div class=\"elementor-element elementor-element-77a677e elementor-widget elementor-widget-text-editor\" data-id=\"77a677e\" data-element_type=\"widget\" data-e-type=\"widget\" data-widget_type=\"text-editor.default\">\n\t\t\t\t<div class=\"elementor-widget-container\">\n\t\t\t\t\t\t\t\t\t<p>Kattava l\u00e4\u00e4ketieteellinen hoito nopealla vasteella Torremolinosissa ja l\u00e4hialueilla. Vastaanotto paikan p\u00e4\u00e4ll\u00e4, kotik\u00e4ynnit tai turistimajoituksissa. <\/p>\t\t\t\t\t\t\t\t<\/div>\n\t\t\t\t<\/div>\n\t\t\t\t<\/a>\n\t\t\t\t\t<\/div>\n\t\t\t\t<\/div>\n\t\t\t\t<\/div>\n\t\t","protected":false},"excerpt":{"rendered":"<p>L\u00c4\u00c4KINT\u00c4KESKUKSET SISMA tarjoaa k\u00e4ytt\u00f6\u00f6si l\u00e4\u00e4k\u00e4rikeskusverkoston keskeisill\u00e4 paikoilla Costa del Solilla ja Costa Blancalla. Se on suunniteltu tarjoamaan v\u00e4lit\u00f6nt\u00e4 terveydenhuoltoa sek\u00e4 asukkaille ett\u00e4 turisteille, joilla on kansainv\u00e4linen vakuutus. L\u00e4\u00e4k\u00e4rikeskuksemme yhdist\u00e4v\u00e4t teknologian, l\u00e4\u00e4ketieteellisen kokemuksen ja henkil\u00f6kohtaisen hoidon 24 tuntia vuorokaudessa, tarjoten kotil\u00e4\u00e4k\u00e4ripalvelun ja suoran avun klinikoilla, hotelleissa tai huoneistoissa. Katso alta saatavilla olevat klinikkamme ja varaa aikasi&#8230;<\/p>\n","protected":false},"author":2,"featured_media":0,"parent":0,"menu_order":0,"comment_status":"closed","ping_status":"closed","template":"","meta":{"_monsterinsights_skip_tracking":false,"_monsterinsights_sitenote_active":false,"_monsterinsights_sitenote_note":"","_monsterinsights_sitenote_category":0,"_tbt_post_transparent":"","_tbt_post_title":"","_tbt_post_layout":"","_tbt_post_sidebar_id":"","_tbt_post_content_style":"","_tbt_post_vertical_padding":"","_tbt_post_feature":"","_tbt_post_feature_position":"","_tbt_post_header":false,"_tbt_post_footer":false},"class_list":["post-14383","page","type-page","status-publish","hentry"],"aioseo_notices":[],"_links":{"self":[{"href":"https:\/\/servicios-sisma.com\/fi\/wp-json\/wp\/v2\/pages\/14383","targetHints":{"allow":["GET"]}}],"collection":[{"href":"https:\/\/servicios-sisma.com\/fi\/wp-json\/wp\/v2\/pages"}],"about":[{"href":"https:\/\/servicios-sisma.com\/fi\/wp-json\/wp\/v2\/types\/page"}],"author":[{"embeddable":true,"href":"https:\/\/servicios-sisma.com\/fi\/wp-json\/wp\/v2\/users\/2"}],"replies":[{"embeddable":true,"href":"https:\/\/servicios-sisma.com\/fi\/wp-json\/wp\/v2\/comments?post=14383"}],"version-history":[{"count":2,"href":"https:\/\/servicios-sisma.com\/fi\/wp-json\/wp\/v2\/pages\/14383\/revisions"}],"predecessor-version":[{"id":14910,"href":"https:\/\/servicios-sisma.com\/fi\/wp-json\/wp\/v2\/pages\/14383\/revisions\/14910"}],"wp:attachment":[{"href":"https:\/\/servicios-sisma.com\/fi\/wp-json\/wp\/v2\/media?parent=14383"}],"curies":[{"name":"wp","href":"https:\/\/api.w.org\/{rel}","templated":true}]}}