{"id":14429,"date":"2025-07-30T17:27:39","date_gmt":"2025-07-30T15:27:39","guid":{"rendered":"https:\/\/servicios-sisma.com\/ambulanssipalvelut\/paivystys-24h\/"},"modified":"2025-08-01T20:27:44","modified_gmt":"2025-08-01T18:27:44","slug":"paivystys-24h","status":"publish","type":"page","link":"https:\/\/servicios-sisma.com\/fi\/ambulanssipalvelut\/paivystys-24h\/","title":{"rendered":"P\u00e4ivystys 24H"},"content":{"rendered":"\t\t<div data-elementor-type=\"wp-page\" data-elementor-id=\"14429\" class=\"elementor elementor-14429 elementor-12983\">\n\t\t\t\t<div class=\"elementor-element elementor-element-5274c4cb e-flex e-con-boxed e-con e-parent\" data-id=\"5274c4cb\" data-element_type=\"container\" data-e-type=\"container\" data-settings=\"{&quot;background_background&quot;:&quot;classic&quot;}\">\n\t\t\t\t\t<div class=\"e-con-inner\">\n\t\t\t\t<div class=\"elementor-element elementor-element-13631ff9 elementor-widget elementor-widget-heading\" data-id=\"13631ff9\" data-element_type=\"widget\" data-e-type=\"widget\" data-widget_type=\"heading.default\">\n\t\t\t\t<div class=\"elementor-widget-container\">\n\t\t\t\t\t<h1 class=\"elementor-heading-title elementor-size-default\">Ambulanssi 24 tuntia \u2013 V\u00e4lit\u00f6n l\u00e4\u00e4ketieteellinen p\u00e4ivystys<\/h1>\t\t\t\t<\/div>\n\t\t\t\t<\/div>\n\t\t\t\t<div class=\"elementor-element elementor-element-471fc4f elementor-align-center elementor-widget elementor-widget-button\" data-id=\"471fc4f\" data-element_type=\"widget\" data-e-type=\"widget\" data-widget_type=\"button.default\">\n\t\t\t\t<div class=\"elementor-widget-container\">\n\t\t\t\t\t\t\t\t\t<div class=\"elementor-button-wrapper\">\n\t\t\t\t\t<a class=\"elementor-button elementor-button-link elementor-size-sm\" href=\"tel:+34624628600\">\n\t\t\t\t\t\t<span class=\"elementor-button-content-wrapper\">\n\t\t\t\t\t\t\t\t\t<span class=\"elementor-button-text\">Tilaa kiireellinen ambulanssi<\/span>\n\t\t\t\t\t<\/span>\n\t\t\t\t\t<\/a>\n\t\t\t\t<\/div>\n\t\t\t\t\t\t\t\t<\/div>\n\t\t\t\t<\/div>\n\t\t\t\t\t<\/div>\n\t\t\t\t<\/div>\n\t\t<div class=\"elementor-element elementor-element-175d23e1 e-flex e-con-boxed e-con e-parent\" data-id=\"175d23e1\" data-element_type=\"container\" data-e-type=\"container\">\n\t\t\t\t\t<div class=\"e-con-inner\">\n\t\t\t\t<div class=\"elementor-element elementor-element-cb50af0 elementor-widget elementor-widget-heading\" data-id=\"cb50af0\" data-element_type=\"widget\" data-e-type=\"widget\" data-widget_type=\"heading.default\">\n\t\t\t\t<div class=\"elementor-widget-container\">\n\t\t\t\t\t<h2 class=\"elementor-heading-title elementor-size-default\">L\u00e4\u00e4ketieteelliset palvelut 24\/7 asukkaille ja turisteille<\/h2>\t\t\t\t<\/div>\n\t\t\t\t<\/div>\n\t\t\t\t<div class=\"elementor-element elementor-element-f114aa7 elementor-widget elementor-widget-text-editor\" data-id=\"f114aa7\" data-element_type=\"widget\" data-e-type=\"widget\" data-widget_type=\"text-editor.default\">\n\t\t\t\t<div class=\"elementor-widget-container\">\n\t\t\t\t\t\t\t\t\t<p data-pm-slice=\"1 1 []\">Me <a href=\"https:\/\/servicios-sisma.com\/fi\/\"><strong>SISMAlla<\/strong><\/a> tarjoamme l\u00e4\u00e4ketieteellist\u00e4 apua <strong>p\u00e4ivystystapauksiin<\/strong> 24 tuntia vuorokaudessa, <strong>joka p\u00e4iv\u00e4 vuodessa<\/strong>. Toimimme p\u00e4ivystystapauksissa, jotka vaativat avustettuja siirtoja. Vastaamme nopeasti ja turvallisesti. Palvelemme kodeissa, turistimajoituksissa, julkisilla paikoilla tai l\u00e4\u00e4k\u00e4rikeskuksissa.   <\/p><h4><strong>P\u00e4\u00e4sy ilman ajanvarausta<\/strong><\/h4><ul><li><strong>Voit soittaa meille<\/strong> suoraan ja henkil\u00f6kuntamme auttaa sinua v\u00e4litt\u00f6m\u00e4sti.<\/li><\/ul><h4><strong>L\u00e4\u00e4k\u00e4rik\u00e4ynnit kotiin tai hotelliin<\/strong><\/h4><ul><li><strong>L\u00e4\u00e4k\u00e4rimme tulevat suoraan luoksesi<\/strong>, v\u00e4ltt\u00e4en tarpeettomia siirtoja ja varmistaen <strong>mukavan ja tehokkaan hoidon<\/strong>.<\/li><\/ul><h4><strong>Ambulanssit 24h<\/strong><\/h4><ul><li>Meill\u00e4 on <strong>p\u00e4ivystysyksik\u00f6it\u00e4<\/strong>, jotka on varustettu perus- ja edistyneell\u00e4 elintoimintojen tuella (SVB\/SVA), sek\u00e4 <strong>erikoistunutta henkil\u00f6kuntaa<\/strong> siirtojen suorittamiseen.<\/li><\/ul>\t\t\t\t\t\t\t\t<\/div>\n\t\t\t\t<\/div>\n\t\t\t\t<div class=\"elementor-element elementor-element-a3d303d elementor-align-center elementor-widget elementor-widget-button\" data-id=\"a3d303d\" data-element_type=\"widget\" data-e-type=\"widget\" data-widget_type=\"button.default\">\n\t\t\t\t<div class=\"elementor-widget-container\">\n\t\t\t\t\t\t\t\t\t<div class=\"elementor-button-wrapper\">\n\t\t\t\t\t<a class=\"elementor-button elementor-button-link elementor-size-sm\" href=\"tel:+34624628600\">\n\t\t\t\t\t\t<span class=\"elementor-button-content-wrapper\">\n\t\t\t\t\t\t\t\t\t<span class=\"elementor-button-text\">Tilaa kiireellinen ambulanssi<\/span>\n\t\t\t\t\t<\/span>\n\t\t\t\t\t<\/a>\n\t\t\t\t<\/div>\n\t\t\t\t\t\t\t\t<\/div>\n\t\t\t\t<\/div>\n\t\t\t\t<div class=\"elementor-element elementor-element-7f9e7f5b elementor-widget elementor-widget-heading\" data-id=\"7f9e7f5b\" data-element_type=\"widget\" data-e-type=\"widget\" data-widget_type=\"heading.default\">\n\t\t\t\t<div class=\"elementor-widget-container\">\n\t\t\t\t\t<h2 class=\"elementor-heading-title elementor-size-default\">L\u00e4\u00e4ketieteellinen p\u00e4ivystyspalvelu kotiin Fuengirolassa, Torremolinoksessa ja l\u00e4hialueilla<\/h2>\t\t\t\t<\/div>\n\t\t\t\t<\/div>\n\t\t\t\t<div class=\"elementor-element elementor-element-61fd2452 elementor-widget elementor-widget-text-editor\" data-id=\"61fd2452\" data-element_type=\"widget\" data-e-type=\"widget\" data-widget_type=\"text-editor.default\">\n\t\t\t\t<div class=\"elementor-widget-container\">\n\t\t\t\t\t\t\t\t\t<p data-start=\"943\" data-end=\"978\">Tarjoamme p\u00e4ivystyspalvelua:<\/p><ul data-start=\"980\" data-end=\"1245\"><li data-start=\"980\" data-end=\"1066\"><p data-start=\"982\" data-end=\"1066\">Fuengirola, Torremolinos, Benalm\u00e1dena, Marbella, Estepona, Mijas\u2026<\/p><\/li><li data-start=\"1067\" data-end=\"1162\"><p data-start=\"1069\" data-end=\"1162\">Nerja, Torrox, V\u00e9lez-M\u00e1laga, Motril, Rinc\u00f3n de la Victoria\u2026<\/p><\/li><li data-start=\"1163\" data-end=\"1245\"><p data-start=\"1165\" data-end=\"1245\">Benidorm, Calpe, Altea, La Nuc\u00eda, Villajoyosa, Alfaz del Pi&#8230;<\/p><\/li><\/ul><p>Sinun tarvitsee vain soittaa meille. Koordinoimme k\u00e4ynnin kiireellisyyden ja l\u00e4himm\u00e4n saatavuuden mukaan. <\/p><h4><strong>Vasteaika<\/strong><\/h4><ul><li>Useimmissa tapauksissa palvelemme alle 30 minuutissa.<\/li><\/ul>\t\t\t\t\t\t\t\t<\/div>\n\t\t\t\t<\/div>\n\t\t\t\t<div class=\"elementor-element elementor-element-2fede203 elementor-widget elementor-widget-heading\" data-id=\"2fede203\" data-element_type=\"widget\" data-e-type=\"widget\" data-widget_type=\"heading.default\">\n\t\t\t\t<div class=\"elementor-widget-container\">\n\t\t\t\t\t<h2 class=\"elementor-heading-title elementor-size-default\">Tarjoamme p\u00e4ivystyshoitoa potilaille, joilla on kansainv\u00e4linen sairausvakuutus.<\/h2>\t\t\t\t<\/div>\n\t\t\t\t<\/div>\n\t\t\t\t<div class=\"elementor-element elementor-element-46a515b1 elementor-widget elementor-widget-text-editor\" data-id=\"46a515b1\" data-element_type=\"widget\" data-e-type=\"widget\" data-widget_type=\"text-editor.default\">\n\t\t\t\t<div class=\"elementor-widget-container\">\n\t\t\t\t\t\t\t\t\t<p>Teemme yhteisty\u00f6t\u00e4 johtavien <strong>kansainv\u00e4listen matka- ja terveysvakuutusyhti\u00f6iden<\/strong> kanssa.<\/p><ul><li>Hyv\u00e4ksymme useimmat eurooppalaiset ja pohjoisamerikkalaiset vakuutukset. <strong>Tarkistamme kattavuutesi heti<\/strong>.<\/li><li>Tarvitset vain passisi ja vakuutusnumerosi. Me hoidamme loput.<\/li><li>Vakuutuksesi avulla v\u00e4lt\u00e4t korkeat maksut, saat nopeaa hoitoa ja voit nauttia matkastasi rauhallisin mielin.<\/li><\/ul>\t\t\t\t\t\t\t\t<\/div>\n\t\t\t\t<\/div>\n\t\t\t\t<div class=\"elementor-element elementor-element-78fda672 elementor-widget elementor-widget-heading\" data-id=\"78fda672\" data-element_type=\"widget\" data-e-type=\"widget\" data-widget_type=\"heading.default\">\n\t\t\t\t<div class=\"elementor-widget-container\">\n\t\t\t\t\t<h2 class=\"elementor-heading-title elementor-size-default\">L\u00e4\u00e4ketieteellinen apu turisteille Costa del Solilla<\/h2>\t\t\t\t<\/div>\n\t\t\t\t<\/div>\n\t\t\t\t<div class=\"elementor-element elementor-element-3869d12b elementor-widget elementor-widget-text-editor\" data-id=\"3869d12b\" data-element_type=\"widget\" data-e-type=\"widget\" data-widget_type=\"text-editor.default\">\n\t\t\t\t<div class=\"elementor-widget-container\">\n\t\t\t\t\t\t\t\t\t<p data-pm-slice=\"1 1 []\">Tied\u00e4mme, kuinka t\u00e4rke\u00e4\u00e4 on tuntea olonsa turvalliseksi matkustaessa. Siksi tarjoamme kansainv\u00e4lisille vierailijoille r\u00e4\u00e4t\u00e4l\u00f6ity\u00e4 palvelua.<\/p><ul><li>Henkil\u00f6kuntamme puhuu englantia, saksaa, ranskaa ja muita kieli\u00e4, mik\u00e4 takaa selke\u00e4n viestinn\u00e4n.<\/li><li>Teemme yhteisty\u00f6t\u00e4 kansainv\u00e4listen klinikoiden, sairaaloiden ja tunnettujen vakuutusyhti\u00f6iden kanssa Euroopassa ja Amerikassa.<\/li><\/ul>\t\t\t\t\t\t\t\t<\/div>\n\t\t\t\t<\/div>\n\t\t\t\t<div class=\"elementor-element elementor-element-963d1ff elementor-widget elementor-widget-heading\" data-id=\"963d1ff\" data-element_type=\"widget\" data-e-type=\"widget\" data-widget_type=\"heading.default\">\n\t\t\t\t<div class=\"elementor-widget-container\">\n\t\t\t\t\t<h2 class=\"elementor-heading-title elementor-size-default\">Miksi valita meid\u00e4t 24h l\u00e4\u00e4ketieteellisiin p\u00e4ivystystapauksiin?<\/h2>\t\t\t\t<\/div>\n\t\t\t\t<\/div>\n\t\t\t\t<div class=\"elementor-element elementor-element-5ae7bf7 elementor-widget elementor-widget-text-editor\" data-id=\"5ae7bf7\" data-element_type=\"widget\" data-e-type=\"widget\" data-widget_type=\"text-editor.default\">\n\t\t\t\t<div class=\"elementor-widget-container\">\n\t\t\t\t\t\t\t\t\t<ul><li data-pm-slice=\"1 1 []\">Kokeneet ammattilaiset, jotka tarjoavat <strong>l\u00e4heist\u00e4 ja inhimillist\u00e4 kohtelua<\/strong>.<\/li><li data-pm-slice=\"1 1 []\">Nopea kattavuus <strong>Fuengirolassa, Torremolinoksessa, Torroxissa, Benidormissa<\/strong> ja l\u00e4hialueilla.<\/li><li data-pm-slice=\"1 1 []\">Positiivisia arvioita <strong>tyytyv\u00e4isilt\u00e4 turisteilta ja asukkailta<\/strong>, jotka suosittelevat meit\u00e4 jatkuvasti.<\/li><\/ul>\t\t\t\t\t\t\t\t<\/div>\n\t\t\t\t<\/div>\n\t\t\t\t\t<\/div>\n\t\t\t\t<\/div>\n\t\t<div class=\"elementor-element elementor-element-2d88310a e-flex e-con-boxed e-con e-parent\" data-id=\"2d88310a\" data-element_type=\"container\" data-e-type=\"container\" data-settings=\"{&quot;background_background&quot;:&quot;classic&quot;}\">\n\t\t\t\t\t<div class=\"e-con-inner\">\n\t\t\t\t<div class=\"elementor-element elementor-element-58bd6f8c elementor-widget elementor-widget-heading\" data-id=\"58bd6f8c\" data-element_type=\"widget\" data-e-type=\"widget\" data-widget_type=\"heading.default\">\n\t\t\t\t<div class=\"elementor-widget-container\">\n\t\t\t\t\t<h2 class=\"elementor-heading-title elementor-size-default\">Soita meille ja tilaa kiireellinen ambulanssi.<\/h2>\t\t\t\t<\/div>\n\t\t\t\t<\/div>\n\t\t\t\t<div class=\"elementor-element elementor-element-bc7a2ee elementor-widget elementor-widget-heading\" data-id=\"bc7a2ee\" data-element_type=\"widget\" data-e-type=\"widget\" data-widget_type=\"heading.default\">\n\t\t\t\t<div class=\"elementor-widget-container\">\n\t\t\t\t\t<h2 class=\"elementor-heading-title elementor-size-default\">Voit my\u00f6s ottaa meihin yhteytt\u00e4 suoraan WhatsAppissa saadaksesi v\u00e4lit\u00f6nt\u00e4 apua.<\/h2>\t\t\t\t<\/div>\n\t\t\t\t<\/div>\n\t\t\t\t\t<\/div>\n\t\t\t\t<\/div>\n\t\t\t\t<\/div>\n\t\t","protected":false},"excerpt":{"rendered":"<p>Ambulanssi 24 tuntia \u2013 V\u00e4lit\u00f6n l\u00e4\u00e4ketieteellinen p\u00e4ivystys Tilaa kiireellinen ambulanssi L\u00e4\u00e4ketieteelliset palvelut 24\/7 asukkaille ja turisteille Me SISMAlla tarjoamme l\u00e4\u00e4ketieteellist\u00e4 apua p\u00e4ivystystapauksiin 24 tuntia vuorokaudessa, joka p\u00e4iv\u00e4 vuodessa. Toimimme p\u00e4ivystystapauksissa, jotka vaativat avustettuja siirtoja. Vastaamme nopeasti ja turvallisesti. Palvelemme kodeissa, turistimajoituksissa, julkisilla paikoilla tai l\u00e4\u00e4k\u00e4rikeskuksissa. P\u00e4\u00e4sy ilman ajanvarausta Voit soittaa meille suoraan ja henkil\u00f6kuntamme auttaa&#8230;<\/p>\n","protected":false},"author":2,"featured_media":0,"parent":14369,"menu_order":0,"comment_status":"closed","ping_status":"closed","template":"","meta":{"_monsterinsights_skip_tracking":false,"_monsterinsights_sitenote_active":false,"_monsterinsights_sitenote_note":"","_monsterinsights_sitenote_category":0,"_tbt_post_transparent":"","_tbt_post_title":"","_tbt_post_layout":"","_tbt_post_sidebar_id":"","_tbt_post_content_style":"","_tbt_post_vertical_padding":"","_tbt_post_feature":"","_tbt_post_feature_position":"","_tbt_post_header":false,"_tbt_post_footer":false},"class_list":["post-14429","page","type-page","status-publish","hentry"],"aioseo_notices":[],"_links":{"self":[{"href":"https:\/\/servicios-sisma.com\/fi\/wp-json\/wp\/v2\/pages\/14429","targetHints":{"allow":["GET"]}}],"collection":[{"href":"https:\/\/servicios-sisma.com\/fi\/wp-json\/wp\/v2\/pages"}],"about":[{"href":"https:\/\/servicios-sisma.com\/fi\/wp-json\/wp\/v2\/types\/page"}],"author":[{"embeddable":true,"href":"https:\/\/servicios-sisma.com\/fi\/wp-json\/wp\/v2\/users\/2"}],"replies":[{"embeddable":true,"href":"https:\/\/servicios-sisma.com\/fi\/wp-json\/wp\/v2\/comments?post=14429"}],"version-history":[{"count":1,"href":"https:\/\/servicios-sisma.com\/fi\/wp-json\/wp\/v2\/pages\/14429\/revisions"}],"predecessor-version":[{"id":14430,"href":"https:\/\/servicios-sisma.com\/fi\/wp-json\/wp\/v2\/pages\/14429\/revisions\/14430"}],"up":[{"embeddable":true,"href":"https:\/\/servicios-sisma.com\/fi\/wp-json\/wp\/v2\/pages\/14369"}],"wp:attachment":[{"href":"https:\/\/servicios-sisma.com\/fi\/wp-json\/wp\/v2\/media?parent=14429"}],"curies":[{"name":"wp","href":"https:\/\/api.w.org\/{rel}","templated":true}]}}