{"id":14437,"date":"2025-07-31T10:22:59","date_gmt":"2025-07-31T08:22:59","guid":{"rendered":"https:\/\/servicios-sisma.com\/ambulanssipalvelut\/tapahtumat\/"},"modified":"2025-08-01T20:28:00","modified_gmt":"2025-08-01T18:28:00","slug":"tapahtumat","status":"publish","type":"page","link":"https:\/\/servicios-sisma.com\/fi\/ambulanssipalvelut\/tapahtumat\/","title":{"rendered":"tapahtumat"},"content":{"rendered":"\t\t<div data-elementor-type=\"wp-page\" data-elementor-id=\"14437\" class=\"elementor elementor-14437 elementor-13031\">\n\t\t\t\t<div class=\"elementor-element elementor-element-2c5a1372 e-flex e-con-boxed e-con e-parent\" data-id=\"2c5a1372\" data-element_type=\"container\" data-e-type=\"container\" data-settings=\"{&quot;background_background&quot;:&quot;classic&quot;}\">\n\t\t\t\t\t<div class=\"e-con-inner\">\n\t\t\t\t<div class=\"elementor-element elementor-element-3286456f elementor-widget elementor-widget-heading\" data-id=\"3286456f\" data-element_type=\"widget\" data-e-type=\"widget\" data-widget_type=\"heading.default\">\n\t\t\t\t<div class=\"elementor-widget-container\">\n\t\t\t\t\t<h1 class=\"elementor-heading-title elementor-size-default\">Tapahtuma-ambulanssit<br>Ammattimainen terveydenhuollon peitto<\/h1>\t\t\t\t<\/div>\n\t\t\t\t<\/div>\n\t\t\t\t<div class=\"elementor-element elementor-element-6fac0549 elementor-align-center elementor-widget elementor-widget-button\" data-id=\"6fac0549\" data-element_type=\"widget\" data-e-type=\"widget\" data-widget_type=\"button.default\">\n\t\t\t\t<div class=\"elementor-widget-container\">\n\t\t\t\t\t\t\t\t\t<div class=\"elementor-button-wrapper\">\n\t\t\t\t\t<a class=\"elementor-button elementor-button-link elementor-size-sm\" href=\"#\">\n\t\t\t\t\t\t<span class=\"elementor-button-content-wrapper\">\n\t\t\t\t\t\t\t\t\t<span class=\"elementor-button-text\">PYYD\u00c4 NYT<\/span>\n\t\t\t\t\t<\/span>\n\t\t\t\t\t<\/a>\n\t\t\t\t<\/div>\n\t\t\t\t\t\t\t\t<\/div>\n\t\t\t\t<\/div>\n\t\t\t\t\t<\/div>\n\t\t\t\t<\/div>\n\t\t<div class=\"elementor-element elementor-element-26014077 e-flex e-con-boxed e-con e-parent\" data-id=\"26014077\" data-element_type=\"container\" data-e-type=\"container\">\n\t\t\t\t\t<div class=\"e-con-inner\">\n\t\t\t\t<div class=\"elementor-element elementor-element-7367057f elementor-widget elementor-widget-heading\" data-id=\"7367057f\" data-element_type=\"widget\" data-e-type=\"widget\" data-widget_type=\"heading.default\">\n\t\t\t\t<div class=\"elementor-widget-container\">\n\t\t\t\t\t<h2 class=\"elementor-heading-title elementor-size-default\"><h2 data-pm-slice=\"1 1 []\"><span>Terveydenhuollon turvallisuus julkisissa ja yksityisiss\u00e4 tapahtumissa<\/span><\/h2><\/h2>\t\t\t\t<\/div>\n\t\t\t\t<\/div>\n\t\t\t\t<div class=\"elementor-element elementor-element-70ec87bc elementor-widget elementor-widget-text-editor\" data-id=\"70ec87bc\" data-element_type=\"widget\" data-e-type=\"widget\" data-widget_type=\"text-editor.default\">\n\t\t\t\t<div class=\"elementor-widget-container\">\n\t\t\t\t\t\t\t\t\t<p data-pm-slice=\"1 1 []\">Me <a href=\"https:\/\/servicios-sisma.com\/fi\/\"><strong data-start=\"440\" data-end=\"459\">SISMAlla<\/strong><\/a> tarjoamme <strong data-start=\"470\" data-end=\"501\">l\u00e4\u00e4ketieteellist\u00e4 peittoa tapahtumissa<\/strong> t\u00e4ysin varustetuilla ambulansseilla ja p\u00e4tev\u00e4ll\u00e4 terveydenhuollon henkil\u00f6kunnalla. Toimimme <strong data-start=\"585\" data-end=\"651\">koko Costa del Solilla, Malagan p\u00e4\u00e4kaupungissa, Benidormissa ja Costa Blancalla<\/strong>, tarjoten apua konserteissa, yksityisiss\u00e4 juhlissa, urheilukilpailuissa, festivaaleilla ja institutionaalisissa tilaisuuksissa. <\/p><ul><li>Meill\u00e4 on t\u00e4ysin varustetut ambulanssit ja erikoistunut terveydenhuollon henkil\u00f6kunta <strong>joukkoymp\u00e4rist\u00f6jen h\u00e4t\u00e4tilanteiden ehk\u00e4isyyn ja hoitoon<\/strong>.<\/li><li>Sovellamme terveys- ja kunnallisviranomaisten vaatimia protokollia ja s\u00e4\u00e4nn\u00f6ksi\u00e4.<\/li><\/ul><p>Ty\u00f6skentelemme sek\u00e4 <strong data-start=\"1068\" data-end=\"1090\">julkisten tahojen<\/strong> ett\u00e4 <strong data-start=\"1100\" data-end=\"1148\">yksityisten yritysten ja tapahtumaj\u00e4rjest\u00e4jien<\/strong> kanssa. Takaamme <strong data-start=\"1167\" data-end=\"1235\">v\u00e4litt\u00f6m\u00e4n reagoinnin, s\u00e4\u00e4nn\u00f6sten noudattamisen ja kattavan peiton<\/strong> tapahtuman pystytyksest\u00e4 purkamiseen asti. <\/p>\t\t\t\t\t\t\t\t<\/div>\n\t\t\t\t<\/div>\n\t\t\t\t<div class=\"elementor-element elementor-element-3122cab elementor-align-center elementor-widget elementor-widget-button\" data-id=\"3122cab\" data-element_type=\"widget\" data-e-type=\"widget\" data-widget_type=\"button.default\">\n\t\t\t\t<div class=\"elementor-widget-container\">\n\t\t\t\t\t\t\t\t\t<div class=\"elementor-button-wrapper\">\n\t\t\t\t\t<a class=\"elementor-button elementor-button-link elementor-size-sm\" href=\"#\">\n\t\t\t\t\t\t<span class=\"elementor-button-content-wrapper\">\n\t\t\t\t\t\t\t\t\t<span class=\"elementor-button-text\">PYYD\u00c4 NYT<\/span>\n\t\t\t\t\t<\/span>\n\t\t\t\t\t<\/a>\n\t\t\t\t<\/div>\n\t\t\t\t\t\t\t\t<\/div>\n\t\t\t\t<\/div>\n\t\t\t\t<div class=\"elementor-element elementor-element-598a06f elementor-widget elementor-widget-heading\" data-id=\"598a06f\" data-element_type=\"widget\" data-e-type=\"widget\" data-widget_type=\"heading.default\">\n\t\t\t\t<div class=\"elementor-widget-container\">\n\t\t\t\t\t<h2 class=\"elementor-heading-title elementor-size-default\">Urheilu-, kulttuuri-, yritys- tai sosiaaliset tapahtumat<\/h2>\t\t\t\t<\/div>\n\t\t\t\t<\/div>\n\t\t\t\t<div class=\"elementor-element elementor-element-3489cb19 elementor-widget elementor-widget-text-editor\" data-id=\"3489cb19\" data-element_type=\"widget\" data-e-type=\"widget\" data-widget_type=\"text-editor.default\">\n\t\t\t\t<div class=\"elementor-widget-container\">\n\t\t\t\t\t\t\t\t\t<p data-pm-slice=\"1 3 []\">Tarjoamme l\u00e4\u00e4ketieteellist\u00e4 peittoa:<\/p><ul data-spread=\"false\"><li><p>Yleisurheilukilpailut, triathlonit, turnaukset ja maratonit.<\/p><\/li><li><p>Konsertit, kyl\u00e4juhlat, pyhiinvaellukset ja julkiset esitykset.<\/p><\/li><li><p>Kongressit, messut ja yritystapaamiset.<\/p><\/li><li><p>H\u00e4\u00e4t, yksityiset juhlat ja uskonnolliset tilaisuudet.<\/p><\/li><\/ul><p data-pm-slice=\"1 1 []\">Tiimimme koostuu <strong>terveydenhuollon h\u00e4t\u00e4tilanteiden teknikoista, sairaanhoitajista ja l\u00e4\u00e4k\u00e4reist\u00e4<\/strong> tapahtuman riskitason mukaan.<\/p>\t\t\t\t\t\t\t\t<\/div>\n\t\t\t\t<\/div>\n\t\t\t\t<div class=\"elementor-element elementor-element-195f86b9 elementor-widget elementor-widget-heading\" data-id=\"195f86b9\" data-element_type=\"widget\" data-e-type=\"widget\" data-widget_type=\"heading.default\">\n\t\t\t\t<div class=\"elementor-widget-container\">\n\t\t\t\t\t<h2 class=\"elementor-heading-title elementor-size-default\"><h2 data-pm-slice=\"1 1 []\"><span>R\u00e4\u00e4t\u00e4l\u00f6ity terveydenhuollon suunnittelu jokaiseen tapahtumaan<\/span><\/h2><\/h2>\t\t\t\t<\/div>\n\t\t\t\t<\/div>\n\t\t\t\t<div class=\"elementor-element elementor-element-38f26b8a elementor-widget elementor-widget-text-editor\" data-id=\"38f26b8a\" data-element_type=\"widget\" data-e-type=\"widget\" data-widget_type=\"text-editor.default\">\n\t\t\t\t<div class=\"elementor-widget-container\">\n\t\t\t\t\t\t\t\t\t<p data-pm-slice=\"1 1 []\">Tarjoamme kattavan palvelun, joka sis\u00e4lt\u00e4\u00e4:<\/p><ul><li>Ennakkoriskien <strong>arvioinnin<\/strong>.<\/li><li>H\u00e4t\u00e4- ja terveydenhuollon <strong>suunnitelman<\/strong> laatimisen.<\/li><li>Tapahtuman tyyppiin mukautetun <strong>henkil\u00f6st\u00f6n ja materiaaliresurssien<\/strong> tarjoamisen.<\/li><li><strong>Yhteisty\u00f6n j\u00e4rjest\u00e4jien<\/strong> ja paikallisten <strong>viranomaisten<\/strong> kanssa.<\/li><\/ul>\t\t\t\t\t\t\t\t<\/div>\n\t\t\t\t<\/div>\n\t\t\t\t<div class=\"elementor-element elementor-element-6f3a9493 elementor-widget elementor-widget-heading\" data-id=\"6f3a9493\" data-element_type=\"widget\" data-e-type=\"widget\" data-widget_type=\"heading.default\">\n\t\t\t\t<div class=\"elementor-widget-container\">\n\t\t\t\t\t<h2 class=\"elementor-heading-title elementor-size-default\">S\u00e4\u00e4nn\u00f6sten noudattaminen ja ammattimaisuus taattu<\/h2>\t\t\t\t<\/div>\n\t\t\t\t<\/div>\n\t\t\t\t<div class=\"elementor-element elementor-element-778089e9 elementor-widget elementor-widget-text-editor\" data-id=\"778089e9\" data-element_type=\"widget\" data-e-type=\"widget\" data-widget_type=\"text-editor.default\">\n\t\t\t\t<div class=\"elementor-widget-container\">\n\t\t\t\t\t\t\t\t\t<p data-pm-slice=\"1 1 []\">Ty\u00f6skentelemme voimassa olevan terveydenhuollon lains\u00e4\u00e4d\u00e4nn\u00f6n mukaisesti ja meill\u00e4 on kaikki tarvittavat luvat.<\/p><ul><li>Henkil\u00f6kunnallamme on erityiskoulutus tapahtumista ja elvytystuesta.<\/li><li>Saatavuus koko Costa del Solilla: <strong>Fuengirola, Mijas, Torremolinos, Marbella, Estepona<\/strong> ja paljon muuta.<\/li><\/ul>\t\t\t\t\t\t\t\t<\/div>\n\t\t\t\t<\/div>\n\t\t\t\t<div class=\"elementor-element elementor-element-4734e4b2 elementor-widget elementor-widget-heading\" data-id=\"4734e4b2\" data-element_type=\"widget\" data-e-type=\"widget\" data-widget_type=\"heading.default\">\n\t\t\t\t<div class=\"elementor-widget-container\">\n\t\t\t\t\t<h2 class=\"elementor-heading-title elementor-size-default\">Alueellinen kattavuus<\/h2>\t\t\t\t<\/div>\n\t\t\t\t<\/div>\n\t\t\t\t<div class=\"elementor-element elementor-element-870d515 elementor-widget elementor-widget-text-editor\" data-id=\"870d515\" data-element_type=\"widget\" data-e-type=\"widget\" data-widget_type=\"text-editor.default\">\n\t\t\t\t<div class=\"elementor-widget-container\">\n\t\t\t\t\t\t\t\t\t<p data-start=\"1322\" data-end=\"1373\">Tarjoamme ambulanssipalveluita tapahtumiin:<\/p><ul data-start=\"1375\" data-end=\"1633\"><li data-start=\"1375\" data-end=\"1480\"><p data-start=\"1377\" data-end=\"1480\">Fuengirola, Marbella, Torremolinos, Estepona, Benalm\u00e1dena, Mijas&#8230;<\/p><\/li><li data-start=\"1481\" data-end=\"1552\"><p data-start=\"1483\" data-end=\"1552\">Nerja, Torrox, V\u00e9lez-M\u00e1laga, Motril&#8230;<\/p><\/li><li data-start=\"1553\" data-end=\"1633\"><p data-start=\"1555\" data-end=\"1633\">Benidorm, Altea, Calpe, La Nucia, Villajoyosa, Alfaz del Pi\u2026<\/p><\/li><\/ul>\t\t\t\t\t\t\t\t<\/div>\n\t\t\t\t<\/div>\n\t\t\t\t<div class=\"elementor-element elementor-element-06b9d62 elementor-widget elementor-widget-heading\" data-id=\"06b9d62\" data-element_type=\"widget\" data-e-type=\"widget\" data-widget_type=\"heading.default\">\n\t\t\t\t<div class=\"elementor-widget-container\">\n\t\t\t\t\t<h2 class=\"elementor-heading-title elementor-size-default\">Miksi luottaa SISMAan tapahtumassasi?<\/h2>\t\t\t\t<\/div>\n\t\t\t\t<\/div>\n\t\t\t\t<div class=\"elementor-element elementor-element-536d2164 elementor-widget elementor-widget-text-editor\" data-id=\"536d2164\" data-element_type=\"widget\" data-e-type=\"widget\" data-widget_type=\"text-editor.default\">\n\t\t\t\t<div class=\"elementor-widget-container\">\n\t\t\t\t\t\t\t\t\t<ul><li data-pm-slice=\"1 1 []\">Yli 10 vuoden kokemus erikokoisista tapahtumista.<\/li><li>Henkil\u00f6kohtainen palvelu suunnittelusta palvelun p\u00e4\u00e4ttymiseen asti.<\/li><li>T\u00e4sm\u00e4llisyys, harkintakyky ja maksimaalinen valmistautuminen kaikkina aikoina.<\/li><\/ul>\t\t\t\t\t\t\t\t<\/div>\n\t\t\t\t<\/div>\n\t\t\t\t\t<\/div>\n\t\t\t\t<\/div>\n\t\t<div class=\"elementor-element elementor-element-33780bd e-flex e-con-boxed e-con e-parent\" data-id=\"33780bd\" data-element_type=\"container\" data-e-type=\"container\">\n\t\t\t\t\t<div class=\"e-con-inner\">\n\t\t\t\t<div class=\"elementor-element elementor-element-3842ea2 elementor-widget elementor-widget-heading\" data-id=\"3842ea2\" data-element_type=\"widget\" data-e-type=\"widget\" data-widget_type=\"heading.default\">\n\t\t\t\t<div class=\"elementor-widget-container\">\n\t\t\t\t\t<h2 class=\"elementor-heading-title elementor-size-default\">J\u00e4rjest\u00e4tk\u00f6 tapahtumaa? Ota yhteytt\u00e4 meihin: <\/h2>\t\t\t\t<\/div>\n\t\t\t\t<\/div>\n\t\t\t\t<div class=\"elementor-element elementor-element-f038a5f elementor-widget elementor-widget-shortcode\" data-id=\"f038a5f\" data-element_type=\"widget\" data-e-type=\"widget\" data-widget_type=\"shortcode.default\">\n\t\t\t\t<div class=\"elementor-widget-container\">\n\t\t\t\t\t\t\t<div class=\"elementor-shortcode\"><style id=\"wpforms-css-vars-12900\">\n\t\t\t\t#wpforms-12900 {\n\t\t\t\t--wpforms-container-padding: 0px;\n--wpforms-container-border-width: 1px;\n--wpforms-container-border-radius: 3px;\n--wpforms-background-color: rgba(0, 0, 0, 0);\n--wpforms-field-size-input-height: 43px;\n--wpforms-field-size-input-spacing: 15px;\n--wpforms-field-size-font-size: 16px;\n--wpforms-field-size-line-height: 19px;\n--wpforms-field-size-padding-h: 14px;\n--wpforms-field-size-checkbox-size: 16px;\n--wpforms-field-size-sublabel-spacing: 5px;\n--wpforms-field-size-icon-size: 1;\n--wpforms-label-size-font-size: 16px;\n--wpforms-label-size-line-height: 19px;\n--wpforms-label-size-sublabel-font-size: 14px;\n--wpforms-label-size-sublabel-line-height: 17px;\n--wpforms-button-size-font-size: 17px;\n--wpforms-button-size-height: 41px;\n--wpforms-button-size-padding-h: 15px;\n--wpforms-button-size-margin-top: 10px;\n--wpforms-container-shadow-size-box-shadow: none;\n\t\t\t}\n\t\t\t<\/style>\r\n<style type=\"text\/css\">\r\n\r\n\r\n\r\nbody #wpforms-12900 {\r\n\t\t\r\n\t\t\tfont-family:inherit;}\r\n\r\n\t\r\n\r\n\tbody #wpforms-12900 .wpforms-head-container {\r\n\tborder-width:0px ;border-style:solid ;\t}\r\n\r\n\tbody #wpforms-12900 .wpforms-head-container .wpforms-title {\r\n\ttext-align:center ;\t}\r\n\r\n\tbody #wpforms-12900 .wpforms-head-container .wpforms-description {\r\n\t\t\t\tdisplay:block;\r\n\t}\r\n\r\n\r\n\tbody #wpforms-12900 .wpforms-submit-container .wpforms-submit, body #wpforms-12900 .wpforms-field-pagebreak button.wpforms-page-button {\r\n\t\ttext-align:left ;background-color:#bf4f51 ;border-width:0px ;border-style:solid ;\t\t\t}\r\n\r\n\tbody #wpforms-12900 .wpforms-submit-container .wpforms-submit:hover, body #wpforms-12900 .wpforms-field-pagebreak button.wpforms-page-button:hover {\r\n\tbackground-color:;\tcolor:;\t}\r\n\r\n\tbody #wpforms-12900 .wpforms-submit-container,\r\n\tbody #wpforms-12900 .wpforms-field-pagebreak .wpforms-pagebreak-left{\r\n\ttext-align:left;\t}\r\n\r\n\r\n\tbody #wpforms-12900 .wpforms-form .wpforms-field input[type=text],\r\n\tbody #wpforms-12900 .wpforms-form .wpforms-field input[type=email],\r\n\tbody #wpforms-12900 .wpforms-form .wpforms-field input[type=tel],\r\n\tbody #wpforms-12900 .wpforms-form .wpforms-field input[type=url],\r\n\tbody #wpforms-12900 .wpforms-form .wpforms-field input[type=password],\r\n\tbody #wpforms-12900 .wpforms-form .wpforms-field input[type=number]\r\n\t{\r\n\t\tborder-width:1px ;border-style:solid ;\t\t\t}\r\n\r\n\tbody #wpforms-12900 .wpforms-form .wpforms-field .wpforms-field-row\r\n\t{\r\n\t\t\t}\r\n\r\n\tbody #wpforms-12900 .wpforms-form .wpforms-field-layout.wpforms-field input[type=text],\r\n\tbody #wpforms-12900 .wpforms-form .wpforms-field-layout.wpforms-field input[type=email],\r\n\tbody #wpforms-12900 .wpforms-form .wpforms-field-layout.wpforms-field input[type=tel],\r\n\tbody #wpforms-12900 .wpforms-form .wpforms-field-layout.wpforms-field input[type=url],\r\n\tbody #wpforms-12900 .wpforms-form .wpforms-field-layout.wpforms-field input[type=password],\r\n\tbody #wpforms-12900 .wpforms-form .wpforms-field-layout.wpforms-field input[type=number]{\r\n\t\twidth: 100%;\r\n\t}\r\n\r\n\tbody #wpforms-12900 .wpforms-form .wpforms-field .wpforms-field-row input[type=text]{\r\n\t\twidth: 100%;\r\n\t}\r\n\r\n\r\n\r\n\t#wpforms-12900 .wpforms-form .wpforms-field-layout-rows,\r\n\t#wpforms-12900 .wpforms-form .wpforms-field-layout-columns{\r\n\t\t\t}\r\n\r\n\r\n\r\n\tbody #wpforms-12900 .wpforms-form .wpforms-field textarea {\r\n\t\t\t\t\tborder-width: 1px;\t}\r\n\r\n \r\n\r\n\tbody #wpforms-12900 .wpforms-form .wpforms-field select {\r\n\r\n\t\t\r\n\t\tborder-width: 1px;\t}\r\n\r\n\t\/* dropdown styles on modern background *\/\r\n\tbody #wpforms-12900 .wpforms-form .wpforms-field-select-style-modern .choices__inner{\r\n\t\t\t\t\r\n\t}\r\n\r\n\t\/* background color on modern dropdown *\/\r\n\t\r\n \r\n\tbody #wpforms-12900 .wpforms-form .wpforms-field-radio li label,\r\n\tbody #wpforms-12900 .wpforms-form .wpforms-field-payment-multiple li label {\r\n\t\t\t}\r\n \r\n\tbody #wpforms-12900 .wpforms-form .wpforms-field-checkbox li label {\r\n\t\t\t}\r\n \r\n\tbody #wpforms-12900 .wpforms-form .wpforms-field .wpforms-field-description {\r\n\r\n\t\t\t}\r\n\r\n \r\n\tbody #wpforms-12900 .wpforms-form .wpforms-field label.wpforms-field-label,\r\n\tbody #wpforms-12900 .wpforms-form .wpforms-field .wpforms-field-label {\r\n\t\tfont-weight: bold;\t}\r\n\r\n\r\n \r\n\tbody #wpforms-confirmation-12900  {\r\n\r\n\t\t\t\tborder-width: 1px;\t}\r\n\r\n\tbody #wpforms-confirmation-12900 p{\r\n\t\ttext-transform: uppercase;\r\n\t\ttext-decoration: underline;\r\n\t\tcolor: inherit;\r\n\t}\r\n\r\n \r\n\tbody #wpforms-12900 label.wpforms-error,\r\n\tbody #wpforms-12900 .wpforms-error[role=\"alert\"] {\r\n\t\t\r\n\t\t\t\tborder-width: 1px;\t}\r\n\/* Styling for Tablets *\/\r\n@media only screen and (max-width: 800px) and (min-width:481px) {\r\n\t\r\n\r\n\r\n\r\n}\r\n\r\n@media only screen and (max-width: 480px){\r\n\t\r\n\r\n\r\n\r\n}\r\n\/*Option to add custom CSS *\/\r\n\r\n\r\n\r\n\t\t<\/style>\r\n\t\t<div class=\"wpforms-container wpforms-container-full wpforms-render-modern\" id=\"wpforms-12900\"><form id=\"wpforms-form-12900\" class=\"wpforms-validate wpforms-form wpforms-ajax-form\" data-formid=\"12900\" method=\"post\" enctype=\"multipart\/form-data\" action=\"\/fi\/wp-json\/wp\/v2\/pages\/14437\" data-token=\"358ff2879f2b91851d8ecc367ea00a79\" data-token-time=\"1776507328\"><noscript class=\"wpforms-error-noscript\">Please enable JavaScript in your browser to complete this form.<\/noscript><div id=\"wpforms-error-noscript\" style=\"display: none;\">Please enable JavaScript in your browser to complete this form.<\/div><div class=\"wpforms-field-container\"><div id=\"wpforms-12900-field_1-container\" class=\"wpforms-field wpforms-field-name\" data-field-id=\"1\"><fieldset><legend class=\"wpforms-field-label\">Nimi <span class=\"wpforms-required-label\" aria-hidden=\"true\">*<\/span><\/legend><div class=\"wpforms-field-row wpforms-field-medium\"><div class=\"wpforms-field-row-block wpforms-first wpforms-one-half\"><input type=\"text\" id=\"wpforms-12900-field_1\" class=\"wpforms-field-name-first wpforms-field-required\" name=\"wpforms[fields][1][first]\" aria-errormessage=\"wpforms-12900-field_1-error\" required><label for=\"wpforms-12900-field_1\" class=\"wpforms-field-sublabel after\">Nombre<\/label><\/div><div class=\"wpforms-field-row-block wpforms-one-half\"><input type=\"text\" id=\"wpforms-12900-field_1-last\" class=\"wpforms-field-name-last wpforms-field-required\" name=\"wpforms[fields][1][last]\" aria-errormessage=\"wpforms-12900-field_1-last-error\" required><label for=\"wpforms-12900-field_1-last\" class=\"wpforms-field-sublabel after\">Apellidos<\/label><\/div><\/div><\/fieldset><\/div>\t\t<div id=\"wpforms-12900-field_5-container\"\n\t\t\tclass=\"wpforms-field wpforms-field-text\"\n\t\t\tdata-field-type=\"text\"\n\t\t\tdata-field-id=\"5\"\n\t\t\t>\n\t\t\t<label class=\"wpforms-field-label\" for=\"wpforms-12900-field_5\" >tai Puhelinnumero Kommentti<\/label>\n\t\t\t<input type=\"text\" id=\"wpforms-12900-field_5\" class=\"wpforms-field-medium\" name=\"wpforms[fields][5]\" >\n\t\t<\/div>\n\t\t<div id=\"wpforms-12900-field_2-container\" class=\"wpforms-field wpforms-field-email\" data-field-id=\"2\"><label class=\"wpforms-field-label\" for=\"wpforms-12900-field_2\">S\u00e4hk\u00f6posti <span class=\"wpforms-required-label\" aria-hidden=\"true\">*<\/span><\/label><input type=\"email\" id=\"wpforms-12900-field_2\" class=\"wpforms-field-medium wpforms-field-required\" name=\"wpforms[fields][2]\" spellcheck=\"false\" aria-errormessage=\"wpforms-12900-field_2-error\" required><\/div><div id=\"wpforms-12900-field_4-container\" class=\"wpforms-field wpforms-field-text\" data-field-id=\"4\"><label class=\"wpforms-field-label\" for=\"wpforms-12900-field_4\">Puhelinnumero <span class=\"wpforms-required-label\" aria-hidden=\"true\">*<\/span><\/label><input type=\"text\" id=\"wpforms-12900-field_4\" class=\"wpforms-field-medium wpforms-field-required\" name=\"wpforms[fields][4]\" aria-errormessage=\"wpforms-12900-field_4-error\" required><\/div><div id=\"wpforms-12900-field_3-container\" class=\"wpforms-field wpforms-field-textarea\" data-field-id=\"3\"><label class=\"wpforms-field-label\" for=\"wpforms-12900-field_3\">Kommentti tai viesti<\/label><textarea id=\"wpforms-12900-field_3\" class=\"wpforms-field-medium\" name=\"wpforms[fields][3]\" aria-errormessage=\"wpforms-12900-field_3-error\" ><\/textarea><\/div><script>\n\t\t\t\t( function() {\n\t\t\t\t\tconst style = document.createElement( 'style' );\n\t\t\t\t\tstyle.appendChild( document.createTextNode( '#wpforms-12900-field_5-container { position: absolute !important; overflow: hidden !important; display: inline !important; height: 1px !important; width: 1px !important; z-index: -1000 !important; padding: 0 !important; } #wpforms-12900-field_5-container input { visibility: hidden; } #wpforms-conversational-form-page #wpforms-12900-field_5-container label { counter-increment: none; }' ) );\n\t\t\t\t\tdocument.head.appendChild( style );\n\t\t\t\t\tdocument.currentScript?.remove();\n\t\t\t\t} )();\n\t\t\t<\/script><\/div><!-- .wpforms-field-container --><div class=\"wpforms-recaptcha-container wpforms-is-recaptcha wpforms-is-recaptcha-type-v2\" ><div class=\"g-recaptcha\" data-sitekey=\"6LfQfZUrAAAAADfDcSPK-MVAkn734Dg0KCSHdTts\"><\/div><input type=\"text\" name=\"g-recaptcha-hidden\" class=\"wpforms-recaptcha-hidden\" style=\"position:absolute!important;clip:rect(0,0,0,0)!important;height:1px!important;width:1px!important;border:0!important;overflow:hidden!important;padding:0!important;margin:0!important;\" data-rule-recaptcha=\"1\"><\/div><div class=\"wpforms-submit-container\" ><input type=\"hidden\" name=\"wpforms[id]\" value=\"12900\"><input type=\"hidden\" name=\"page_title\" value=\"\"><input type=\"hidden\" name=\"page_url\" value=\"https:\/\/servicios-sisma.com\/fi\/wp-json\/wp\/v2\/pages\/14437\"><input type=\"hidden\" name=\"url_referer\" value=\"\"><button type=\"submit\" name=\"wpforms[submit]\" id=\"wpforms-submit-12900\" class=\"wpforms-submit\" data-alt-text=\"L\u00e4hetet\u00e4\u00e4n...\" data-submit-text=\"L\u00e4het\u00e4\" aria-live=\"assertive\" value=\"wpforms-submit\">L\u00e4het\u00e4<\/button><img decoding=\"async\" src=\"https:\/\/servicios-sisma.com\/wp-content\/plugins\/wpforms-lite\/assets\/images\/submit-spin.svg\" class=\"wpforms-submit-spinner\" style=\"display: none;\" width=\"26\" height=\"26\" alt=\"Loading\"><\/div><\/form><\/div>  <!-- .wpforms-container --><\/div>\n\t\t\t\t\t\t<\/div>\n\t\t\t\t<\/div>\n\t\t\t\t\t<\/div>\n\t\t\t\t<\/div>\n\t\t<div class=\"elementor-element elementor-element-2610b4b4 e-flex e-con-boxed e-con e-parent\" data-id=\"2610b4b4\" data-element_type=\"container\" data-e-type=\"container\" data-settings=\"{&quot;background_background&quot;:&quot;classic&quot;}\">\n\t\t\t\t\t<div class=\"e-con-inner\">\n\t\t\t\t<div class=\"elementor-element elementor-element-26d161ef elementor-widget elementor-widget-heading\" data-id=\"26d161ef\" data-element_type=\"widget\" data-e-type=\"widget\" data-widget_type=\"heading.default\">\n\t\t\t\t<div class=\"elementor-widget-container\">\n\t\t\t\t\t<h2 class=\"elementor-heading-title elementor-size-default\">Pyyd\u00e4 l\u00e4\u00e4ketieteellist\u00e4 peittoa ambulanssilla tapahtumaasi.<\/h2>\t\t\t\t<\/div>\n\t\t\t\t<\/div>\n\t\t\t\t<div class=\"elementor-element elementor-element-346b5b7 elementor-widget elementor-widget-heading\" data-id=\"346b5b7\" data-element_type=\"widget\" data-e-type=\"widget\" data-widget_type=\"heading.default\">\n\t\t\t\t<div class=\"elementor-widget-container\">\n\t\t\t\t\t<h2 class=\"elementor-heading-title elementor-size-default\">Napsauta \u201dPyyd\u00e4 nyt\u201d tai kirjoita meille WhatsAppissa suoraa palvelua varten.<\/h2>\t\t\t\t<\/div>\n\t\t\t\t<\/div>\n\t\t\t\t\t<\/div>\n\t\t\t\t<\/div>\n\t\t\t\t<\/div>\n\t\t","protected":false},"excerpt":{"rendered":"<p>Tapahtuma-ambulanssitAmmattimainen terveydenhuollon peitto PYYD\u00c4 NYT Terveydenhuollon turvallisuus julkisissa ja yksityisiss\u00e4 tapahtumissa Me SISMAlla tarjoamme l\u00e4\u00e4ketieteellist\u00e4 peittoa tapahtumissa t\u00e4ysin varustetuilla ambulansseilla ja p\u00e4tev\u00e4ll\u00e4 terveydenhuollon henkil\u00f6kunnalla. Toimimme koko Costa del Solilla, Malagan p\u00e4\u00e4kaupungissa, Benidormissa ja Costa Blancalla, tarjoten apua konserteissa, yksityisiss\u00e4 juhlissa, urheilukilpailuissa, festivaaleilla ja institutionaalisissa tilaisuuksissa. Meill\u00e4 on t\u00e4ysin varustetut ambulanssit ja erikoistunut terveydenhuollon henkil\u00f6kunta joukkoymp\u00e4rist\u00f6jen&#8230;<\/p>\n","protected":false},"author":2,"featured_media":0,"parent":14369,"menu_order":0,"comment_status":"closed","ping_status":"closed","template":"","meta":{"_monsterinsights_skip_tracking":false,"_monsterinsights_sitenote_active":false,"_monsterinsights_sitenote_note":"","_monsterinsights_sitenote_category":0,"_tbt_post_transparent":"","_tbt_post_title":"","_tbt_post_layout":"","_tbt_post_sidebar_id":"","_tbt_post_content_style":"","_tbt_post_vertical_padding":"","_tbt_post_feature":"","_tbt_post_feature_position":"","_tbt_post_header":false,"_tbt_post_footer":false},"class_list":["post-14437","page","type-page","status-publish","hentry"],"aioseo_notices":[],"_links":{"self":[{"href":"https:\/\/servicios-sisma.com\/fi\/wp-json\/wp\/v2\/pages\/14437","targetHints":{"allow":["GET"]}}],"collection":[{"href":"https:\/\/servicios-sisma.com\/fi\/wp-json\/wp\/v2\/pages"}],"about":[{"href":"https:\/\/servicios-sisma.com\/fi\/wp-json\/wp\/v2\/types\/page"}],"author":[{"embeddable":true,"href":"https:\/\/servicios-sisma.com\/fi\/wp-json\/wp\/v2\/users\/2"}],"replies":[{"embeddable":true,"href":"https:\/\/servicios-sisma.com\/fi\/wp-json\/wp\/v2\/comments?post=14437"}],"version-history":[{"count":1,"href":"https:\/\/servicios-sisma.com\/fi\/wp-json\/wp\/v2\/pages\/14437\/revisions"}],"predecessor-version":[{"id":14438,"href":"https:\/\/servicios-sisma.com\/fi\/wp-json\/wp\/v2\/pages\/14437\/revisions\/14438"}],"up":[{"embeddable":true,"href":"https:\/\/servicios-sisma.com\/fi\/wp-json\/wp\/v2\/pages\/14369"}],"wp:attachment":[{"href":"https:\/\/servicios-sisma.com\/fi\/wp-json\/wp\/v2\/media?parent=14437"}],"curies":[{"name":"wp","href":"https:\/\/api.w.org\/{rel}","templated":true}]}}