{"id":14253,"date":"2025-07-31T18:24:31","date_gmt":"2025-07-31T16:24:31","guid":{"rendered":"https:\/\/servicios-sisma.com\/politique-de-cookies\/"},"modified":"2025-08-01T20:22:18","modified_gmt":"2025-08-01T18:22:18","slug":"politique-de-cookies","status":"publish","type":"page","link":"https:\/\/servicios-sisma.com\/fr\/politique-de-cookies\/","title":{"rendered":"Politique de cookies"},"content":{"rendered":"\t\t<div data-elementor-type=\"wp-page\" data-elementor-id=\"14253\" class=\"elementor elementor-14253 elementor-13206\">\n\t\t\t\t<div class=\"elementor-element elementor-element-3691514 e-flex e-con-boxed e-con e-parent\" data-id=\"3691514\" data-element_type=\"container\" data-e-type=\"container\">\n\t\t\t\t\t<div class=\"e-con-inner\">\n\t\t\t\t<div class=\"elementor-element elementor-element-926fa6e elementor-widget elementor-widget-text-editor\" data-id=\"926fa6e\" data-element_type=\"widget\" data-e-type=\"widget\" data-widget_type=\"text-editor.default\">\n\t\t\t\t<div class=\"elementor-widget-container\">\n\t\t\t\t\t\t\t\t\t<h4>Que sont les cookies&nbsp;?<\/h4><p>Les cookies sont de petits fichiers texte qui sont stock\u00e9s dans votre navigateur lorsque vous visitez notre site web. Ils permettent au site de se souvenir de votre visite et de vos pr\u00e9f\u00e9rences.<\/p><h4>Type de cookies utilis\u00e9s sur ce site<\/h4><h5>Cookies techniques<\/h5><p>N\u00e9cessaires au fonctionnement de base du site.<\/p><h5>Cookies analytiques (Google Analytics)<\/h5><p>Ils permettent de recueillir des informations anonymes sur le comportement de navigation afin d\u2019am\u00e9liorer l\u2019exp\u00e9rience utilisateur.<\/p><h4>Liste des cookies analytiques utilis\u00e9s<\/h4><p>Cookie Finalit\u00e9 Dur\u00e9e<br>_ga Distinguer les utilisateurs 2 ans<br>_gid Distinguer les sessions 24 heures<br>_gat Limiter le taux de demandes 1 minute<\/p><h4>Gestion des cookies<\/h4><p><br>Vous pouvez accepter, refuser ou configurer l\u2019utilisation des cookies \u00e0 partir de la banni\u00e8re lorsque vous acc\u00e9dez au site web. Vous pouvez \u00e9galement les d\u00e9sactiver \u00e0 partir des param\u00e8tres de votre navigateur.<\/p><h4>R\u00e9vocation du consentement<\/h4><p><br>Vous pouvez retirer votre consentement \u00e0 tout moment \u00e0 partir du panneau de configuration ou en \u00e9crivant \u00e0 admin@servicios-sisma.es.<\/p><h4>Plus d\u2019informations sur Google Analytics<\/h4><p><br>Consultez la Politique de confidentialit\u00e9 de Google.<\/p>\t\t\t\t\t\t\t\t<\/div>\n\t\t\t\t<\/div>\n\t\t\t\t\t<\/div>\n\t\t\t\t<\/div>\n\t\t\t\t<\/div>\n\t\t","protected":false},"excerpt":{"rendered":"<p>Que sont les cookies&nbsp;? Les cookies sont de petits fichiers texte qui sont stock\u00e9s dans votre navigateur lorsque vous visitez notre site web. Ils permettent au site de se souvenir de votre visite et de vos pr\u00e9f\u00e9rences. Type de cookies utilis\u00e9s sur ce site Cookies techniques N\u00e9cessaires au fonctionnement de base du site. Cookies analytiques&#8230;<\/p>\n","protected":false},"author":2,"featured_media":0,"parent":0,"menu_order":0,"comment_status":"closed","ping_status":"closed","template":"","meta":{"_monsterinsights_skip_tracking":false,"_monsterinsights_sitenote_active":false,"_monsterinsights_sitenote_note":"","_monsterinsights_sitenote_category":0,"_tbt_post_transparent":"","_tbt_post_title":"","_tbt_post_layout":"","_tbt_post_sidebar_id":"","_tbt_post_content_style":"","_tbt_post_vertical_padding":"","_tbt_post_feature":"","_tbt_post_feature_position":"","_tbt_post_header":false,"_tbt_post_footer":false},"class_list":["post-14253","page","type-page","status-publish","hentry"],"aioseo_notices":[],"_links":{"self":[{"href":"https:\/\/servicios-sisma.com\/fr\/wp-json\/wp\/v2\/pages\/14253","targetHints":{"allow":["GET"]}}],"collection":[{"href":"https:\/\/servicios-sisma.com\/fr\/wp-json\/wp\/v2\/pages"}],"about":[{"href":"https:\/\/servicios-sisma.com\/fr\/wp-json\/wp\/v2\/types\/page"}],"author":[{"embeddable":true,"href":"https:\/\/servicios-sisma.com\/fr\/wp-json\/wp\/v2\/users\/2"}],"replies":[{"embeddable":true,"href":"https:\/\/servicios-sisma.com\/fr\/wp-json\/wp\/v2\/comments?post=14253"}],"version-history":[{"count":1,"href":"https:\/\/servicios-sisma.com\/fr\/wp-json\/wp\/v2\/pages\/14253\/revisions"}],"predecessor-version":[{"id":14254,"href":"https:\/\/servicios-sisma.com\/fr\/wp-json\/wp\/v2\/pages\/14253\/revisions\/14254"}],"wp:attachment":[{"href":"https:\/\/servicios-sisma.com\/fr\/wp-json\/wp\/v2\/media?parent=14253"}],"curies":[{"name":"wp","href":"https:\/\/api.w.org\/{rel}","templated":true}]}}