{"id":14261,"date":"2025-07-31T18:20:15","date_gmt":"2025-07-31T16:20:15","guid":{"rendered":"https:\/\/servicios-sisma.com\/mentions-legales\/"},"modified":"2025-08-01T20:22:25","modified_gmt":"2025-08-01T18:22:25","slug":"mentions-legales","status":"publish","type":"page","link":"https:\/\/servicios-sisma.com\/fr\/mentions-legales\/","title":{"rendered":"Mentions l\u00e9gales"},"content":{"rendered":"\t\t<div data-elementor-type=\"wp-page\" data-elementor-id=\"14261\" class=\"elementor elementor-14261 elementor-13197\">\n\t\t\t\t<div class=\"elementor-element elementor-element-35888bf e-flex e-con-boxed e-con e-parent\" data-id=\"35888bf\" data-element_type=\"container\" data-e-type=\"container\">\n\t\t\t\t\t<div class=\"e-con-inner\">\n\t\t\t\t<div class=\"elementor-element elementor-element-c5c6ab2 elementor-widget elementor-widget-text-editor\" data-id=\"c5c6ab2\" data-element_type=\"widget\" data-e-type=\"widget\" data-widget_type=\"text-editor.default\">\n\t\t\t\t<div class=\"elementor-widget-container\">\n\t\t\t\t\t\t\t\t\t<h4>Propri\u00e9t\u00e9 du site web<\/h4><p><br>Conform\u00e9ment \u00e0 l&rsquo;article 10 de la loi 34\/2002 sur les services de la soci\u00e9t\u00e9 de l&rsquo;information et le commerce \u00e9lectronique (LSSI-CE), les informations suivantes sont fournies :<\/p><h4>Titulaire<\/h4><p>SISMA SERVICIOS INTEGRALES SANITARIOS M\u00c1LAGA SCA<\/p><h4>CIF<\/h4><p>F93699957<\/p><h4>Domicile<\/h4><p>Calle Alcalde Guillermo Rein 131, Pol\u00edgono El Viso, 29006, M\u00e1laga<\/p><h4>Adresse \u00e9lectronique<\/h4><p>admin@servicios-sisma.es<\/p><h4>T\u00e9l\u00e9phone<\/h4><p>+34 620 293 829<\/p><h4>Forme juridique<\/h4><p>Soci\u00e9t\u00e9 coop\u00e9rative andalouse<\/p><h4>Activit\u00e9<\/h4><p>Services m\u00e9dicaux et ambulances 24h\/24<\/p><h4>Utilisation du site web<\/h4><p><br>L&rsquo;acc\u00e8s \u00e0 ce site web attribue la condition d&rsquo;utilisateur, qui s&rsquo;engage \u00e0 faire un usage appropri\u00e9, licite et responsable du site, de ses contenus et services.<\/p><h4>Propri\u00e9t\u00e9 intellectuelle<\/h4><p><br>Tous les contenus du site web (textes, images, logos, design, structure, etc.) sont la propri\u00e9t\u00e9 du titulaire ou de tiers, et sont prot\u00e9g\u00e9s par la r\u00e9glementation en mati\u00e8re de propri\u00e9t\u00e9 intellectuelle. Sa reproduction est interdite sans autorisation expresse.<\/p><h4>Responsabilit\u00e9<\/h4><p><br>SISMA n&rsquo;est pas responsable de la mauvaise utilisation du site web, des interruptions de service, ni des liens externes qu&rsquo;elle ne contr\u00f4le pas directement.<\/p><h4>Juridiction et l\u00e9gislation applicable<\/h4><p><br>Pour toute controverse, la l\u00e9gislation espagnole sera applicable, les tribunaux de M\u00e1laga \u00e9tant comp\u00e9tents.<\/p>\t\t\t\t\t\t\t\t<\/div>\n\t\t\t\t<\/div>\n\t\t\t\t\t<\/div>\n\t\t\t\t<\/div>\n\t\t\t\t<\/div>\n\t\t","protected":false},"excerpt":{"rendered":"<p>Propri\u00e9t\u00e9 du site web Conform\u00e9ment \u00e0 l&rsquo;article 10 de la loi 34\/2002 sur les services de la soci\u00e9t\u00e9 de l&rsquo;information et le commerce \u00e9lectronique (LSSI-CE), les informations suivantes sont fournies : Titulaire SISMA SERVICIOS INTEGRALES SANITARIOS M\u00c1LAGA SCA CIF F93699957 Domicile Calle Alcalde Guillermo Rein 131, Pol\u00edgono El Viso, 29006, M\u00e1laga Adresse \u00e9lectronique admin@servicios-sisma.es T\u00e9l\u00e9phone&#8230;<\/p>\n","protected":false},"author":2,"featured_media":0,"parent":0,"menu_order":0,"comment_status":"closed","ping_status":"closed","template":"","meta":{"_monsterinsights_skip_tracking":false,"_monsterinsights_sitenote_active":false,"_monsterinsights_sitenote_note":"","_monsterinsights_sitenote_category":0,"_tbt_post_transparent":"","_tbt_post_title":"","_tbt_post_layout":"","_tbt_post_sidebar_id":"","_tbt_post_content_style":"","_tbt_post_vertical_padding":"","_tbt_post_feature":"","_tbt_post_feature_position":"","_tbt_post_header":false,"_tbt_post_footer":false},"class_list":["post-14261","page","type-page","status-publish","hentry"],"aioseo_notices":[],"_links":{"self":[{"href":"https:\/\/servicios-sisma.com\/fr\/wp-json\/wp\/v2\/pages\/14261","targetHints":{"allow":["GET"]}}],"collection":[{"href":"https:\/\/servicios-sisma.com\/fr\/wp-json\/wp\/v2\/pages"}],"about":[{"href":"https:\/\/servicios-sisma.com\/fr\/wp-json\/wp\/v2\/types\/page"}],"author":[{"embeddable":true,"href":"https:\/\/servicios-sisma.com\/fr\/wp-json\/wp\/v2\/users\/2"}],"replies":[{"embeddable":true,"href":"https:\/\/servicios-sisma.com\/fr\/wp-json\/wp\/v2\/comments?post=14261"}],"version-history":[{"count":1,"href":"https:\/\/servicios-sisma.com\/fr\/wp-json\/wp\/v2\/pages\/14261\/revisions"}],"predecessor-version":[{"id":14262,"href":"https:\/\/servicios-sisma.com\/fr\/wp-json\/wp\/v2\/pages\/14261\/revisions\/14262"}],"wp:attachment":[{"href":"https:\/\/servicios-sisma.com\/fr\/wp-json\/wp\/v2\/media?parent=14261"}],"curies":[{"name":"wp","href":"https:\/\/api.w.org\/{rel}","templated":true}]}}