{"id":14269,"date":"2025-07-31T18:14:02","date_gmt":"2025-07-31T16:14:02","guid":{"rendered":"https:\/\/servicios-sisma.com\/politique-de-confidentialite\/"},"modified":"2025-08-01T20:22:36","modified_gmt":"2025-08-01T18:22:36","slug":"politique-de-confidentialite","status":"publish","type":"page","link":"https:\/\/servicios-sisma.com\/fr\/politique-de-confidentialite\/","title":{"rendered":"Politique de confidentialit\u00e9"},"content":{"rendered":"\t\t<div data-elementor-type=\"wp-page\" data-elementor-id=\"14269\" class=\"elementor elementor-14269 elementor-13196\">\n\t\t\t\t<div class=\"elementor-element elementor-element-4e904db e-flex e-con-boxed e-con e-parent\" data-id=\"4e904db\" data-element_type=\"container\" data-e-type=\"container\">\n\t\t\t\t\t<div class=\"e-con-inner\">\n\t\t\t\t<div class=\"elementor-element elementor-element-c84ef81 elementor-widget elementor-widget-text-editor\" data-id=\"c84ef81\" data-element_type=\"widget\" data-e-type=\"widget\" data-widget_type=\"text-editor.default\">\n\t\t\t\t<div class=\"elementor-widget-container\">\n\t\t\t\t\t\t\t\t\t<p data-start=\"1690\" data-end=\"1860\"><b><span data-start=\"1690\" data-end=\"1722\">Responsable du traitement&nbsp;:<\/span><br data-start=\"1722\" data-end=\"1725\"><\/b>SISMA SERVICIOS INTEGRALES SANITARIOS M\u00c1LAGA SCA<br data-start=\"1773\" data-end=\"1776\">CIF&nbsp;: F93699957<br data-start=\"1790\" data-end=\"1793\"><a class=\"cursor-pointer\" rel=\"noopener\" data-start=\"1793\" data-end=\"1817\">admin@servicios-sisma.es<\/a><br data-start=\"1817\" data-end=\"1820\">Calle Alcalde Guillermo Rein 131, M\u00e1laga<\/p>\n<p data-start=\"1862\" data-end=\"1942\"><strong data-start=\"1862\" data-end=\"1892\">Finalit\u00e9 du traitement&nbsp;:<\/strong><br data-start=\"1892\" data-end=\"1895\">Nous recueillons et traitons vos donn\u00e9es personnelles pour&nbsp;:<\/p>\n<ul data-start=\"1944\" data-end=\"2157\">\n<li data-start=\"1944\" data-end=\"1995\">\n<p data-start=\"1946\" data-end=\"1995\">G\u00e9rer les demandes de contact ou de rendez-vous m\u00e9dical<\/p>\n<\/li>\n<li data-start=\"1996\" data-end=\"2049\">\n<p data-start=\"1998\" data-end=\"2049\">Fournir des informations sur nos services<\/p>\n<\/li>\n<li data-start=\"2050\" data-end=\"2107\">\n<p data-start=\"2052\" data-end=\"2107\">Envoyer des communications administratives ou organisationnelles<\/p>\n<\/li>\n<li data-start=\"2108\" data-end=\"2157\">\n<p data-start=\"2110\" data-end=\"2157\">Analyses statistiques via Google Analytics<\/p>\n<\/li>\n<\/ul>\n<p data-start=\"2159\" data-end=\"2248\"><strong data-start=\"2159\" data-end=\"2174\">Base juridique&nbsp;:<\/strong><br data-start=\"2174\" data-end=\"2177\">Consentement expr\u00e8s de l\u2019utilisateur et ex\u00e9cution du service demand\u00e9.<\/p>\n<p data-start=\"2250\" data-end=\"2415\"><strong data-start=\"2250\" data-end=\"2276\">Conservation des donn\u00e9es&nbsp;:<\/strong><br data-start=\"2276\" data-end=\"2279\">Les donn\u00e9es seront conserv\u00e9es tant que la relation commerciale est maintenue ou pendant les ann\u00e9es n\u00e9cessaires pour se conformer aux obligations l\u00e9gales.<\/p>\n<p data-start=\"2417\" data-end=\"2549\"><strong data-start=\"2417\" data-end=\"2435\">Destinataires&nbsp;:<\/strong><br data-start=\"2435\" data-end=\"2438\">Aucune donn\u00e9e ne sera c\u00e9d\u00e9e \u00e0 des tiers, sauf obligation l\u00e9gale ou avec des assureurs avec le consentement du patient.<\/p>\n<p data-start=\"2551\" data-end=\"2782\"><strong data-start=\"2551\" data-end=\"2564\">Droits&nbsp;:<\/strong><br data-start=\"2564\" data-end=\"2567\">Vous pouvez exercer vos droits d\u2019acc\u00e8s, de rectification, de suppression, d\u2019opposition, de limitation et de portabilit\u00e9 en \u00e9crivant \u00e0 <a class=\"cursor-pointer\" rel=\"noopener\" data-start=\"2683\" data-end=\"2707\">admin@servicios-sisma.es<\/a>. Vous pouvez \u00e9galement d\u00e9poser une r\u00e9clamation aupr\u00e8s de l\u2019AEPD&nbsp;: <a class=\"cursor-pointer\" target=\"_new\" rel=\"noopener\" data-start=\"2747\" data-end=\"2782\">www.aepd.es<\/a> <\/p>\n<p data-start=\"2784\" data-end=\"2926\"><strong data-start=\"2784\" data-end=\"2809\">Mesures de s\u00e9curit\u00e9&nbsp;:<\/strong><br data-start=\"2809\" data-end=\"2812\">Nous appliquons des mesures techniques et organisationnelles appropri\u00e9es pour prot\u00e9ger la confidentialit\u00e9 et l\u2019int\u00e9grit\u00e9 des donn\u00e9es.<\/p>\t\t\t\t\t\t\t\t<\/div>\n\t\t\t\t<\/div>\n\t\t\t\t\t<\/div>\n\t\t\t\t<\/div>\n\t\t\t\t<\/div>\n\t\t","protected":false},"excerpt":{"rendered":"<p>Responsable du traitement&nbsp;:SISMA SERVICIOS INTEGRALES SANITARIOS M\u00c1LAGA SCACIF&nbsp;: F93699957admin@servicios-sisma.esCalle Alcalde Guillermo Rein 131, M\u00e1laga Finalit\u00e9 du traitement&nbsp;:Nous recueillons et traitons vos donn\u00e9es personnelles pour&nbsp;: G\u00e9rer les demandes de contact ou de rendez-vous m\u00e9dical Fournir des informations sur nos services Envoyer des communications administratives ou organisationnelles Analyses statistiques via Google Analytics Base juridique&nbsp;:Consentement expr\u00e8s de l\u2019utilisateur&#8230;<\/p>\n","protected":false},"author":2,"featured_media":0,"parent":0,"menu_order":0,"comment_status":"closed","ping_status":"closed","template":"","meta":{"_monsterinsights_skip_tracking":false,"_monsterinsights_sitenote_active":false,"_monsterinsights_sitenote_note":"","_monsterinsights_sitenote_category":0,"_tbt_post_transparent":"","_tbt_post_title":"","_tbt_post_layout":"","_tbt_post_sidebar_id":"","_tbt_post_content_style":"","_tbt_post_vertical_padding":"","_tbt_post_feature":"","_tbt_post_feature_position":"","_tbt_post_header":false,"_tbt_post_footer":false},"class_list":["post-14269","page","type-page","status-publish","hentry"],"aioseo_notices":[],"_links":{"self":[{"href":"https:\/\/servicios-sisma.com\/fr\/wp-json\/wp\/v2\/pages\/14269","targetHints":{"allow":["GET"]}}],"collection":[{"href":"https:\/\/servicios-sisma.com\/fr\/wp-json\/wp\/v2\/pages"}],"about":[{"href":"https:\/\/servicios-sisma.com\/fr\/wp-json\/wp\/v2\/types\/page"}],"author":[{"embeddable":true,"href":"https:\/\/servicios-sisma.com\/fr\/wp-json\/wp\/v2\/users\/2"}],"replies":[{"embeddable":true,"href":"https:\/\/servicios-sisma.com\/fr\/wp-json\/wp\/v2\/comments?post=14269"}],"version-history":[{"count":1,"href":"https:\/\/servicios-sisma.com\/fr\/wp-json\/wp\/v2\/pages\/14269\/revisions"}],"predecessor-version":[{"id":14270,"href":"https:\/\/servicios-sisma.com\/fr\/wp-json\/wp\/v2\/pages\/14269\/revisions\/14270"}],"wp:attachment":[{"href":"https:\/\/servicios-sisma.com\/fr\/wp-json\/wp\/v2\/media?parent=14269"}],"curies":[{"name":"wp","href":"https:\/\/api.w.org\/{rel}","templated":true}]}}