{"id":14361,"date":"2025-07-30T17:27:39","date_gmt":"2025-07-30T15:27:39","guid":{"rendered":"https:\/\/servicios-sisma.com\/urgences-24h-24\/"},"modified":"2025-08-01T20:25:28","modified_gmt":"2025-08-01T18:25:28","slug":"urgences-24h-24","status":"publish","type":"page","link":"https:\/\/servicios-sisma.com\/fr\/services-dambulance\/urgences-24h-24\/","title":{"rendered":"Urgences 24h\/24"},"content":{"rendered":"\t\t<div data-elementor-type=\"wp-page\" data-elementor-id=\"14361\" class=\"elementor elementor-14361 elementor-12983\">\n\t\t\t\t<div class=\"elementor-element elementor-element-5274c4cb e-flex e-con-boxed e-con e-parent\" data-id=\"5274c4cb\" data-element_type=\"container\" data-e-type=\"container\" data-settings=\"{&quot;background_background&quot;:&quot;classic&quot;}\">\n\t\t\t\t\t<div class=\"e-con-inner\">\n\t\t\t\t<div class=\"elementor-element elementor-element-13631ff9 elementor-widget elementor-widget-heading\" data-id=\"13631ff9\" data-element_type=\"widget\" data-e-type=\"widget\" data-widget_type=\"heading.default\">\n\t\t\t\t<div class=\"elementor-widget-container\">\n\t\t\t\t\t<h1 class=\"elementor-heading-title elementor-size-default\">Ambulance 24 heures sur 24 \u2013 Urgences m\u00e9dicales imm\u00e9diates<\/h1>\t\t\t\t<\/div>\n\t\t\t\t<\/div>\n\t\t\t\t<div class=\"elementor-element elementor-element-471fc4f elementor-align-center elementor-widget elementor-widget-button\" data-id=\"471fc4f\" data-element_type=\"widget\" data-e-type=\"widget\" data-widget_type=\"button.default\">\n\t\t\t\t<div class=\"elementor-widget-container\">\n\t\t\t\t\t\t\t\t\t<div class=\"elementor-button-wrapper\">\n\t\t\t\t\t<a class=\"elementor-button elementor-button-link elementor-size-sm\" href=\"tel:+34624628600\">\n\t\t\t\t\t\t<span class=\"elementor-button-content-wrapper\">\n\t\t\t\t\t\t\t\t\t<span class=\"elementor-button-text\">Demander une ambulance urgente<\/span>\n\t\t\t\t\t<\/span>\n\t\t\t\t\t<\/a>\n\t\t\t\t<\/div>\n\t\t\t\t\t\t\t\t<\/div>\n\t\t\t\t<\/div>\n\t\t\t\t\t<\/div>\n\t\t\t\t<\/div>\n\t\t<div class=\"elementor-element elementor-element-175d23e1 e-flex e-con-boxed e-con e-parent\" data-id=\"175d23e1\" data-element_type=\"container\" data-e-type=\"container\">\n\t\t\t\t\t<div class=\"e-con-inner\">\n\t\t\t\t<div class=\"elementor-element elementor-element-cb50af0 elementor-widget elementor-widget-heading\" data-id=\"cb50af0\" data-element_type=\"widget\" data-e-type=\"widget\" data-widget_type=\"heading.default\">\n\t\t\t\t<div class=\"elementor-widget-container\">\n\t\t\t\t\t<h2 class=\"elementor-heading-title elementor-size-default\">Services m\u00e9dicaux 24h\/24 et 7j\/7 pour les r\u00e9sidents et les touristes<\/h2>\t\t\t\t<\/div>\n\t\t\t\t<\/div>\n\t\t\t\t<div class=\"elementor-element elementor-element-f114aa7 elementor-widget elementor-widget-text-editor\" data-id=\"f114aa7\" data-element_type=\"widget\" data-e-type=\"widget\" data-widget_type=\"text-editor.default\">\n\t\t\t\t<div class=\"elementor-widget-container\">\n\t\t\t\t\t\t\t\t\t<p data-pm-slice=\"1 1 []\">Chez <a href=\"https:\/\/servicios-sisma.com\/fr\/\"><strong>SISMA<\/strong><\/a>, nous offrons des soins m\u00e9dicaux pour les <strong>urgences<\/strong> 24 heures sur 24, <strong>tous les jours de l&rsquo;ann\u00e9e<\/strong>. Nous intervenons dans les urgences qui n\u00e9cessitent des transferts assist\u00e9s. Nous r\u00e9pondons rapidement et en toute s\u00e9curit\u00e9. Nous intervenons \u00e0 domicile, dans les h\u00e9bergements touristiques, sur la voie publique ou dans les centres m\u00e9dicaux.   <\/p><h4><strong>Acc\u00e8s sans rendez-vous<\/strong><\/h4><ul><li><strong>Vous pouvez nous appeler<\/strong> directement et notre personnel vous r\u00e9pondra imm\u00e9diatement.<\/li><\/ul><h4><strong>Visites m\u00e9dicales \u00e0 domicile ou \u00e0 l&rsquo;h\u00f4tel<\/strong><\/h4><ul><li><strong>Nos m\u00e9decins se d\u00e9placent directement jusqu&rsquo;\u00e0 vous<\/strong>, \u00e9vitant ainsi les transferts inutiles et garantissant <strong>des soins confortables et efficaces<\/strong>.<\/li><\/ul><h4><strong>Ambulances 24h\/24<\/strong><\/h4><ul><li>Nous disposons d&rsquo;unit\u00e9s d&rsquo;<strong>urgences<\/strong> \u00e9quip\u00e9es d&rsquo;un support vital de base et avanc\u00e9 (SVB\/SVA), ainsi que de <strong>personnel sp\u00e9cialis\u00e9<\/strong> pour effectuer les transferts.<\/li><\/ul>\t\t\t\t\t\t\t\t<\/div>\n\t\t\t\t<\/div>\n\t\t\t\t<div class=\"elementor-element elementor-element-a3d303d elementor-align-center elementor-widget elementor-widget-button\" data-id=\"a3d303d\" data-element_type=\"widget\" data-e-type=\"widget\" data-widget_type=\"button.default\">\n\t\t\t\t<div class=\"elementor-widget-container\">\n\t\t\t\t\t\t\t\t\t<div class=\"elementor-button-wrapper\">\n\t\t\t\t\t<a class=\"elementor-button elementor-button-link elementor-size-sm\" href=\"tel:+34624628600\">\n\t\t\t\t\t\t<span class=\"elementor-button-content-wrapper\">\n\t\t\t\t\t\t\t\t\t<span class=\"elementor-button-text\">Demander une ambulance urgente<\/span>\n\t\t\t\t\t<\/span>\n\t\t\t\t\t<\/a>\n\t\t\t\t<\/div>\n\t\t\t\t\t\t\t\t<\/div>\n\t\t\t\t<\/div>\n\t\t\t\t<div class=\"elementor-element elementor-element-7f9e7f5b elementor-widget elementor-widget-heading\" data-id=\"7f9e7f5b\" data-element_type=\"widget\" data-e-type=\"widget\" data-widget_type=\"heading.default\">\n\t\t\t\t<div class=\"elementor-widget-container\">\n\t\t\t\t\t<h2 class=\"elementor-heading-title elementor-size-default\">Service d'urgences m\u00e9dicales \u00e0 domicile \u00e0 Fuengirola, Torremolinos et dans les zones proches<\/h2>\t\t\t\t<\/div>\n\t\t\t\t<\/div>\n\t\t\t\t<div class=\"elementor-element elementor-element-61fd2452 elementor-widget elementor-widget-text-editor\" data-id=\"61fd2452\" data-element_type=\"widget\" data-e-type=\"widget\" data-widget_type=\"text-editor.default\">\n\t\t\t\t<div class=\"elementor-widget-container\">\n\t\t\t\t\t\t\t\t\t<p data-start=\"943\" data-end=\"978\">Nous offrons un service d&rsquo;urgences \u00e0 :<\/p><ul data-start=\"980\" data-end=\"1245\"><li data-start=\"980\" data-end=\"1066\"><p data-start=\"982\" data-end=\"1066\">Fuengirola, Torremolinos, Benalm\u00e1dena, Marbella, Estepona, Mijas\u2026<\/p><\/li><li data-start=\"1067\" data-end=\"1162\"><p data-start=\"1069\" data-end=\"1162\">Nerja, Torrox, V\u00e9lez-M\u00e1laga, Motril, Rinc\u00f3n de la Victoria\u2026<\/p><\/li><li data-start=\"1163\" data-end=\"1245\"><p data-start=\"1165\" data-end=\"1245\">Benidorm, Calpe, Altea, La Nuc\u00eda, Villajoyosa, Alfaz del Pi&#8230;<\/p><\/li><\/ul><p>Il vous suffit de nous appeler. Nous coordonnerons la visite en fonction de l&rsquo;urgence et de la disponibilit\u00e9 la plus proche. <\/p><h4><strong>Temps de r\u00e9ponse<\/strong><\/h4><ul><li>Dans la plupart des cas, nous intervenons en moins de 30 minutes.<\/li><\/ul>\t\t\t\t\t\t\t\t<\/div>\n\t\t\t\t<\/div>\n\t\t\t\t<div class=\"elementor-element elementor-element-2fede203 elementor-widget elementor-widget-heading\" data-id=\"2fede203\" data-element_type=\"widget\" data-e-type=\"widget\" data-widget_type=\"heading.default\">\n\t\t\t\t<div class=\"elementor-widget-container\">\n\t\t\t\t\t<h2 class=\"elementor-heading-title elementor-size-default\">Nous offrons des soins d'urgence aux patients ayant une assurance m\u00e9dicale internationale.<\/h2>\t\t\t\t<\/div>\n\t\t\t\t<\/div>\n\t\t\t\t<div class=\"elementor-element elementor-element-46a515b1 elementor-widget elementor-widget-text-editor\" data-id=\"46a515b1\" data-element_type=\"widget\" data-e-type=\"widget\" data-widget_type=\"text-editor.default\">\n\t\t\t\t<div class=\"elementor-widget-container\">\n\t\t\t\t\t\t\t\t\t<p>Nous travaillons avec les principales <strong>compagnies d&rsquo;assurance voyage et sant\u00e9 internationales<\/strong>.<\/p><ul><li>Nous acceptons la plupart des assurances europ\u00e9ennes et nord-am\u00e9ricaines. <strong>Nous v\u00e9rifions votre couverture imm\u00e9diatement<\/strong>.<\/li><li>Vous n&rsquo;avez besoin que de votre passeport et de votre num\u00e9ro de police. Nous nous occupons du reste. <\/li><li>Avec votre assurance, vous \u00e9vitez les paiements \u00e9lev\u00e9s, vous recevez des soins rapides et vous pouvez profiter de votre voyage en toute tranquillit\u00e9.<\/li><\/ul>\t\t\t\t\t\t\t\t<\/div>\n\t\t\t\t<\/div>\n\t\t\t\t<div class=\"elementor-element elementor-element-78fda672 elementor-widget elementor-widget-heading\" data-id=\"78fda672\" data-element_type=\"widget\" data-e-type=\"widget\" data-widget_type=\"heading.default\">\n\t\t\t\t<div class=\"elementor-widget-container\">\n\t\t\t\t\t<h2 class=\"elementor-heading-title elementor-size-default\">Soins m\u00e9dicaux pour les touristes sur la Costa del Sol<\/h2>\t\t\t\t<\/div>\n\t\t\t\t<\/div>\n\t\t\t\t<div class=\"elementor-element elementor-element-3869d12b elementor-widget elementor-widget-text-editor\" data-id=\"3869d12b\" data-element_type=\"widget\" data-e-type=\"widget\" data-widget_type=\"text-editor.default\">\n\t\t\t\t<div class=\"elementor-widget-container\">\n\t\t\t\t\t\t\t\t\t<p data-pm-slice=\"1 1 []\">Nous savons combien il est important de se sentir en s\u00e9curit\u00e9 lorsque l&rsquo;on voyage. C&rsquo;est pourquoi nous offrons un service adapt\u00e9 aux visiteurs internationaux. <\/p><ul><li>Notre personnel parle anglais, allemand, fran\u00e7ais et d&rsquo;autres langues, ce qui garantit une communication claire.<\/li><li>Nous collaborons avec des cliniques internationales, des h\u00f4pitaux et des compagnies d&rsquo;assurance reconnues en Europe et en Am\u00e9rique.<\/li><\/ul>\t\t\t\t\t\t\t\t<\/div>\n\t\t\t\t<\/div>\n\t\t\t\t<div class=\"elementor-element elementor-element-963d1ff elementor-widget elementor-widget-heading\" data-id=\"963d1ff\" data-element_type=\"widget\" data-e-type=\"widget\" data-widget_type=\"heading.default\">\n\t\t\t\t<div class=\"elementor-widget-container\">\n\t\t\t\t\t<h2 class=\"elementor-heading-title elementor-size-default\">Pourquoi nous choisir pour les urgences m\u00e9dicales 24h\/24 ?<\/h2>\t\t\t\t<\/div>\n\t\t\t\t<\/div>\n\t\t\t\t<div class=\"elementor-element elementor-element-5ae7bf7 elementor-widget elementor-widget-text-editor\" data-id=\"5ae7bf7\" data-element_type=\"widget\" data-e-type=\"widget\" data-widget_type=\"text-editor.default\">\n\t\t\t\t<div class=\"elementor-widget-container\">\n\t\t\t\t\t\t\t\t\t<ul><li data-pm-slice=\"1 1 []\">Des professionnels exp\u00e9riment\u00e9s qui offrent un <strong>traitement proche et humain<\/strong>.<\/li><li data-pm-slice=\"1 1 []\">Couverture agile \u00e0 <strong>Fuengirola, Torremolinos, Torrox, Benidorm<\/strong> et dans les environs.<\/li><li data-pm-slice=\"1 1 []\">Avis positifs de <strong>touristes et de r\u00e9sidents satisfaits<\/strong> qui nous recommandent constamment.<\/li><\/ul>\t\t\t\t\t\t\t\t<\/div>\n\t\t\t\t<\/div>\n\t\t\t\t\t<\/div>\n\t\t\t\t<\/div>\n\t\t<div class=\"elementor-element elementor-element-2d88310a e-flex e-con-boxed e-con e-parent\" data-id=\"2d88310a\" data-element_type=\"container\" data-e-type=\"container\" data-settings=\"{&quot;background_background&quot;:&quot;classic&quot;}\">\n\t\t\t\t\t<div class=\"e-con-inner\">\n\t\t\t\t<div class=\"elementor-element elementor-element-58bd6f8c elementor-widget elementor-widget-heading\" data-id=\"58bd6f8c\" data-element_type=\"widget\" data-e-type=\"widget\" data-widget_type=\"heading.default\">\n\t\t\t\t<div class=\"elementor-widget-container\">\n\t\t\t\t\t<h2 class=\"elementor-heading-title elementor-size-default\">Appelez-nous et demandez votre ambulance urgente.<\/h2>\t\t\t\t<\/div>\n\t\t\t\t<\/div>\n\t\t\t\t<div class=\"elementor-element elementor-element-bc7a2ee elementor-widget elementor-widget-heading\" data-id=\"bc7a2ee\" data-element_type=\"widget\" data-e-type=\"widget\" data-widget_type=\"heading.default\">\n\t\t\t\t<div class=\"elementor-widget-container\">\n\t\t\t\t\t<h2 class=\"elementor-heading-title elementor-size-default\">Vous pouvez \u00e9galement nous contacter directement par WhatsApp pour une assistance imm\u00e9diate.<\/h2>\t\t\t\t<\/div>\n\t\t\t\t<\/div>\n\t\t\t\t\t<\/div>\n\t\t\t\t<\/div>\n\t\t\t\t<\/div>\n\t\t","protected":false},"excerpt":{"rendered":"<p>Ambulance 24 heures sur 24 \u2013 Urgences m\u00e9dicales imm\u00e9diates Demander une ambulance urgente Services m\u00e9dicaux 24h\/24 et 7j\/7 pour les r\u00e9sidents et les touristes Chez SISMA, nous offrons des soins m\u00e9dicaux pour les urgences 24 heures sur 24, tous les jours de l&rsquo;ann\u00e9e. Nous intervenons dans les urgences qui n\u00e9cessitent des transferts assist\u00e9s. Nous r\u00e9pondons&#8230;<\/p>\n","protected":false},"author":2,"featured_media":0,"parent":14367,"menu_order":0,"comment_status":"closed","ping_status":"closed","template":"","meta":{"_monsterinsights_skip_tracking":false,"_monsterinsights_sitenote_active":false,"_monsterinsights_sitenote_note":"","_monsterinsights_sitenote_category":0,"_tbt_post_transparent":"","_tbt_post_title":"","_tbt_post_layout":"","_tbt_post_sidebar_id":"","_tbt_post_content_style":"","_tbt_post_vertical_padding":"","_tbt_post_feature":"","_tbt_post_feature_position":"","_tbt_post_header":false,"_tbt_post_footer":false},"class_list":["post-14361","page","type-page","status-publish","hentry"],"aioseo_notices":[],"_links":{"self":[{"href":"https:\/\/servicios-sisma.com\/fr\/wp-json\/wp\/v2\/pages\/14361","targetHints":{"allow":["GET"]}}],"collection":[{"href":"https:\/\/servicios-sisma.com\/fr\/wp-json\/wp\/v2\/pages"}],"about":[{"href":"https:\/\/servicios-sisma.com\/fr\/wp-json\/wp\/v2\/types\/page"}],"author":[{"embeddable":true,"href":"https:\/\/servicios-sisma.com\/fr\/wp-json\/wp\/v2\/users\/2"}],"replies":[{"embeddable":true,"href":"https:\/\/servicios-sisma.com\/fr\/wp-json\/wp\/v2\/comments?post=14361"}],"version-history":[{"count":1,"href":"https:\/\/servicios-sisma.com\/fr\/wp-json\/wp\/v2\/pages\/14361\/revisions"}],"predecessor-version":[{"id":14362,"href":"https:\/\/servicios-sisma.com\/fr\/wp-json\/wp\/v2\/pages\/14361\/revisions\/14362"}],"up":[{"embeddable":true,"href":"https:\/\/servicios-sisma.com\/fr\/wp-json\/wp\/v2\/pages\/14367"}],"wp:attachment":[{"href":"https:\/\/servicios-sisma.com\/fr\/wp-json\/wp\/v2\/media?parent=14361"}],"curies":[{"name":"wp","href":"https:\/\/api.w.org\/{rel}","templated":true}]}}