{"id":14367,"date":"2025-07-30T17:05:29","date_gmt":"2025-07-30T15:05:29","guid":{"rendered":"https:\/\/servicios-sisma.com\/services-dambulance\/"},"modified":"2025-08-01T20:25:30","modified_gmt":"2025-08-01T18:25:30","slug":"services-dambulance","status":"publish","type":"page","link":"https:\/\/servicios-sisma.com\/fr\/services-dambulance\/","title":{"rendered":"Services d&rsquo;ambulance"},"content":{"rendered":"\t\t<div data-elementor-type=\"wp-page\" data-elementor-id=\"14367\" class=\"elementor elementor-14367 elementor-12967\">\n\t\t\t\t<div class=\"elementor-element elementor-element-54e6c022 e-flex e-con-boxed e-con e-parent\" data-id=\"54e6c022\" data-element_type=\"container\" data-e-type=\"container\" data-settings=\"{&quot;background_background&quot;:&quot;classic&quot;}\">\n\t\t\t\t\t<div class=\"e-con-inner\">\n\t\t\t\t<div class=\"elementor-element elementor-element-1e9121c3 elementor-widget elementor-widget-heading\" data-id=\"1e9121c3\" data-element_type=\"widget\" data-e-type=\"widget\" data-widget_type=\"heading.default\">\n\t\t\t\t<div class=\"elementor-widget-container\">\n\t\t\t\t\t<h1 class=\"elementor-heading-title elementor-size-default\">Ambulance 24 heures sur la Costa del Sol et \u00e0 Benidorm Urgences, \u00c9v\u00e9nements et Transferts Sanitaires<\/h1>\t\t\t\t<\/div>\n\t\t\t\t<\/div>\n\t\t\t\t\t<\/div>\n\t\t\t\t<\/div>\n\t\t<div class=\"elementor-element elementor-element-a35071e e-flex e-con-boxed e-con e-parent\" data-id=\"a35071e\" data-element_type=\"container\" data-e-type=\"container\">\n\t\t\t\t\t<div class=\"e-con-inner\">\n\t\t\t\t<div class=\"elementor-element elementor-element-8d2f0ab elementor-widget elementor-widget-heading\" data-id=\"8d2f0ab\" data-element_type=\"widget\" data-e-type=\"widget\" data-widget_type=\"heading.default\">\n\t\t\t\t<div class=\"elementor-widget-container\">\n\t\t\t\t\t<h2 class=\"elementor-heading-title elementor-size-default\">Service d'ambulance 24 heures sur la Costa del Sol et \u00e0 Benidorm<\/h2>\t\t\t\t<\/div>\n\t\t\t\t<\/div>\n\t\t\t\t<div class=\"elementor-element elementor-element-81a7eaa elementor-widget elementor-widget-text-editor\" data-id=\"81a7eaa\" data-element_type=\"widget\" data-e-type=\"widget\" data-widget_type=\"text-editor.default\">\n\t\t\t\t<div class=\"elementor-widget-container\">\n\t\t\t\t\t\t\t\t\t<p data-start=\"325\" data-end=\"762\">Chez <strong data-start=\"328\" data-end=\"347\"><a href=\"https:\/\/servicios-sisma.com\/fr\/\">SISMA<\/a> <\/strong>, nous disposons d&rsquo;un service d&rsquo;<strong data-start=\"376\" data-end=\"399\">ambulance 24 heures<\/strong> op\u00e9rationnel sur toute la <strong data-start=\"421\" data-end=\"453\">Costa del Sol et la Costa Blanca<\/strong>, couvrant les <strong>transferts<\/strong>, les <strong>\u00e9v\u00e9nements<\/strong> et les <strong>urgences<\/strong> sanitaires. Nos v\u00e9hicules sont enti\u00e8rement \u00e9quip\u00e9s et nous disposons de <strong>personnel sanitaire<\/strong> qualifi\u00e9 pour garantir une attention imm\u00e9diate, s\u00fbre et professionnelle \u00e0 tout moment. Nous travaillons avec des patients <strong>priv\u00e9s<\/strong>, des compagnies d&rsquo;<strong>assurance<\/strong> et des organisateurs d&rsquo;<strong>\u00e9v\u00e9nements<\/strong>.  <\/p><p data-start=\"764\" data-end=\"826\">Nous vous pr\u00e9sentons ci-dessous nos principaux services :<\/p>\t\t\t\t\t\t\t\t<\/div>\n\t\t\t\t<\/div>\n\t\t\t\t\t<\/div>\n\t\t\t\t<\/div>\n\t\t<div class=\"elementor-element elementor-element-a3b676e e-flex e-con-boxed e-con e-parent\" data-id=\"a3b676e\" data-element_type=\"container\" data-e-type=\"container\">\n\t\t\t\t\t<div class=\"e-con-inner\">\n\t\t<a class=\"elementor-element elementor-element-3c9f6dce e-con-full e-transform e-flex e-con e-child\" data-id=\"3c9f6dce\" data-element_type=\"container\" data-e-type=\"container\" data-settings=\"{&quot;background_background&quot;:&quot;classic&quot;,&quot;_transform_scale_effect_hover&quot;:{&quot;unit&quot;:&quot;px&quot;,&quot;size&quot;:0.9,&quot;sizes&quot;:[]},&quot;_transform_scale_effect_hover_tablet&quot;:{&quot;unit&quot;:&quot;px&quot;,&quot;size&quot;:&quot;&quot;,&quot;sizes&quot;:[]},&quot;_transform_scale_effect_hover_mobile&quot;:{&quot;unit&quot;:&quot;px&quot;,&quot;size&quot;:&quot;&quot;,&quot;sizes&quot;:[]}}\" href=\"https:\/\/servicios-sisma.com\/ambulancia\/urgencias-24h\/\">\n\t\t\t\t<div class=\"elementor-element elementor-element-4f8848a5 elementor-widget elementor-widget-heading\" data-id=\"4f8848a5\" data-element_type=\"widget\" data-e-type=\"widget\" data-widget_type=\"heading.default\">\n\t\t\t\t<div class=\"elementor-widget-container\">\n\t\t\t\t\t<h2 class=\"elementor-heading-title elementor-size-default\"><u>URGENCES 24H<\/u><\/h2>\t\t\t\t<\/div>\n\t\t\t\t<\/div>\n\t\t\t\t<div class=\"elementor-element elementor-element-211d9eb6 elementor-widget elementor-widget-text-editor\" data-id=\"211d9eb6\" data-element_type=\"widget\" data-e-type=\"widget\" data-widget_type=\"text-editor.default\">\n\t\t\t\t<div class=\"elementor-widget-container\">\n\t\t\t\t\t\t\t\t\t<p>R\u00e9ponse imm\u00e9diate aux urgences m\u00e9dicales. Soins \u00e0 domicile, dans les h\u00f4tels ou sur la voie publique, avec transferts vers les centres hospitaliers si n\u00e9cessaire. <\/p>\t\t\t\t\t\t\t\t<\/div>\n\t\t\t\t<\/div>\n\t\t\t\t<div class=\"elementor-element elementor-element-8eef44f elementor-widget elementor-widget-image\" data-id=\"8eef44f\" data-element_type=\"widget\" data-e-type=\"widget\" data-widget_type=\"image.default\">\n\t\t\t\t<div class=\"elementor-widget-container\">\n\t\t\t\t\t\t\t\t\t\t\t\t\t\t\t<img decoding=\"async\" src=\"https:\/\/servicios-sisma.com\/wp-content\/uploads\/elementor\/thumbs\/istockphoto-1200712144-612x612-1-r9ktkh26h5in1bk0enc63ky4n5tin95a7iuu4bolk2.jpg\" title=\"istockphoto-1200712144-612&#215;612\" alt=\"medic stethoscope concept logotype template design. Business logo icon shape. medic stethoscope simple logo illustration\" loading=\"lazy\" \/>\t\t\t\t\t\t\t\t\t\t\t\t\t\t\t<\/div>\n\t\t\t\t<\/div>\n\t\t\t\t<\/a>\n\t\t<a class=\"elementor-element elementor-element-260aa40 e-con-full e-transform e-flex e-con e-child\" data-id=\"260aa40\" data-element_type=\"container\" data-e-type=\"container\" data-settings=\"{&quot;background_background&quot;:&quot;classic&quot;,&quot;_transform_scale_effect_hover&quot;:{&quot;unit&quot;:&quot;px&quot;,&quot;size&quot;:0.9,&quot;sizes&quot;:[]},&quot;_transform_scale_effect_hover_tablet&quot;:{&quot;unit&quot;:&quot;px&quot;,&quot;size&quot;:&quot;&quot;,&quot;sizes&quot;:[]},&quot;_transform_scale_effect_hover_mobile&quot;:{&quot;unit&quot;:&quot;px&quot;,&quot;size&quot;:&quot;&quot;,&quot;sizes&quot;:[]}}\" href=\"https:\/\/servicios-sisma.com\/ambulancia-24-horas\/traslados-en-ambulancia\/\">\n\t\t\t\t<div class=\"elementor-element elementor-element-0d69158 elementor-widget elementor-widget-heading\" data-id=\"0d69158\" data-element_type=\"widget\" data-e-type=\"widget\" data-widget_type=\"heading.default\">\n\t\t\t\t<div class=\"elementor-widget-container\">\n\t\t\t\t\t<h2 class=\"elementor-heading-title elementor-size-default\"><u>TRANSFERTS PROGRAMM\u00c9S<\/u><\/h2>\t\t\t\t<\/div>\n\t\t\t\t<\/div>\n\t\t\t\t<div class=\"elementor-element elementor-element-23c3121 elementor-widget elementor-widget-text-editor\" data-id=\"23c3121\" data-element_type=\"widget\" data-e-type=\"widget\" data-widget_type=\"text-editor.default\">\n\t\t\t\t<div class=\"elementor-widget-container\">\n\t\t\t\t\t\t\t\t\t<p>Transport sanitaire non urgent pour les patients \u00e0 mobilit\u00e9 r\u00e9duite, les sorties d&rsquo;h\u00f4pital, les visites hospitali\u00e8res ou les transferts interprovinciaux.<\/p>\t\t\t\t\t\t\t\t<\/div>\n\t\t\t\t<\/div>\n\t\t\t\t<div class=\"elementor-element elementor-element-e4f3959 elementor-widget elementor-widget-image\" data-id=\"e4f3959\" data-element_type=\"widget\" data-e-type=\"widget\" data-widget_type=\"image.default\">\n\t\t\t\t<div class=\"elementor-widget-container\">\n\t\t\t\t\t\t\t\t\t\t\t\t\t\t\t<img decoding=\"async\" src=\"https:\/\/servicios-sisma.com\/wp-content\/uploads\/elementor\/thumbs\/medical-ambulance-silhouette-logo-free-vector-r9ktg35akzigutxe0r2ugosouffuq3qdlt99hu6qle.jpg\" title=\"medical-ambulance-silhouette-logo-free-vector\" alt=\"medical-ambulance-silhouette-logo-free-vector\" loading=\"lazy\" \/>\t\t\t\t\t\t\t\t\t\t\t\t\t\t\t<\/div>\n\t\t\t\t<\/div>\n\t\t\t\t<\/a>\n\t\t<a class=\"elementor-element elementor-element-f4f47e9 e-con-full e-transform e-flex e-con e-child\" data-id=\"f4f47e9\" data-element_type=\"container\" data-e-type=\"container\" data-settings=\"{&quot;background_background&quot;:&quot;classic&quot;,&quot;_transform_scale_effect_hover&quot;:{&quot;unit&quot;:&quot;px&quot;,&quot;size&quot;:0.9,&quot;sizes&quot;:[]},&quot;_transform_scale_effect_hover_tablet&quot;:{&quot;unit&quot;:&quot;px&quot;,&quot;size&quot;:&quot;&quot;,&quot;sizes&quot;:[]},&quot;_transform_scale_effect_hover_mobile&quot;:{&quot;unit&quot;:&quot;px&quot;,&quot;size&quot;:&quot;&quot;,&quot;sizes&quot;:[]}}\" href=\"https:\/\/servicios-sisma.com\/ambulancia\/eventos\/\">\n\t\t\t\t<div class=\"elementor-element elementor-element-60a251cd elementor-widget elementor-widget-heading\" data-id=\"60a251cd\" data-element_type=\"widget\" data-e-type=\"widget\" data-widget_type=\"heading.default\">\n\t\t\t\t<div class=\"elementor-widget-container\">\n\t\t\t\t\t<h2 class=\"elementor-heading-title elementor-size-default\"><u>\u00c9V\u00c9NEMENTS<\/u><\/h2>\t\t\t\t<\/div>\n\t\t\t\t<\/div>\n\t\t\t\t<div class=\"elementor-element elementor-element-3369a43c elementor-widget elementor-widget-text-editor\" data-id=\"3369a43c\" data-element_type=\"widget\" data-e-type=\"widget\" data-widget_type=\"text-editor.default\">\n\t\t\t\t<div class=\"elementor-widget-container\">\n\t\t\t\t\t\t\t\t\t<p>Couverture sanitaire pour les concerts, festivals, \u00e9v\u00e9nements sportifs et \u00e9v\u00e9nements publics. Supervision m\u00e9dicale et ambulance en standby pendant toute la dur\u00e9e de l&rsquo;\u00e9v\u00e9nement. <\/p>\t\t\t\t\t\t\t\t<\/div>\n\t\t\t\t<\/div>\n\t\t\t\t<div class=\"elementor-element elementor-element-68e121a elementor-widget elementor-widget-image\" data-id=\"68e121a\" data-element_type=\"widget\" data-e-type=\"widget\" data-widget_type=\"image.default\">\n\t\t\t\t<div class=\"elementor-widget-container\">\n\t\t\t\t\t\t\t\t\t\t\t\t\t\t\t<img decoding=\"async\" width=\"150\" height=\"150\" src=\"https:\/\/servicios-sisma.com\/wp-content\/uploads\/2025\/07\/simple-red-medical-cross-icon-600nw-1543393193-150x150.webp\" class=\"attachment-thumbnail size-thumbnail wp-image-14161\" alt=\"\" srcset=\"https:\/\/servicios-sisma.com\/wp-content\/uploads\/2025\/07\/simple-red-medical-cross-icon-600nw-1543393193-150x150.webp 150w, https:\/\/servicios-sisma.com\/wp-content\/uploads\/2025\/07\/simple-red-medical-cross-icon-600nw-1543393193-300x300.webp 300w, https:\/\/servicios-sisma.com\/wp-content\/uploads\/2025\/07\/simple-red-medical-cross-icon-600nw-1543393193.webp 600w\" sizes=\"(max-width: 150px) 100vw, 150px\" \/>\t\t\t\t\t\t\t\t\t\t\t\t\t\t\t<\/div>\n\t\t\t\t<\/div>\n\t\t\t\t<\/a>\n\t\t\t\t\t<\/div>\n\t\t\t\t<\/div>\n\t\t<div class=\"elementor-element elementor-element-37f7739 e-flex e-con-boxed e-con e-parent\" data-id=\"37f7739\" data-element_type=\"container\" data-e-type=\"container\">\n\t\t\t\t\t<div class=\"e-con-inner\">\n\t\t\t\t<div class=\"elementor-element elementor-element-4adf647 elementor-widget elementor-widget-heading\" data-id=\"4adf647\" data-element_type=\"widget\" data-e-type=\"widget\" data-widget_type=\"heading.default\">\n\t\t\t\t<div class=\"elementor-widget-container\">\n\t\t\t\t\t<h2 class=\"elementor-heading-title elementor-size-default\">Transferts en ambulance 24 heures avec soins m\u00e9dicaux sp\u00e9cialis\u00e9s\n<\/h2>\t\t\t\t<\/div>\n\t\t\t\t<\/div>\n\t\t\t\t<div class=\"elementor-element elementor-element-4ed65e3 elementor-widget elementor-widget-text-editor\" data-id=\"4ed65e3\" data-element_type=\"widget\" data-e-type=\"widget\" data-widget_type=\"text-editor.default\">\n\t\t\t\t<div class=\"elementor-widget-container\">\n\t\t\t\t\t\t\t\t\t<p>Notre service d&rsquo;<strong data-start=\"742\" data-end=\"765\">ambulance 24 heures<\/strong> comprend les <strong>transferts interhospitaliers, les transferts \u00e0 domicile<\/strong> et les transferts pour les patients ayant des besoins sp\u00e9ciaux. Nous disposons de v\u00e9hicules \u00e9quip\u00e9s d&rsquo;une technologie de pointe et d&rsquo;une \u00e9quipe de sant\u00e9 hautement qualifi\u00e9e qui assure le bien-\u00eatre du patient tout au long du trajet. <\/p>\t\t\t\t\t\t\t\t<\/div>\n\t\t\t\t<\/div>\n\t\t\t\t<div class=\"elementor-element elementor-element-a0f0105 elementor-widget elementor-widget-heading\" data-id=\"a0f0105\" data-element_type=\"widget\" data-e-type=\"widget\" data-widget_type=\"heading.default\">\n\t\t\t\t<div class=\"elementor-widget-container\">\n\t\t\t\t\t<h3 class=\"elementor-heading-title elementor-size-default\">Ambulance 24 heures pour \u00e9v\u00e9nements et urgences\n<\/h3>\t\t\t\t<\/div>\n\t\t\t\t<\/div>\n\t\t\t\t<div class=\"elementor-element elementor-element-a872b9c elementor-widget elementor-widget-text-editor\" data-id=\"a872b9c\" data-element_type=\"widget\" data-e-type=\"widget\" data-widget_type=\"text-editor.default\">\n\t\t\t\t<div class=\"elementor-widget-container\">\n\t\t\t\t\t\t\t\t\t<p>Outre les transferts, nous mettons \u00e0 disposition des <strong>ambulances 24 heures<\/strong> pour les \u00e9v\u00e9nements sportifs, culturels ou priv\u00e9s, garantissant une <strong>couverture m\u00e9dicale imm\u00e9diate et des soins d&rsquo;urgence<\/strong>. Nous sommes pr\u00eats \u00e0 r\u00e9pondre \u00e0 toute \u00e9ventualit\u00e9 <strong>24 heures<\/strong> sur 24, 7 jours sur 7. <\/p>\t\t\t\t\t\t\t\t<\/div>\n\t\t\t\t<\/div>\n\t\t\t\t\t<\/div>\n\t\t\t\t<\/div>\n\t\t\t\t<\/div>\n\t\t","protected":false},"excerpt":{"rendered":"<p>Ambulance 24 heures sur la Costa del Sol et \u00e0 Benidorm Urgences, \u00c9v\u00e9nements et Transferts Sanitaires Service d&rsquo;ambulance 24 heures sur la Costa del Sol et \u00e0 Benidorm Chez SISMA , nous disposons d&rsquo;un service d&rsquo;ambulance 24 heures op\u00e9rationnel sur toute la Costa del Sol et la Costa Blanca, couvrant les transferts, les \u00e9v\u00e9nements et&#8230;<\/p>\n","protected":false},"author":2,"featured_media":0,"parent":0,"menu_order":0,"comment_status":"closed","ping_status":"closed","template":"","meta":{"_monsterinsights_skip_tracking":false,"_monsterinsights_sitenote_active":false,"_monsterinsights_sitenote_note":"","_monsterinsights_sitenote_category":0,"_tbt_post_transparent":"","_tbt_post_title":"","_tbt_post_layout":"","_tbt_post_sidebar_id":"","_tbt_post_content_style":"","_tbt_post_vertical_padding":"","_tbt_post_feature":"","_tbt_post_feature_position":"","_tbt_post_header":false,"_tbt_post_footer":false},"class_list":["post-14367","page","type-page","status-publish","hentry"],"aioseo_notices":[],"_links":{"self":[{"href":"https:\/\/servicios-sisma.com\/fr\/wp-json\/wp\/v2\/pages\/14367","targetHints":{"allow":["GET"]}}],"collection":[{"href":"https:\/\/servicios-sisma.com\/fr\/wp-json\/wp\/v2\/pages"}],"about":[{"href":"https:\/\/servicios-sisma.com\/fr\/wp-json\/wp\/v2\/types\/page"}],"author":[{"embeddable":true,"href":"https:\/\/servicios-sisma.com\/fr\/wp-json\/wp\/v2\/users\/2"}],"replies":[{"embeddable":true,"href":"https:\/\/servicios-sisma.com\/fr\/wp-json\/wp\/v2\/comments?post=14367"}],"version-history":[{"count":1,"href":"https:\/\/servicios-sisma.com\/fr\/wp-json\/wp\/v2\/pages\/14367\/revisions"}],"predecessor-version":[{"id":14368,"href":"https:\/\/servicios-sisma.com\/fr\/wp-json\/wp\/v2\/pages\/14367\/revisions\/14368"}],"wp:attachment":[{"href":"https:\/\/servicios-sisma.com\/fr\/wp-json\/wp\/v2\/media?parent=14367"}],"curies":[{"name":"wp","href":"https:\/\/api.w.org\/{rel}","templated":true}]}}