{"id":14379,"date":"2025-07-30T14:02:17","date_gmt":"2025-07-30T12:02:17","guid":{"rendered":"https:\/\/servicios-sisma.com\/centres-medicaux\/"},"modified":"2026-02-02T19:25:50","modified_gmt":"2026-02-02T18:25:50","slug":"centres-medicaux","status":"publish","type":"page","link":"https:\/\/servicios-sisma.com\/fr\/centres-medicaux\/","title":{"rendered":"Centres m\u00e9dicaux"},"content":{"rendered":"\t\t<div data-elementor-type=\"wp-page\" data-elementor-id=\"14379\" class=\"elementor elementor-14379 elementor-12898\">\n\t\t\t\t<div class=\"elementor-element elementor-element-04bc326 e-flex e-con-boxed e-con e-parent\" data-id=\"04bc326\" data-element_type=\"container\" data-e-type=\"container\" data-settings=\"{&quot;background_background&quot;:&quot;classic&quot;}\">\n\t\t\t\t\t<div class=\"e-con-inner\">\n\t\t\t\t<div class=\"elementor-element elementor-element-07c36bb elementor-widget elementor-widget-heading\" data-id=\"07c36bb\" data-element_type=\"widget\" data-e-type=\"widget\" data-widget_type=\"heading.default\">\n\t\t\t\t<div class=\"elementor-widget-container\">\n\t\t\t\t\t<h1 class=\"elementor-heading-title elementor-size-default\">CENTRES M\u00c9DICAUX<\/h1>\t\t\t\t<\/div>\n\t\t\t\t<\/div>\n\t\t\t\t\t<\/div>\n\t\t\t\t<\/div>\n\t\t<div class=\"elementor-element elementor-element-48e3a88 e-flex e-con-boxed e-con e-parent\" data-id=\"48e3a88\" data-element_type=\"container\" data-e-type=\"container\">\n\t\t\t\t\t<div class=\"e-con-inner\">\n\t\t\t\t<div class=\"elementor-element elementor-element-514c67d elementor-widget elementor-widget-text-editor\" data-id=\"514c67d\" data-element_type=\"widget\" data-e-type=\"widget\" data-widget_type=\"text-editor.default\">\n\t\t\t\t<div class=\"elementor-widget-container\">\n\t\t\t\t\t\t\t\t\t<p>Chez <strong data-start=\"269\" data-end=\"288\"><a href=\"https:\/\/servicios-sisma.com\/fr\/\">SISMA<\/a><\/strong>, nous mettons \u00e0 votre disposition un r\u00e9seau de <strong>centres m\u00e9dicaux<\/strong> situ\u00e9s dans des points cl\u00e9s de la <strong data-start=\"363\" data-end=\"380\">Costa del Sol<\/strong> et de la <strong data-start=\"386\" data-end=\"402\">Costa Blanca<\/strong>, con\u00e7us pour offrir une <strong>prise en charge sanitaire imm\u00e9diate<\/strong> aux r\u00e9sidents comme aux <strong>touristes<\/strong> disposant d&rsquo;<strong>assurances internationales<\/strong>. Nos <b>centres m\u00e9dicaux<\/b> combinent technologie, exp\u00e9rience m\u00e9dicale et <strong>prise en charge<\/strong> personnalis\u00e9e <strong>24 heures sur 24<\/strong>, avec un <strong>service de m\u00e9decin \u00e0 domicile et une assistance directe dans les cliniques, les h\u00f4tels ou les appartements<\/strong>.<\/p><p data-start=\"709\" data-end=\"792\">Consultez ci-dessous nos cliniques disponibles et r\u00e9servez facilement votre rendez-vous&nbsp;:<\/p>\t\t\t\t\t\t\t\t<\/div>\n\t\t\t\t<\/div>\n\t\t\t\t\t<\/div>\n\t\t\t\t<\/div>\n\t\t<div class=\"elementor-element elementor-element-70a1466 e-flex e-con-boxed e-con e-parent\" data-id=\"70a1466\" data-element_type=\"container\" data-e-type=\"container\">\n\t\t\t\t\t<div class=\"e-con-inner\">\n\t\t<a class=\"elementor-element elementor-element-ca20a16 e-con-full e-transform e-flex e-con e-child\" data-id=\"ca20a16\" data-element_type=\"container\" data-e-type=\"container\" data-settings=\"{&quot;background_background&quot;:&quot;classic&quot;,&quot;_transform_scale_effect_hover&quot;:{&quot;unit&quot;:&quot;px&quot;,&quot;size&quot;:0.9,&quot;sizes&quot;:[]},&quot;_transform_scale_effect_hover_tablet&quot;:{&quot;unit&quot;:&quot;px&quot;,&quot;size&quot;:&quot;&quot;,&quot;sizes&quot;:[]},&quot;_transform_scale_effect_hover_mobile&quot;:{&quot;unit&quot;:&quot;px&quot;,&quot;size&quot;:&quot;&quot;,&quot;sizes&quot;:[]}}\" href=\"https:\/\/servicios-sisma.com\/fr\/centres-medicaux\/fuengirola\/\">\n\t\t\t\t<div class=\"elementor-element elementor-element-2031314 elementor-widget elementor-widget-heading\" data-id=\"2031314\" data-element_type=\"widget\" data-e-type=\"widget\" data-widget_type=\"heading.default\">\n\t\t\t\t<div class=\"elementor-widget-container\">\n\t\t\t\t\t<h2 class=\"elementor-heading-title elementor-size-default\">FUENGIROLA<\/h2>\t\t\t\t<\/div>\n\t\t\t\t<\/div>\n\t\t\t\t<div class=\"elementor-element elementor-element-eec12da elementor-widget elementor-widget-text-editor\" data-id=\"eec12da\" data-element_type=\"widget\" data-e-type=\"widget\" data-widget_type=\"text-editor.default\">\n\t\t\t\t<div class=\"elementor-widget-container\">\n\t\t\t\t\t\t\t\t\t<p>Soins m\u00e9dicaux imm\u00e9diats avec couverture pour les r\u00e9sidents et les touristes. M\u00e9decin 24h\/24, soins \u00e0 domicile et assistance avec les assurances internationales. <\/p>\t\t\t\t\t\t\t\t<\/div>\n\t\t\t\t<\/div>\n\t\t\t\t<\/a>\n\t\t<a class=\"elementor-element elementor-element-b042a28 e-con-full e-transform e-flex e-con e-child\" data-id=\"b042a28\" data-element_type=\"container\" data-e-type=\"container\" data-settings=\"{&quot;background_background&quot;:&quot;classic&quot;,&quot;_transform_scale_effect_hover&quot;:{&quot;unit&quot;:&quot;px&quot;,&quot;size&quot;:0.9,&quot;sizes&quot;:[]},&quot;_transform_scale_effect_hover_tablet&quot;:{&quot;unit&quot;:&quot;px&quot;,&quot;size&quot;:&quot;&quot;,&quot;sizes&quot;:[]},&quot;_transform_scale_effect_hover_mobile&quot;:{&quot;unit&quot;:&quot;px&quot;,&quot;size&quot;:&quot;&quot;,&quot;sizes&quot;:[]}}\" href=\"https:\/\/servicios-sisma.com\/centros-medicos\/almunecar\/\">\n\t\t\t\t<div class=\"elementor-element elementor-element-73c5e0e elementor-widget elementor-widget-heading\" data-id=\"73c5e0e\" data-element_type=\"widget\" data-e-type=\"widget\" data-widget_type=\"heading.default\">\n\t\t\t\t<div class=\"elementor-widget-container\">\n\t\t\t\t\t<h2 class=\"elementor-heading-title elementor-size-default\">ALMU\u00d1\u00c9CAR<\/h2>\t\t\t\t<\/div>\n\t\t\t\t<\/div>\n\t\t\t\t<div class=\"elementor-element elementor-element-3c414ce elementor-widget elementor-widget-text-editor\" data-id=\"3c414ce\" data-element_type=\"widget\" data-e-type=\"widget\" data-widget_type=\"text-editor.default\">\n\t\t\t\t<div class=\"elementor-widget-container\">\n\t\t\t\t\t\t\t\t\t<p>Prise en charge m\u00e9dicale imm\u00e9diate \u00e0 Almu\u00f1\u00e9car et sur la Costa Tropical. M\u00e9decin 24h\/24, urgences, soins \u00e0 domicile et assistance aux r\u00e9sidents et aux touristes disposant d&rsquo;assurances internationales. <\/p>\t\t\t\t\t\t\t\t<\/div>\n\t\t\t\t<\/div>\n\t\t\t\t<\/a>\n\t\t<a class=\"elementor-element elementor-element-c81e2b3 e-con-full e-transform e-flex e-con e-child\" data-id=\"c81e2b3\" data-element_type=\"container\" data-e-type=\"container\" data-settings=\"{&quot;background_background&quot;:&quot;classic&quot;,&quot;_transform_scale_effect_hover&quot;:{&quot;unit&quot;:&quot;px&quot;,&quot;size&quot;:0.9,&quot;sizes&quot;:[]},&quot;_transform_scale_effect_hover_tablet&quot;:{&quot;unit&quot;:&quot;px&quot;,&quot;size&quot;:&quot;&quot;,&quot;sizes&quot;:[]},&quot;_transform_scale_effect_hover_mobile&quot;:{&quot;unit&quot;:&quot;px&quot;,&quot;size&quot;:&quot;&quot;,&quot;sizes&quot;:[]}}\" href=\"https:\/\/servicios-sisma.com\/fr\/centres-medicaux\/benidorm\/\">\n\t\t\t\t<div class=\"elementor-element elementor-element-2337d82 elementor-widget elementor-widget-heading\" data-id=\"2337d82\" data-element_type=\"widget\" data-e-type=\"widget\" data-widget_type=\"heading.default\">\n\t\t\t\t<div class=\"elementor-widget-container\">\n\t\t\t\t\t<h2 class=\"elementor-heading-title elementor-size-default\">BENIDORM<\/h2>\t\t\t\t<\/div>\n\t\t\t\t<\/div>\n\t\t\t\t<div class=\"elementor-element elementor-element-a0c39e7 elementor-widget elementor-widget-text-editor\" data-id=\"a0c39e7\" data-element_type=\"widget\" data-e-type=\"widget\" data-widget_type=\"text-editor.default\">\n\t\t\t\t<div class=\"elementor-widget-container\">\n\t\t\t\t\t\t\t\t\t<p>Centre sp\u00e9cialis\u00e9 dans les urgences m\u00e9dicales, la m\u00e9decine g\u00e9n\u00e9rale et les transferts sanitaires. Service rapide et multilingue pour les patients nationaux et \u00e9trangers. <\/p>\t\t\t\t\t\t\t\t<\/div>\n\t\t\t\t<\/div>\n\t\t\t\t<\/a>\n\t\t<a class=\"elementor-element elementor-element-9a6d3e8 e-con-full e-transform e-flex e-con e-child\" data-id=\"9a6d3e8\" data-element_type=\"container\" data-e-type=\"container\" data-settings=\"{&quot;background_background&quot;:&quot;classic&quot;,&quot;_transform_scale_effect_hover&quot;:{&quot;unit&quot;:&quot;px&quot;,&quot;size&quot;:0.9,&quot;sizes&quot;:[]},&quot;_transform_scale_effect_hover_tablet&quot;:{&quot;unit&quot;:&quot;px&quot;,&quot;size&quot;:&quot;&quot;,&quot;sizes&quot;:[]},&quot;_transform_scale_effect_hover_mobile&quot;:{&quot;unit&quot;:&quot;px&quot;,&quot;size&quot;:&quot;&quot;,&quot;sizes&quot;:[]}}\" href=\"https:\/\/servicios-sisma.com\/fr\/centres-medicaux\/torrox\/\">\n\t\t\t\t<div class=\"elementor-element elementor-element-2c281d3 elementor-widget elementor-widget-heading\" data-id=\"2c281d3\" data-element_type=\"widget\" data-e-type=\"widget\" data-widget_type=\"heading.default\">\n\t\t\t\t<div class=\"elementor-widget-container\">\n\t\t\t\t\t<h2 class=\"elementor-heading-title elementor-size-default\">TORROX<\/h2>\t\t\t\t<\/div>\n\t\t\t\t<\/div>\n\t\t\t\t<div class=\"elementor-element elementor-element-b49a168 elementor-widget elementor-widget-text-editor\" data-id=\"b49a168\" data-element_type=\"widget\" data-e-type=\"widget\" data-widget_type=\"text-editor.default\">\n\t\t\t\t<div class=\"elementor-widget-container\">\n\t\t\t\t\t\t\t\t\t<p>Consultation m\u00e9dicale 24h\/24 \u00e0 Torrox et dans les environs. Soins personnalis\u00e9s, m\u00e9decins bilingues et collaboration avec les principales compagnies d&rsquo;assurance internationales. <\/p>\t\t\t\t\t\t\t\t<\/div>\n\t\t\t\t<\/div>\n\t\t\t\t<\/a>\n\t\t<a class=\"elementor-element elementor-element-5f2b73b e-con-full e-transform e-flex e-con e-child\" data-id=\"5f2b73b\" data-element_type=\"container\" data-e-type=\"container\" data-settings=\"{&quot;background_background&quot;:&quot;classic&quot;,&quot;_transform_scale_effect_hover&quot;:{&quot;unit&quot;:&quot;px&quot;,&quot;size&quot;:0.9,&quot;sizes&quot;:[]},&quot;_transform_scale_effect_hover_tablet&quot;:{&quot;unit&quot;:&quot;px&quot;,&quot;size&quot;:&quot;&quot;,&quot;sizes&quot;:[]},&quot;_transform_scale_effect_hover_mobile&quot;:{&quot;unit&quot;:&quot;px&quot;,&quot;size&quot;:&quot;&quot;,&quot;sizes&quot;:[]}}\" href=\"https:\/\/servicios-sisma.com\/fr\/centres-medicaux\/torremolinos\/\">\n\t\t\t\t<div class=\"elementor-element elementor-element-cf70e7a elementor-widget elementor-widget-heading\" data-id=\"cf70e7a\" data-element_type=\"widget\" data-e-type=\"widget\" data-widget_type=\"heading.default\">\n\t\t\t\t<div class=\"elementor-widget-container\">\n\t\t\t\t\t<h2 class=\"elementor-heading-title elementor-size-default\">TORREMOLINOS<\/h2>\t\t\t\t<\/div>\n\t\t\t\t<\/div>\n\t\t\t\t<div class=\"elementor-element elementor-element-77a677e elementor-widget elementor-widget-text-editor\" data-id=\"77a677e\" data-element_type=\"widget\" data-e-type=\"widget\" data-widget_type=\"text-editor.default\">\n\t\t\t\t<div class=\"elementor-widget-container\">\n\t\t\t\t\t\t\t\t\t<p>Soins m\u00e9dicaux complets avec une r\u00e9ponse rapide \u00e0 Torremolinos et dans les zones proches. Consultation en pr\u00e9sentiel, \u00e0 domicile ou dans les h\u00e9bergements touristiques. <\/p>\t\t\t\t\t\t\t\t<\/div>\n\t\t\t\t<\/div>\n\t\t\t\t<\/a>\n\t\t\t\t\t<\/div>\n\t\t\t\t<\/div>\n\t\t\t\t<\/div>\n\t\t","protected":false},"excerpt":{"rendered":"<p>CENTRES M\u00c9DICAUX Chez SISMA, nous mettons \u00e0 votre disposition un r\u00e9seau de centres m\u00e9dicaux situ\u00e9s dans des points cl\u00e9s de la Costa del Sol et de la Costa Blanca, con\u00e7us pour offrir une prise en charge sanitaire imm\u00e9diate aux r\u00e9sidents comme aux touristes disposant d&rsquo;assurances internationales. Nos centres m\u00e9dicaux combinent technologie, exp\u00e9rience m\u00e9dicale et prise&#8230;<\/p>\n","protected":false},"author":2,"featured_media":0,"parent":0,"menu_order":0,"comment_status":"closed","ping_status":"closed","template":"","meta":{"_monsterinsights_skip_tracking":false,"_monsterinsights_sitenote_active":false,"_monsterinsights_sitenote_note":"","_monsterinsights_sitenote_category":0,"_tbt_post_transparent":"","_tbt_post_title":"","_tbt_post_layout":"","_tbt_post_sidebar_id":"","_tbt_post_content_style":"","_tbt_post_vertical_padding":"","_tbt_post_feature":"","_tbt_post_feature_position":"","_tbt_post_header":false,"_tbt_post_footer":false},"class_list":["post-14379","page","type-page","status-publish","hentry"],"aioseo_notices":[],"_links":{"self":[{"href":"https:\/\/servicios-sisma.com\/fr\/wp-json\/wp\/v2\/pages\/14379","targetHints":{"allow":["GET"]}}],"collection":[{"href":"https:\/\/servicios-sisma.com\/fr\/wp-json\/wp\/v2\/pages"}],"about":[{"href":"https:\/\/servicios-sisma.com\/fr\/wp-json\/wp\/v2\/types\/page"}],"author":[{"embeddable":true,"href":"https:\/\/servicios-sisma.com\/fr\/wp-json\/wp\/v2\/users\/2"}],"replies":[{"embeddable":true,"href":"https:\/\/servicios-sisma.com\/fr\/wp-json\/wp\/v2\/comments?post=14379"}],"version-history":[{"count":2,"href":"https:\/\/servicios-sisma.com\/fr\/wp-json\/wp\/v2\/pages\/14379\/revisions"}],"predecessor-version":[{"id":14907,"href":"https:\/\/servicios-sisma.com\/fr\/wp-json\/wp\/v2\/pages\/14379\/revisions\/14907"}],"wp:attachment":[{"href":"https:\/\/servicios-sisma.com\/fr\/wp-json\/wp\/v2\/media?parent=14379"}],"curies":[{"name":"wp","href":"https:\/\/api.w.org\/{rel}","templated":true}]}}