{"id":14433,"date":"2025-07-31T10:21:42","date_gmt":"2025-07-31T08:21:42","guid":{"rendered":"https:\/\/servicios-sisma.com\/services-dambulance\/transferts-en-ambulance\/"},"modified":"2025-08-01T20:28:00","modified_gmt":"2025-08-01T18:28:00","slug":"transferts-en-ambulance","status":"publish","type":"page","link":"https:\/\/servicios-sisma.com\/fr\/services-dambulance\/transferts-en-ambulance\/","title":{"rendered":"Transferts en ambulance"},"content":{"rendered":"\t\t<div data-elementor-type=\"wp-page\" data-elementor-id=\"14433\" class=\"elementor elementor-14433 elementor-13026\">\n\t\t\t\t<div class=\"elementor-element elementor-element-4f883f76 e-flex e-con-boxed e-con e-parent\" data-id=\"4f883f76\" data-element_type=\"container\" data-e-type=\"container\" data-settings=\"{&quot;background_background&quot;:&quot;classic&quot;}\">\n\t\t\t\t\t<div class=\"e-con-inner\">\n\t\t\t\t<div class=\"elementor-element elementor-element-56d07d81 elementor-widget elementor-widget-heading\" data-id=\"56d07d81\" data-element_type=\"widget\" data-e-type=\"widget\" data-widget_type=\"heading.default\">\n\t\t\t\t<div class=\"elementor-widget-container\">\n\t\t\t\t\t<h1 class=\"elementor-heading-title elementor-size-default\">Transferts en ambulance sur la Costa del Sol et \u00e0 Benidorm.<\/h1>\t\t\t\t<\/div>\n\t\t\t\t<\/div>\n\t\t\t\t<div class=\"elementor-element elementor-element-60b0a395 elementor-align-center elementor-widget elementor-widget-button\" data-id=\"60b0a395\" data-element_type=\"widget\" data-e-type=\"widget\" data-widget_type=\"button.default\">\n\t\t\t\t<div class=\"elementor-widget-container\">\n\t\t\t\t\t\t\t\t\t<div class=\"elementor-button-wrapper\">\n\t\t\t\t\t<a class=\"elementor-button elementor-button-link elementor-size-sm\" href=\"#\">\n\t\t\t\t\t\t<span class=\"elementor-button-content-wrapper\">\n\t\t\t\t\t\t\t\t\t<span class=\"elementor-button-text\">DEMANDER UNE AMBULANCE<\/span>\n\t\t\t\t\t<\/span>\n\t\t\t\t\t<\/a>\n\t\t\t\t<\/div>\n\t\t\t\t\t\t\t\t<\/div>\n\t\t\t\t<\/div>\n\t\t\t\t\t<\/div>\n\t\t\t\t<\/div>\n\t\t<div class=\"elementor-element elementor-element-55fbd88c e-flex e-con-boxed e-con e-parent\" data-id=\"55fbd88c\" data-element_type=\"container\" data-e-type=\"container\">\n\t\t\t\t\t<div class=\"e-con-inner\">\n\t\t\t\t<div class=\"elementor-element elementor-element-23a6466d elementor-widget elementor-widget-heading\" data-id=\"23a6466d\" data-element_type=\"widget\" data-e-type=\"widget\" data-widget_type=\"heading.default\">\n\t\t\t\t<div class=\"elementor-widget-container\">\n\t\t\t\t\t<h2 class=\"elementor-heading-title elementor-size-default\">Nous assurons les transferts en ambulance programm\u00e9s pour tous types de patients<\/h2>\t\t\t\t<\/div>\n\t\t\t\t<\/div>\n\t\t\t\t<div class=\"elementor-element elementor-element-54b83138 elementor-widget elementor-widget-text-editor\" data-id=\"54b83138\" data-element_type=\"widget\" data-e-type=\"widget\" data-widget_type=\"text-editor.default\">\n\t\t\t\t<div class=\"elementor-widget-container\">\n\t\t\t\t\t\t\t\t\t<p data-pm-slice=\"1 1 []\">Chez <a href=\"https:\/\/servicios-sisma.com\/fr\/\"><strong>SISMA<\/strong><\/a>, nous offrons un service professionnel de <strong>transferts<\/strong> <strong>en ambulance<\/strong> pour les situations non urgentes, les <strong>hospitalisations<\/strong> programm\u00e9es, les <strong>sorties d&rsquo;h\u00f4pital ou les consultations<\/strong> m\u00e9dicales sp\u00e9ciales.<\/p><h4><strong>Confort et s\u00e9curit\u00e9<\/strong><\/h4><ul><li>Nos ambulances sont enti\u00e8rement \u00e9quip\u00e9es pour offrir un <strong>transfert confortable, s\u00fbr et supervis\u00e9<\/strong> par du personnel de sant\u00e9.<\/li><\/ul><h4><strong>Patients alit\u00e9s ou \u00e0 mobilit\u00e9 r\u00e9duite<\/strong><\/h4><ul><li>Nous disposons de ressources pour le <strong>transfert de personnes n\u00e9cessitant une attention particuli\u00e8re<\/strong> ou un soutien m\u00e9dical pendant le trajet.<\/li><\/ul>\t\t\t\t\t\t\t\t<\/div>\n\t\t\t\t<\/div>\n\t\t\t\t<div class=\"elementor-element elementor-element-7e3f215 elementor-align-center elementor-widget elementor-widget-button\" data-id=\"7e3f215\" data-element_type=\"widget\" data-e-type=\"widget\" data-widget_type=\"button.default\">\n\t\t\t\t<div class=\"elementor-widget-container\">\n\t\t\t\t\t\t\t\t\t<div class=\"elementor-button-wrapper\">\n\t\t\t\t\t<a class=\"elementor-button elementor-button-link elementor-size-sm\" href=\"#\">\n\t\t\t\t\t\t<span class=\"elementor-button-content-wrapper\">\n\t\t\t\t\t\t\t\t\t<span class=\"elementor-button-text\">DEMANDER UNE AMBULANCE<\/span>\n\t\t\t\t\t<\/span>\n\t\t\t\t\t<\/a>\n\t\t\t\t<\/div>\n\t\t\t\t\t\t\t\t<\/div>\n\t\t\t\t<\/div>\n\t\t\t\t<div class=\"elementor-element elementor-element-37910d63 elementor-widget elementor-widget-heading\" data-id=\"37910d63\" data-element_type=\"widget\" data-e-type=\"widget\" data-widget_type=\"heading.default\">\n\t\t\t\t<div class=\"elementor-widget-container\">\n\t\t\t\t\t<h2 class=\"elementor-heading-title elementor-size-default\">Transferts urgents vers les h\u00f4pitaux, les cliniques ou les domiciles<\/h2>\t\t\t\t<\/div>\n\t\t\t\t<\/div>\n\t\t\t\t<div class=\"elementor-element elementor-element-5e81e0d2 elementor-widget elementor-widget-text-editor\" data-id=\"5e81e0d2\" data-element_type=\"widget\" data-e-type=\"widget\" data-widget_type=\"text-editor.default\">\n\t\t\t\t<div class=\"elementor-widget-container\">\n\t\t\t\t\t\t\t\t\t<p data-pm-slice=\"1 1 []\">Quand le temps est compt\u00e9, notre <strong>r\u00e9ponse<\/strong> est <strong>imm\u00e9diate<\/strong>. Nous effectuons des <strong>transferts d&rsquo;urgence m\u00e9dicale<\/strong> vers les centres <strong>hospitaliers<\/strong>, les <strong>cliniques priv\u00e9es<\/strong> et les unit\u00e9s de diagnostic.<\/p><h4><strong>Ambulances m\u00e9dicalis\u00e9es<\/strong><\/h4><ul><li>Disponibles <strong>24 heures sur 24<\/strong> avec assistance vitale avanc\u00e9e.<\/li><\/ul><h4><strong>\u00c9quipe professionnelle<\/strong><\/h4><ul><li><strong>Techniciens sanitaires<\/strong> et personnel qualifi\u00e9 pour stabiliser le patient en cours de route.<\/li><\/ul><h4><strong>Coordination directe avec les centres hospitaliers<\/strong><\/h4><ul><li>Nous r\u00e9duisons les temps d&rsquo;attente et am\u00e9liorons la prise en charge \u00e0 l&rsquo;arriv\u00e9e.<\/li><\/ul>\t\t\t\t\t\t\t\t<\/div>\n\t\t\t\t<\/div>\n\t\t\t\t<div class=\"elementor-element elementor-element-31d122a8 elementor-widget elementor-widget-heading\" data-id=\"31d122a8\" data-element_type=\"widget\" data-e-type=\"widget\" data-widget_type=\"heading.default\">\n\t\t\t\t<div class=\"elementor-widget-container\">\n\t\t\t\t\t<h2 class=\"elementor-heading-title elementor-size-default\">Couverture sur toute la Costa del Sol et Benidorm<\/h2>\t\t\t\t<\/div>\n\t\t\t\t<\/div>\n\t\t\t\t<div class=\"elementor-element elementor-element-5ce790ad elementor-widget elementor-widget-text-editor\" data-id=\"5ce790ad\" data-element_type=\"widget\" data-e-type=\"widget\" data-widget_type=\"text-editor.default\">\n\t\t\t\t<div class=\"elementor-widget-container\">\n\t\t\t\t\t\t\t\t\t<p data-start=\"84\" data-end=\"339\">Nous offrons des transferts sanitaires en ambulance \u00e0 <strong data-start=\"194\" data-end=\"284\">Fuengirola, Torremolinos, Benalm\u00e1dena, Mijas, Marbella, Estepona, Torrox et les environs<\/strong>, ainsi que dans la zone de <strong data-start=\"309\" data-end=\"336\">Benidorm et la Costa Blanca<\/strong>.<\/p><p data-start=\"341\" data-end=\"494\">Nous r\u00e9alisons \u00e9galement des <strong data-start=\"360\" data-end=\"423\">transferts interprovinciaux et vers d&rsquo;autres communaut\u00e9s autonomes<\/strong>, en nous adaptant aux besoins m\u00e9dicaux et logistiques de chaque patient.<\/p>\t\t\t\t\t\t\t\t<\/div>\n\t\t\t\t<\/div>\n\t\t\t\t<div class=\"elementor-element elementor-element-78dec3f7 elementor-widget elementor-widget-heading\" data-id=\"78dec3f7\" data-element_type=\"widget\" data-e-type=\"widget\" data-widget_type=\"heading.default\">\n\t\t\t\t<div class=\"elementor-widget-container\">\n\t\t\t\t\t<h2 class=\"elementor-heading-title elementor-size-default\">Transferts pour les touristes ayant une assurance m\u00e9dicale internationale<\/h2>\t\t\t\t<\/div>\n\t\t\t\t<\/div>\n\t\t\t\t<div class=\"elementor-element elementor-element-65a8b11f elementor-widget elementor-widget-text-editor\" data-id=\"65a8b11f\" data-element_type=\"widget\" data-e-type=\"widget\" data-widget_type=\"text-editor.default\">\n\t\t\t\t<div class=\"elementor-widget-container\">\n\t\t\t\t\t\t\t\t\t<p>Si vous visitez <strong>l&rsquo;Espagne<\/strong> et que vous avez besoin d&rsquo;un transfert en ambulance, nous travaillons avec des <strong>assurances internationales<\/strong> pour faciliter la couverture.<\/p><ul><li><strong>Personnel multilingue<\/strong> pour une communication fluide avec les patients \u00e9trangers.<\/li><li>Nous v\u00e9rifions votre police au moment m\u00eame et <strong>g\u00e9rons toute la documentation n\u00e9cessaire<\/strong>.<\/li><li>Nous garantissons un <strong>transfert professionnel<\/strong> sans frais suppl\u00e9mentaires pour les assur\u00e9s.<\/li><\/ul>\t\t\t\t\t\t\t\t<\/div>\n\t\t\t\t<\/div>\n\t\t\t\t\t<\/div>\n\t\t\t\t<\/div>\n\t\t<div class=\"elementor-element elementor-element-56a1a370 e-flex e-con-boxed e-con e-parent\" data-id=\"56a1a370\" data-element_type=\"container\" data-e-type=\"container\">\n\t\t\t\t\t<div class=\"e-con-inner\">\n\t\t\t\t<div class=\"elementor-element elementor-element-4d9dcacb elementor-widget elementor-widget-heading\" data-id=\"4d9dcacb\" data-element_type=\"widget\" data-e-type=\"widget\" data-widget_type=\"heading.default\">\n\t\t\t\t<div class=\"elementor-widget-container\">\n\t\t\t\t\t<h2 class=\"elementor-heading-title elementor-size-default\">Pourquoi nous choisir pour les transferts en ambulance&nbsp;?<\/h2>\t\t\t\t<\/div>\n\t\t\t\t<\/div>\n\t\t\t\t<div class=\"elementor-element elementor-element-bd3ba1e elementor-widget elementor-widget-text-editor\" data-id=\"bd3ba1e\" data-element_type=\"widget\" data-e-type=\"widget\" data-widget_type=\"text-editor.default\">\n\t\t\t\t<div class=\"elementor-widget-container\">\n\t\t\t\t\t\t\t\t\t<h4><strong>Disponibilit\u00e9 24h\/24 et 7j\/7<\/strong><\/h4><ul><li>R\u00e9ponse imm\u00e9diate tous les jours de l&rsquo;ann\u00e9e.<\/li><\/ul><h4><strong>V\u00e9hicules modernes et \u00e9quip\u00e9s<\/strong><\/h4><ul><li>Confort, hygi\u00e8ne et technologie m\u00e9dicale \u00e0 bord.<\/li><\/ul><h4><strong>Exp\u00e9rience et contact humain<\/strong><\/h4><ul><li>Nous nous adaptons \u00e0 chaque situation avec empathie et professionnalisme.<\/li><\/ul>\t\t\t\t\t\t\t\t<\/div>\n\t\t\t\t<\/div>\n\t\t\t\t<div class=\"elementor-element elementor-element-530942d elementor-widget elementor-widget-heading\" data-id=\"530942d\" data-element_type=\"widget\" data-e-type=\"widget\" data-widget_type=\"heading.default\">\n\t\t\t\t<div class=\"elementor-widget-container\">\n\t\t\t\t\t<h2 class=\"elementor-heading-title elementor-size-default\">Prenez contact avec nous<\/h2>\t\t\t\t<\/div>\n\t\t\t\t<\/div>\n\t\t\t\t<div class=\"elementor-element elementor-element-d2bfe42 elementor-widget elementor-widget-shortcode\" data-id=\"d2bfe42\" data-element_type=\"widget\" data-e-type=\"widget\" data-widget_type=\"shortcode.default\">\n\t\t\t\t<div class=\"elementor-widget-container\">\n\t\t\t\t\t\t\t<div class=\"elementor-shortcode\"><style id=\"wpforms-css-vars-12900\">\n\t\t\t\t#wpforms-12900 {\n\t\t\t\t--wpforms-container-padding: 0px;\n--wpforms-container-border-width: 1px;\n--wpforms-container-border-radius: 3px;\n--wpforms-background-color: rgba(0, 0, 0, 0);\n--wpforms-field-size-input-height: 43px;\n--wpforms-field-size-input-spacing: 15px;\n--wpforms-field-size-font-size: 16px;\n--wpforms-field-size-line-height: 19px;\n--wpforms-field-size-padding-h: 14px;\n--wpforms-field-size-checkbox-size: 16px;\n--wpforms-field-size-sublabel-spacing: 5px;\n--wpforms-field-size-icon-size: 1;\n--wpforms-label-size-font-size: 16px;\n--wpforms-label-size-line-height: 19px;\n--wpforms-label-size-sublabel-font-size: 14px;\n--wpforms-label-size-sublabel-line-height: 17px;\n--wpforms-button-size-font-size: 17px;\n--wpforms-button-size-height: 41px;\n--wpforms-button-size-padding-h: 15px;\n--wpforms-button-size-margin-top: 10px;\n--wpforms-container-shadow-size-box-shadow: none;\n\t\t\t}\n\t\t\t<\/style>\r\n<style type=\"text\/css\">\r\n\r\n\r\n\r\nbody #wpforms-12900 {\r\n\t\t\r\n\t\t\tfont-family:inherit;}\r\n\r\n\t\r\n\r\n\tbody #wpforms-12900 .wpforms-head-container {\r\n\tborder-width:0px ;border-style:solid ;\t}\r\n\r\n\tbody #wpforms-12900 .wpforms-head-container .wpforms-title {\r\n\ttext-align:center ;\t}\r\n\r\n\tbody #wpforms-12900 .wpforms-head-container .wpforms-description {\r\n\t\t\t\tdisplay:block;\r\n\t}\r\n\r\n\r\n\tbody #wpforms-12900 .wpforms-submit-container .wpforms-submit, body #wpforms-12900 .wpforms-field-pagebreak button.wpforms-page-button {\r\n\t\ttext-align:left ;background-color:#bf4f51 ;border-width:0px ;border-style:solid ;\t\t\t}\r\n\r\n\tbody #wpforms-12900 .wpforms-submit-container .wpforms-submit:hover, body #wpforms-12900 .wpforms-field-pagebreak button.wpforms-page-button:hover {\r\n\tbackground-color:;\tcolor:;\t}\r\n\r\n\tbody #wpforms-12900 .wpforms-submit-container,\r\n\tbody #wpforms-12900 .wpforms-field-pagebreak .wpforms-pagebreak-left{\r\n\ttext-align:left;\t}\r\n\r\n\r\n\tbody #wpforms-12900 .wpforms-form .wpforms-field input[type=text],\r\n\tbody #wpforms-12900 .wpforms-form .wpforms-field input[type=email],\r\n\tbody #wpforms-12900 .wpforms-form .wpforms-field input[type=tel],\r\n\tbody #wpforms-12900 .wpforms-form .wpforms-field input[type=url],\r\n\tbody #wpforms-12900 .wpforms-form .wpforms-field input[type=password],\r\n\tbody #wpforms-12900 .wpforms-form .wpforms-field input[type=number]\r\n\t{\r\n\t\tborder-width:1px ;border-style:solid ;\t\t\t}\r\n\r\n\tbody #wpforms-12900 .wpforms-form .wpforms-field .wpforms-field-row\r\n\t{\r\n\t\t\t}\r\n\r\n\tbody #wpforms-12900 .wpforms-form .wpforms-field-layout.wpforms-field input[type=text],\r\n\tbody #wpforms-12900 .wpforms-form .wpforms-field-layout.wpforms-field input[type=email],\r\n\tbody #wpforms-12900 .wpforms-form .wpforms-field-layout.wpforms-field input[type=tel],\r\n\tbody #wpforms-12900 .wpforms-form .wpforms-field-layout.wpforms-field input[type=url],\r\n\tbody #wpforms-12900 .wpforms-form .wpforms-field-layout.wpforms-field input[type=password],\r\n\tbody #wpforms-12900 .wpforms-form .wpforms-field-layout.wpforms-field input[type=number]{\r\n\t\twidth: 100%;\r\n\t}\r\n\r\n\tbody #wpforms-12900 .wpforms-form .wpforms-field .wpforms-field-row input[type=text]{\r\n\t\twidth: 100%;\r\n\t}\r\n\r\n\r\n\r\n\t#wpforms-12900 .wpforms-form .wpforms-field-layout-rows,\r\n\t#wpforms-12900 .wpforms-form .wpforms-field-layout-columns{\r\n\t\t\t}\r\n\r\n\r\n\r\n\tbody #wpforms-12900 .wpforms-form .wpforms-field textarea {\r\n\t\t\t\t\tborder-width: 1px;\t}\r\n\r\n \r\n\r\n\tbody #wpforms-12900 .wpforms-form .wpforms-field select {\r\n\r\n\t\t\r\n\t\tborder-width: 1px;\t}\r\n\r\n\t\/* dropdown styles on modern background *\/\r\n\tbody #wpforms-12900 .wpforms-form .wpforms-field-select-style-modern .choices__inner{\r\n\t\t\t\t\r\n\t}\r\n\r\n\t\/* background color on modern dropdown *\/\r\n\t\r\n \r\n\tbody #wpforms-12900 .wpforms-form .wpforms-field-radio li label,\r\n\tbody #wpforms-12900 .wpforms-form .wpforms-field-payment-multiple li label {\r\n\t\t\t}\r\n \r\n\tbody #wpforms-12900 .wpforms-form .wpforms-field-checkbox li label {\r\n\t\t\t}\r\n \r\n\tbody #wpforms-12900 .wpforms-form .wpforms-field .wpforms-field-description {\r\n\r\n\t\t\t}\r\n\r\n \r\n\tbody #wpforms-12900 .wpforms-form .wpforms-field label.wpforms-field-label,\r\n\tbody #wpforms-12900 .wpforms-form .wpforms-field .wpforms-field-label {\r\n\t\tfont-weight: bold;\t}\r\n\r\n\r\n \r\n\tbody #wpforms-confirmation-12900  {\r\n\r\n\t\t\t\tborder-width: 1px;\t}\r\n\r\n\tbody #wpforms-confirmation-12900 p{\r\n\t\ttext-transform: uppercase;\r\n\t\ttext-decoration: underline;\r\n\t\tcolor: inherit;\r\n\t}\r\n\r\n \r\n\tbody #wpforms-12900 label.wpforms-error,\r\n\tbody #wpforms-12900 .wpforms-error[role=\"alert\"] {\r\n\t\t\r\n\t\t\t\tborder-width: 1px;\t}\r\n\/* Styling for Tablets *\/\r\n@media only screen and (max-width: 800px) and (min-width:481px) {\r\n\t\r\n\r\n\r\n\r\n}\r\n\r\n@media only screen and (max-width: 480px){\r\n\t\r\n\r\n\r\n\r\n}\r\n\/*Option to add custom CSS *\/\r\n\r\n\r\n\r\n\t\t<\/style>\r\n\t\t<div class=\"wpforms-container wpforms-container-full wpforms-render-modern\" id=\"wpforms-12900\"><form id=\"wpforms-form-12900\" class=\"wpforms-validate wpforms-form wpforms-ajax-form\" data-formid=\"12900\" method=\"post\" enctype=\"multipart\/form-data\" action=\"\/fr\/wp-json\/wp\/v2\/pages\/14433\" data-token=\"6d2fe59fced67789e4d306480ff9d28e\" data-token-time=\"1776316380\"><noscript class=\"wpforms-error-noscript\">Veuillez activer JavaScript dans votre navigateur pour remplir ce formulaire.<\/noscript><div id=\"wpforms-error-noscript\" style=\"display: none;\">Veuillez activer JavaScript dans votre navigateur pour remplir ce formulaire.<\/div><div class=\"wpforms-field-container\"><div id=\"wpforms-12900-field_1-container\" class=\"wpforms-field wpforms-field-name\" data-field-id=\"1\"><fieldset><legend class=\"wpforms-field-label\">Nom <span class=\"wpforms-required-label\" aria-hidden=\"true\">*<\/span><\/legend><div class=\"wpforms-field-row wpforms-field-medium\"><div class=\"wpforms-field-row-block wpforms-first wpforms-one-half\"><input type=\"text\" id=\"wpforms-12900-field_1\" class=\"wpforms-field-name-first wpforms-field-required\" name=\"wpforms[fields][1][first]\" aria-errormessage=\"wpforms-12900-field_1-error\" required><label for=\"wpforms-12900-field_1\" class=\"wpforms-field-sublabel after\">Nombre<\/label><\/div><div class=\"wpforms-field-row-block wpforms-one-half\"><input type=\"text\" id=\"wpforms-12900-field_1-last\" class=\"wpforms-field-name-last wpforms-field-required\" name=\"wpforms[fields][1][last]\" aria-errormessage=\"wpforms-12900-field_1-last-error\" required><label for=\"wpforms-12900-field_1-last\" class=\"wpforms-field-sublabel after\">Apellidos<\/label><\/div><\/div><\/fieldset><\/div><div id=\"wpforms-12900-field_2-container\" class=\"wpforms-field wpforms-field-email\" data-field-id=\"2\"><label class=\"wpforms-field-label\" for=\"wpforms-12900-field_2\">Adresse e-mail <span class=\"wpforms-required-label\" aria-hidden=\"true\">*<\/span><\/label><input type=\"email\" id=\"wpforms-12900-field_2\" class=\"wpforms-field-medium wpforms-field-required\" name=\"wpforms[fields][2]\" spellcheck=\"false\" aria-errormessage=\"wpforms-12900-field_2-error\" required><\/div><div id=\"wpforms-12900-field_4-container\" class=\"wpforms-field wpforms-field-text\" data-field-id=\"4\"><label class=\"wpforms-field-label\" for=\"wpforms-12900-field_4\">Num\u00e9ro de t\u00e9l\u00e9phone <span class=\"wpforms-required-label\" aria-hidden=\"true\">*<\/span><\/label><input type=\"text\" id=\"wpforms-12900-field_4\" class=\"wpforms-field-medium wpforms-field-required\" name=\"wpforms[fields][4]\" aria-errormessage=\"wpforms-12900-field_4-error\" required><\/div>\t\t<div id=\"wpforms-12900-field_5-container\"\n\t\t\tclass=\"wpforms-field wpforms-field-text\"\n\t\t\tdata-field-type=\"text\"\n\t\t\tdata-field-id=\"5\"\n\t\t\t>\n\t\t\t<label class=\"wpforms-field-label\" for=\"wpforms-12900-field_5\" >message ou Commentaire<\/label>\n\t\t\t<input type=\"text\" id=\"wpforms-12900-field_5\" class=\"wpforms-field-medium\" name=\"wpforms[fields][5]\" >\n\t\t<\/div>\n\t\t<div id=\"wpforms-12900-field_3-container\" class=\"wpforms-field wpforms-field-textarea\" data-field-id=\"3\"><label class=\"wpforms-field-label\" for=\"wpforms-12900-field_3\">Commentaire ou message<\/label><textarea id=\"wpforms-12900-field_3\" class=\"wpforms-field-medium\" name=\"wpforms[fields][3]\" aria-errormessage=\"wpforms-12900-field_3-error\" ><\/textarea><\/div><script>\n\t\t\t\t( function() {\n\t\t\t\t\tconst style = document.createElement( 'style' );\n\t\t\t\t\tstyle.appendChild( document.createTextNode( '#wpforms-12900-field_5-container { position: absolute !important; overflow: hidden !important; display: inline !important; height: 1px !important; width: 1px !important; z-index: -1000 !important; padding: 0 !important; } #wpforms-12900-field_5-container input { visibility: hidden; } #wpforms-conversational-form-page #wpforms-12900-field_5-container label { counter-increment: none; }' ) );\n\t\t\t\t\tdocument.head.appendChild( style );\n\t\t\t\t\tdocument.currentScript?.remove();\n\t\t\t\t} )();\n\t\t\t<\/script><\/div><!-- .wpforms-field-container --><div class=\"wpforms-recaptcha-container wpforms-is-recaptcha wpforms-is-recaptcha-type-v2\" ><div class=\"g-recaptcha\" data-sitekey=\"6LfQfZUrAAAAADfDcSPK-MVAkn734Dg0KCSHdTts\"><\/div><input type=\"text\" name=\"g-recaptcha-hidden\" class=\"wpforms-recaptcha-hidden\" style=\"position:absolute!important;clip:rect(0,0,0,0)!important;height:1px!important;width:1px!important;border:0!important;overflow:hidden!important;padding:0!important;margin:0!important;\" data-rule-recaptcha=\"1\"><\/div><div class=\"wpforms-submit-container\" ><input type=\"hidden\" name=\"wpforms[id]\" value=\"12900\"><input type=\"hidden\" name=\"page_title\" value=\"\"><input type=\"hidden\" name=\"page_url\" value=\"https:\/\/servicios-sisma.com\/fr\/wp-json\/wp\/v2\/pages\/14433\"><input type=\"hidden\" name=\"url_referer\" value=\"\"><button type=\"submit\" name=\"wpforms[submit]\" id=\"wpforms-submit-12900\" class=\"wpforms-submit\" data-alt-text=\"Envoi en cours...\" data-submit-text=\"Envoyer\" aria-live=\"assertive\" value=\"wpforms-submit\">Envoyer<\/button><img decoding=\"async\" src=\"https:\/\/servicios-sisma.com\/wp-content\/plugins\/wpforms-lite\/assets\/images\/submit-spin.svg\" class=\"wpforms-submit-spinner\" style=\"display: none;\" width=\"26\" height=\"26\" alt=\"Chargement en cours\"><\/div><\/form><\/div>  <!-- .wpforms-container --><\/div>\n\t\t\t\t\t\t<\/div>\n\t\t\t\t<\/div>\n\t\t\t\t\t<\/div>\n\t\t\t\t<\/div>\n\t\t<div class=\"elementor-element elementor-element-4e5d22f9 e-flex e-con-boxed e-con e-parent\" data-id=\"4e5d22f9\" data-element_type=\"container\" data-e-type=\"container\" data-settings=\"{&quot;background_background&quot;:&quot;classic&quot;}\">\n\t\t\t\t\t<div class=\"e-con-inner\">\n\t\t\t\t<div class=\"elementor-element elementor-element-bc2b520 elementor-widget elementor-widget-heading\" data-id=\"bc2b520\" data-element_type=\"widget\" data-e-type=\"widget\" data-widget_type=\"heading.default\">\n\t\t\t\t<div class=\"elementor-widget-container\">\n\t\t\t\t\t<h2 class=\"elementor-heading-title elementor-size-default\">Avez-vous besoin d'une ambulance&nbsp;?<\/h2>\t\t\t\t<\/div>\n\t\t\t\t<\/div>\n\t\t\t\t<div class=\"elementor-element elementor-element-89fb464 elementor-widget elementor-widget-heading\" data-id=\"89fb464\" data-element_type=\"widget\" data-e-type=\"widget\" data-widget_type=\"heading.default\">\n\t\t\t\t<div class=\"elementor-widget-container\">\n\t\t\t\t\t<h2 class=\"elementor-heading-title elementor-size-default\">Cliquez sur \u00ab Demander une ambulance \u00bb ou contactez-nous directement par WhatsApp pour une assistance imm\u00e9diate.<\/h2>\t\t\t\t<\/div>\n\t\t\t\t<\/div>\n\t\t\t\t\t<\/div>\n\t\t\t\t<\/div>\n\t\t\t\t<\/div>\n\t\t","protected":false},"excerpt":{"rendered":"<p>Transferts en ambulance sur la Costa del Sol et \u00e0 Benidorm. DEMANDER UNE AMBULANCE Nous assurons les transferts en ambulance programm\u00e9s pour tous types de patients Chez SISMA, nous offrons un service professionnel de transferts en ambulance pour les situations non urgentes, les hospitalisations programm\u00e9es, les sorties d&rsquo;h\u00f4pital ou les consultations m\u00e9dicales sp\u00e9ciales. Confort et&#8230;<\/p>\n","protected":false},"author":2,"featured_media":0,"parent":14367,"menu_order":0,"comment_status":"closed","ping_status":"closed","template":"","meta":{"_monsterinsights_skip_tracking":false,"_monsterinsights_sitenote_active":false,"_monsterinsights_sitenote_note":"","_monsterinsights_sitenote_category":0,"_tbt_post_transparent":"","_tbt_post_title":"","_tbt_post_layout":"","_tbt_post_sidebar_id":"","_tbt_post_content_style":"","_tbt_post_vertical_padding":"","_tbt_post_feature":"","_tbt_post_feature_position":"","_tbt_post_header":false,"_tbt_post_footer":false},"class_list":["post-14433","page","type-page","status-publish","hentry"],"aioseo_notices":[],"_links":{"self":[{"href":"https:\/\/servicios-sisma.com\/fr\/wp-json\/wp\/v2\/pages\/14433","targetHints":{"allow":["GET"]}}],"collection":[{"href":"https:\/\/servicios-sisma.com\/fr\/wp-json\/wp\/v2\/pages"}],"about":[{"href":"https:\/\/servicios-sisma.com\/fr\/wp-json\/wp\/v2\/types\/page"}],"author":[{"embeddable":true,"href":"https:\/\/servicios-sisma.com\/fr\/wp-json\/wp\/v2\/users\/2"}],"replies":[{"embeddable":true,"href":"https:\/\/servicios-sisma.com\/fr\/wp-json\/wp\/v2\/comments?post=14433"}],"version-history":[{"count":1,"href":"https:\/\/servicios-sisma.com\/fr\/wp-json\/wp\/v2\/pages\/14433\/revisions"}],"predecessor-version":[{"id":14434,"href":"https:\/\/servicios-sisma.com\/fr\/wp-json\/wp\/v2\/pages\/14433\/revisions\/14434"}],"up":[{"embeddable":true,"href":"https:\/\/servicios-sisma.com\/fr\/wp-json\/wp\/v2\/pages\/14367"}],"wp:attachment":[{"href":"https:\/\/servicios-sisma.com\/fr\/wp-json\/wp\/v2\/media?parent=14433"}],"curies":[{"name":"wp","href":"https:\/\/api.w.org\/{rel}","templated":true}]}}