{"id":14435,"date":"2025-07-31T10:22:59","date_gmt":"2025-07-31T08:22:59","guid":{"rendered":"https:\/\/servicios-sisma.com\/services-dambulance\/evenements\/"},"modified":"2025-08-01T20:28:00","modified_gmt":"2025-08-01T18:28:00","slug":"evenements","status":"publish","type":"page","link":"https:\/\/servicios-sisma.com\/fr\/services-dambulance\/evenements\/","title":{"rendered":"\u00e9v\u00e9nements"},"content":{"rendered":"\t\t<div data-elementor-type=\"wp-page\" data-elementor-id=\"14435\" class=\"elementor elementor-14435 elementor-13031\">\n\t\t\t\t<div class=\"elementor-element elementor-element-2c5a1372 e-flex e-con-boxed e-con e-parent\" data-id=\"2c5a1372\" data-element_type=\"container\" data-e-type=\"container\" data-settings=\"{&quot;background_background&quot;:&quot;classic&quot;}\">\n\t\t\t\t\t<div class=\"e-con-inner\">\n\t\t\t\t<div class=\"elementor-element elementor-element-3286456f elementor-widget elementor-widget-heading\" data-id=\"3286456f\" data-element_type=\"widget\" data-e-type=\"widget\" data-widget_type=\"heading.default\">\n\t\t\t\t<div class=\"elementor-widget-container\">\n\t\t\t\t\t<h1 class=\"elementor-heading-title elementor-size-default\">Ambulances pour \u00e9v\u00e9nements<br>Couverture Sanitaire Professionnelle<\/h1>\t\t\t\t<\/div>\n\t\t\t\t<\/div>\n\t\t\t\t<div class=\"elementor-element elementor-element-6fac0549 elementor-align-center elementor-widget elementor-widget-button\" data-id=\"6fac0549\" data-element_type=\"widget\" data-e-type=\"widget\" data-widget_type=\"button.default\">\n\t\t\t\t<div class=\"elementor-widget-container\">\n\t\t\t\t\t\t\t\t\t<div class=\"elementor-button-wrapper\">\n\t\t\t\t\t<a class=\"elementor-button elementor-button-link elementor-size-sm\" href=\"#\">\n\t\t\t\t\t\t<span class=\"elementor-button-content-wrapper\">\n\t\t\t\t\t\t\t\t\t<span class=\"elementor-button-text\">DEMANDER MAINTENANT<\/span>\n\t\t\t\t\t<\/span>\n\t\t\t\t\t<\/a>\n\t\t\t\t<\/div>\n\t\t\t\t\t\t\t\t<\/div>\n\t\t\t\t<\/div>\n\t\t\t\t\t<\/div>\n\t\t\t\t<\/div>\n\t\t<div class=\"elementor-element elementor-element-26014077 e-flex e-con-boxed e-con e-parent\" data-id=\"26014077\" data-element_type=\"container\" data-e-type=\"container\">\n\t\t\t\t\t<div class=\"e-con-inner\">\n\t\t\t\t<div class=\"elementor-element elementor-element-7367057f elementor-widget elementor-widget-heading\" data-id=\"7367057f\" data-element_type=\"widget\" data-e-type=\"widget\" data-widget_type=\"heading.default\">\n\t\t\t\t<div class=\"elementor-widget-container\">\n\t\t\t\t\t<h2 class=\"elementor-heading-title elementor-size-default\"><h2 data-pm-slice=\"1 1 []\"><span>S\u00e9curit\u00e9 sanitaire pour \u00e9v\u00e9nements publics et priv\u00e9s<\/span><\/h2><\/h2>\t\t\t\t<\/div>\n\t\t\t\t<\/div>\n\t\t\t\t<div class=\"elementor-element elementor-element-70ec87bc elementor-widget elementor-widget-text-editor\" data-id=\"70ec87bc\" data-element_type=\"widget\" data-e-type=\"widget\" data-widget_type=\"text-editor.default\">\n\t\t\t\t<div class=\"elementor-widget-container\">\n\t\t\t\t\t\t\t\t\t<p data-pm-slice=\"1 1 []\">Chez <a href=\"https:\/\/servicios-sisma.com\/fr\/\"><strong data-start=\"440\" data-end=\"459\">SISMA<\/strong><\/a>, nous offrons une <strong data-start=\"470\" data-end=\"501\">couverture m\u00e9dicale lors d&rsquo;\u00e9v\u00e9nements<\/strong> avec des ambulances enti\u00e8rement \u00e9quip\u00e9es et du personnel de sant\u00e9 qualifi\u00e9. Nous op\u00e9rons sur <strong data-start=\"585\" data-end=\"651\">toute la Costa del Sol, M\u00e1laga capitale, Benidorm et la Costa Blanca<\/strong>, en fournissant une assistance lors de concerts, de f\u00eates priv\u00e9es, d&rsquo;\u00e9preuves sportives, de festivals et d&rsquo;actes institutionnels. <\/p><ul><li>Nous disposons d&rsquo;ambulances enti\u00e8rement \u00e9quip\u00e9es et de personnel de sant\u00e9 sp\u00e9cialis\u00e9 dans la <strong>pr\u00e9vention et la prise en charge des urgences dans les environnements tr\u00e8s fr\u00e9quent\u00e9s<\/strong>.<\/li><li>Nous nous adaptons aux protocoles et r\u00e9glementations exig\u00e9s par les autorit\u00e9s sanitaires et municipales.<\/li><\/ul><p>Nous travaillons aussi bien avec des <strong data-start=\"1068\" data-end=\"1090\">entit\u00e9s publiques<\/strong> qu&rsquo;avec des <strong data-start=\"1100\" data-end=\"1148\">entreprises priv\u00e9es et des organisateurs d&rsquo;\u00e9v\u00e9nements<\/strong>. Nous garantissons une <strong data-start=\"1167\" data-end=\"1235\">r\u00e9ponse imm\u00e9diate, le respect des r\u00e9glementations et une couverture int\u00e9grale<\/strong>, du montage au d\u00e9montage de l&rsquo;\u00e9v\u00e9nement. <\/p>\t\t\t\t\t\t\t\t<\/div>\n\t\t\t\t<\/div>\n\t\t\t\t<div class=\"elementor-element elementor-element-3122cab elementor-align-center elementor-widget elementor-widget-button\" data-id=\"3122cab\" data-element_type=\"widget\" data-e-type=\"widget\" data-widget_type=\"button.default\">\n\t\t\t\t<div class=\"elementor-widget-container\">\n\t\t\t\t\t\t\t\t\t<div class=\"elementor-button-wrapper\">\n\t\t\t\t\t<a class=\"elementor-button elementor-button-link elementor-size-sm\" href=\"#\">\n\t\t\t\t\t\t<span class=\"elementor-button-content-wrapper\">\n\t\t\t\t\t\t\t\t\t<span class=\"elementor-button-text\">DEMANDER MAINTENANT<\/span>\n\t\t\t\t\t<\/span>\n\t\t\t\t\t<\/a>\n\t\t\t\t<\/div>\n\t\t\t\t\t\t\t\t<\/div>\n\t\t\t\t<\/div>\n\t\t\t\t<div class=\"elementor-element elementor-element-598a06f elementor-widget elementor-widget-heading\" data-id=\"598a06f\" data-element_type=\"widget\" data-e-type=\"widget\" data-widget_type=\"heading.default\">\n\t\t\t\t<div class=\"elementor-widget-container\">\n\t\t\t\t\t<h2 class=\"elementor-heading-title elementor-size-default\">\u00c9v\u00e9nements sportifs, culturels, d'entreprise ou sociaux<\/h2>\t\t\t\t<\/div>\n\t\t\t\t<\/div>\n\t\t\t\t<div class=\"elementor-element elementor-element-3489cb19 elementor-widget elementor-widget-text-editor\" data-id=\"3489cb19\" data-element_type=\"widget\" data-e-type=\"widget\" data-widget_type=\"text-editor.default\">\n\t\t\t\t<div class=\"elementor-widget-container\">\n\t\t\t\t\t\t\t\t\t<p data-pm-slice=\"1 3 []\">Nous offrons une couverture m\u00e9dicale pour :<\/p><ul data-spread=\"false\"><li><p>Courses populaires, triathlons, tournois et marathons.<\/p><\/li><li><p>Concerts, f\u00eates patronales, p\u00e8lerinages et spectacles publics.<\/p><\/li><li><p>Congr\u00e8s, foires et rencontres d&rsquo;entreprises.<\/p><\/li><li><p>Mariages, c\u00e9l\u00e9brations priv\u00e9es et actes religieux.<\/p><\/li><\/ul><p data-pm-slice=\"1 1 []\">Notre \u00e9quipe est compos\u00e9e de <strong>techniciens des urgences sanitaires, d&rsquo;infirmiers dipl\u00f4m\u00e9s d&rsquo;\u00c9tat et de m\u00e9decins<\/strong>, selon le niveau de risque de l&rsquo;\u00e9v\u00e9nement.<\/p>\t\t\t\t\t\t\t\t<\/div>\n\t\t\t\t<\/div>\n\t\t\t\t<div class=\"elementor-element elementor-element-195f86b9 elementor-widget elementor-widget-heading\" data-id=\"195f86b9\" data-element_type=\"widget\" data-e-type=\"widget\" data-widget_type=\"heading.default\">\n\t\t\t\t<div class=\"elementor-widget-container\">\n\t\t\t\t\t<h2 class=\"elementor-heading-title elementor-size-default\"><h2 data-pm-slice=\"1 1 []\"><span>Planification sanitaire personnalis\u00e9e pour chaque \u00e9v\u00e9nement<\/span><\/h2><\/h2>\t\t\t\t<\/div>\n\t\t\t\t<\/div>\n\t\t\t\t<div class=\"elementor-element elementor-element-38f26b8a elementor-widget elementor-widget-text-editor\" data-id=\"38f26b8a\" data-element_type=\"widget\" data-e-type=\"widget\" data-widget_type=\"text-editor.default\">\n\t\t\t\t<div class=\"elementor-widget-container\">\n\t\t\t\t\t\t\t\t\t<p data-pm-slice=\"1 1 []\">Nous offrons un service complet qui comprend :<\/p><ul><li><strong>\u00c9valuation<\/strong> pr\u00e9alable des <strong>risques<\/strong>.<\/li><li>\u00c9laboration du <strong>plan d&rsquo;urgence et de couverture sanitaire<\/strong>.<\/li><li><strong>Dotation en personnel et en ressources mat\u00e9rielles<\/strong> adapt\u00e9s au type d&rsquo;\u00e9v\u00e9nement.<\/li><li><strong>Coordination avec les organisateurs<\/strong> et les <strong>autorit\u00e9s<\/strong> locales.<\/li><\/ul>\t\t\t\t\t\t\t\t<\/div>\n\t\t\t\t<\/div>\n\t\t\t\t<div class=\"elementor-element elementor-element-6f3a9493 elementor-widget elementor-widget-heading\" data-id=\"6f3a9493\" data-element_type=\"widget\" data-e-type=\"widget\" data-widget_type=\"heading.default\">\n\t\t\t\t<div class=\"elementor-widget-container\">\n\t\t\t\t\t<h2 class=\"elementor-heading-title elementor-size-default\">Respect des r\u00e9glementations et professionnalisme garantis<\/h2>\t\t\t\t<\/div>\n\t\t\t\t<\/div>\n\t\t\t\t<div class=\"elementor-element elementor-element-778089e9 elementor-widget elementor-widget-text-editor\" data-id=\"778089e9\" data-element_type=\"widget\" data-e-type=\"widget\" data-widget_type=\"text-editor.default\">\n\t\t\t\t<div class=\"elementor-widget-container\">\n\t\t\t\t\t\t\t\t\t<p data-pm-slice=\"1 1 []\">Nous travaillons conform\u00e9ment \u00e0 la l\u00e9gislation sanitaire en vigueur et disposons de tous les permis n\u00e9cessaires.<\/p><ul><li>Notre personnel poss\u00e8de une formation sp\u00e9cifique aux \u00e9v\u00e9nements et au maintien des fonctions vitales.<\/li><li>Disponibilit\u00e9 sur toute la Costa del Sol : <strong>Fuengirola, Mijas, Torremolinos, Marbella, Estepona<\/strong> et plus encore.<\/li><\/ul>\t\t\t\t\t\t\t\t<\/div>\n\t\t\t\t<\/div>\n\t\t\t\t<div class=\"elementor-element elementor-element-4734e4b2 elementor-widget elementor-widget-heading\" data-id=\"4734e4b2\" data-element_type=\"widget\" data-e-type=\"widget\" data-widget_type=\"heading.default\">\n\t\t\t\t<div class=\"elementor-widget-container\">\n\t\t\t\t\t<h2 class=\"elementor-heading-title elementor-size-default\">Couverture territoriale<\/h2>\t\t\t\t<\/div>\n\t\t\t\t<\/div>\n\t\t\t\t<div class=\"elementor-element elementor-element-870d515 elementor-widget elementor-widget-text-editor\" data-id=\"870d515\" data-element_type=\"widget\" data-e-type=\"widget\" data-widget_type=\"text-editor.default\">\n\t\t\t\t<div class=\"elementor-widget-container\">\n\t\t\t\t\t\t\t\t\t<p data-start=\"1322\" data-end=\"1373\">Nous r\u00e9alisons des services d&rsquo;ambulance pour \u00e9v\u00e9nements \u00e0 :<\/p><ul data-start=\"1375\" data-end=\"1633\"><li data-start=\"1375\" data-end=\"1480\"><p data-start=\"1377\" data-end=\"1480\">Fuengirola, Marbella, Torremolinos, Estepona, Benalm\u00e1dena, Mijas&#8230;<\/p><\/li><li data-start=\"1481\" data-end=\"1552\"><p data-start=\"1483\" data-end=\"1552\">Nerja, Torrox, V\u00e9lez-M\u00e1laga, Motril&#8230;<\/p><\/li><li data-start=\"1553\" data-end=\"1633\"><p data-start=\"1555\" data-end=\"1633\">Benidorm, Altea, Calpe, La Nucia, Villajoyosa, Alfaz del Pi\u2026<\/p><\/li><\/ul>\t\t\t\t\t\t\t\t<\/div>\n\t\t\t\t<\/div>\n\t\t\t\t<div class=\"elementor-element elementor-element-06b9d62 elementor-widget elementor-widget-heading\" data-id=\"06b9d62\" data-element_type=\"widget\" data-e-type=\"widget\" data-widget_type=\"heading.default\">\n\t\t\t\t<div class=\"elementor-widget-container\">\n\t\t\t\t\t<h2 class=\"elementor-heading-title elementor-size-default\">Pourquoi faire confiance \u00e0 SISMA pour votre \u00e9v\u00e9nement ?<\/h2>\t\t\t\t<\/div>\n\t\t\t\t<\/div>\n\t\t\t\t<div class=\"elementor-element elementor-element-536d2164 elementor-widget elementor-widget-text-editor\" data-id=\"536d2164\" data-element_type=\"widget\" data-e-type=\"widget\" data-widget_type=\"text-editor.default\">\n\t\t\t\t<div class=\"elementor-widget-container\">\n\t\t\t\t\t\t\t\t\t<ul><li data-pm-slice=\"1 1 []\">Plus de 10 ans d&rsquo;exp\u00e9rience dans des \u00e9v\u00e9nements de diverses ampleurs.<\/li><li>Attention personnalis\u00e9e de la planification \u00e0 la finalisation du service.<\/li><li>Ponctualit\u00e9, discr\u00e9tion et pr\u00e9paration maximale \u00e0 tout moment.<\/li><\/ul>\t\t\t\t\t\t\t\t<\/div>\n\t\t\t\t<\/div>\n\t\t\t\t\t<\/div>\n\t\t\t\t<\/div>\n\t\t<div class=\"elementor-element elementor-element-33780bd e-flex e-con-boxed e-con e-parent\" data-id=\"33780bd\" data-element_type=\"container\" data-e-type=\"container\">\n\t\t\t\t\t<div class=\"e-con-inner\">\n\t\t\t\t<div class=\"elementor-element elementor-element-3842ea2 elementor-widget elementor-widget-heading\" data-id=\"3842ea2\" data-element_type=\"widget\" data-e-type=\"widget\" data-widget_type=\"heading.default\">\n\t\t\t\t<div class=\"elementor-widget-container\">\n\t\t\t\t\t<h2 class=\"elementor-heading-title elementor-size-default\">Vous organisez un \u00e9v\u00e9nement ? Contactez-nous : <\/h2>\t\t\t\t<\/div>\n\t\t\t\t<\/div>\n\t\t\t\t<div class=\"elementor-element elementor-element-f038a5f elementor-widget elementor-widget-shortcode\" data-id=\"f038a5f\" data-element_type=\"widget\" data-e-type=\"widget\" data-widget_type=\"shortcode.default\">\n\t\t\t\t<div class=\"elementor-widget-container\">\n\t\t\t\t\t\t\t<div class=\"elementor-shortcode\"><style id=\"wpforms-css-vars-12900\">\n\t\t\t\t#wpforms-12900 {\n\t\t\t\t--wpforms-container-padding: 0px;\n--wpforms-container-border-width: 1px;\n--wpforms-container-border-radius: 3px;\n--wpforms-background-color: rgba(0, 0, 0, 0);\n--wpforms-field-size-input-height: 43px;\n--wpforms-field-size-input-spacing: 15px;\n--wpforms-field-size-font-size: 16px;\n--wpforms-field-size-line-height: 19px;\n--wpforms-field-size-padding-h: 14px;\n--wpforms-field-size-checkbox-size: 16px;\n--wpforms-field-size-sublabel-spacing: 5px;\n--wpforms-field-size-icon-size: 1;\n--wpforms-label-size-font-size: 16px;\n--wpforms-label-size-line-height: 19px;\n--wpforms-label-size-sublabel-font-size: 14px;\n--wpforms-label-size-sublabel-line-height: 17px;\n--wpforms-button-size-font-size: 17px;\n--wpforms-button-size-height: 41px;\n--wpforms-button-size-padding-h: 15px;\n--wpforms-button-size-margin-top: 10px;\n--wpforms-container-shadow-size-box-shadow: none;\n\t\t\t}\n\t\t\t<\/style>\r\n<style type=\"text\/css\">\r\n\r\n\r\n\r\nbody #wpforms-12900 {\r\n\t\t\r\n\t\t\tfont-family:inherit;}\r\n\r\n\t\r\n\r\n\tbody #wpforms-12900 .wpforms-head-container {\r\n\tborder-width:0px ;border-style:solid ;\t}\r\n\r\n\tbody #wpforms-12900 .wpforms-head-container .wpforms-title {\r\n\ttext-align:center ;\t}\r\n\r\n\tbody #wpforms-12900 .wpforms-head-container .wpforms-description {\r\n\t\t\t\tdisplay:block;\r\n\t}\r\n\r\n\r\n\tbody #wpforms-12900 .wpforms-submit-container .wpforms-submit, body #wpforms-12900 .wpforms-field-pagebreak button.wpforms-page-button {\r\n\t\ttext-align:left ;background-color:#bf4f51 ;border-width:0px ;border-style:solid ;\t\t\t}\r\n\r\n\tbody #wpforms-12900 .wpforms-submit-container .wpforms-submit:hover, body #wpforms-12900 .wpforms-field-pagebreak button.wpforms-page-button:hover {\r\n\tbackground-color:;\tcolor:;\t}\r\n\r\n\tbody #wpforms-12900 .wpforms-submit-container,\r\n\tbody #wpforms-12900 .wpforms-field-pagebreak .wpforms-pagebreak-left{\r\n\ttext-align:left;\t}\r\n\r\n\r\n\tbody #wpforms-12900 .wpforms-form .wpforms-field input[type=text],\r\n\tbody #wpforms-12900 .wpforms-form .wpforms-field input[type=email],\r\n\tbody #wpforms-12900 .wpforms-form .wpforms-field input[type=tel],\r\n\tbody #wpforms-12900 .wpforms-form .wpforms-field input[type=url],\r\n\tbody #wpforms-12900 .wpforms-form .wpforms-field input[type=password],\r\n\tbody #wpforms-12900 .wpforms-form .wpforms-field input[type=number]\r\n\t{\r\n\t\tborder-width:1px ;border-style:solid ;\t\t\t}\r\n\r\n\tbody #wpforms-12900 .wpforms-form .wpforms-field .wpforms-field-row\r\n\t{\r\n\t\t\t}\r\n\r\n\tbody #wpforms-12900 .wpforms-form .wpforms-field-layout.wpforms-field input[type=text],\r\n\tbody #wpforms-12900 .wpforms-form .wpforms-field-layout.wpforms-field input[type=email],\r\n\tbody #wpforms-12900 .wpforms-form .wpforms-field-layout.wpforms-field input[type=tel],\r\n\tbody #wpforms-12900 .wpforms-form .wpforms-field-layout.wpforms-field input[type=url],\r\n\tbody #wpforms-12900 .wpforms-form .wpforms-field-layout.wpforms-field input[type=password],\r\n\tbody #wpforms-12900 .wpforms-form .wpforms-field-layout.wpforms-field input[type=number]{\r\n\t\twidth: 100%;\r\n\t}\r\n\r\n\tbody #wpforms-12900 .wpforms-form .wpforms-field .wpforms-field-row input[type=text]{\r\n\t\twidth: 100%;\r\n\t}\r\n\r\n\r\n\r\n\t#wpforms-12900 .wpforms-form .wpforms-field-layout-rows,\r\n\t#wpforms-12900 .wpforms-form .wpforms-field-layout-columns{\r\n\t\t\t}\r\n\r\n\r\n\r\n\tbody #wpforms-12900 .wpforms-form .wpforms-field textarea {\r\n\t\t\t\t\tborder-width: 1px;\t}\r\n\r\n \r\n\r\n\tbody #wpforms-12900 .wpforms-form .wpforms-field select {\r\n\r\n\t\t\r\n\t\tborder-width: 1px;\t}\r\n\r\n\t\/* dropdown styles on modern background *\/\r\n\tbody #wpforms-12900 .wpforms-form .wpforms-field-select-style-modern .choices__inner{\r\n\t\t\t\t\r\n\t}\r\n\r\n\t\/* background color on modern dropdown *\/\r\n\t\r\n \r\n\tbody #wpforms-12900 .wpforms-form .wpforms-field-radio li label,\r\n\tbody #wpforms-12900 .wpforms-form .wpforms-field-payment-multiple li label {\r\n\t\t\t}\r\n \r\n\tbody #wpforms-12900 .wpforms-form .wpforms-field-checkbox li label {\r\n\t\t\t}\r\n \r\n\tbody #wpforms-12900 .wpforms-form .wpforms-field .wpforms-field-description {\r\n\r\n\t\t\t}\r\n\r\n \r\n\tbody #wpforms-12900 .wpforms-form .wpforms-field label.wpforms-field-label,\r\n\tbody #wpforms-12900 .wpforms-form .wpforms-field .wpforms-field-label {\r\n\t\tfont-weight: bold;\t}\r\n\r\n\r\n \r\n\tbody #wpforms-confirmation-12900  {\r\n\r\n\t\t\t\tborder-width: 1px;\t}\r\n\r\n\tbody #wpforms-confirmation-12900 p{\r\n\t\ttext-transform: uppercase;\r\n\t\ttext-decoration: underline;\r\n\t\tcolor: inherit;\r\n\t}\r\n\r\n \r\n\tbody #wpforms-12900 label.wpforms-error,\r\n\tbody #wpforms-12900 .wpforms-error[role=\"alert\"] {\r\n\t\t\r\n\t\t\t\tborder-width: 1px;\t}\r\n\/* Styling for Tablets *\/\r\n@media only screen and (max-width: 800px) and (min-width:481px) {\r\n\t\r\n\r\n\r\n\r\n}\r\n\r\n@media only screen and (max-width: 480px){\r\n\t\r\n\r\n\r\n\r\n}\r\n\/*Option to add custom CSS *\/\r\n\r\n\r\n\r\n\t\t<\/style>\r\n\t\t<div class=\"wpforms-container wpforms-container-full wpforms-render-modern\" id=\"wpforms-12900\"><form id=\"wpforms-form-12900\" class=\"wpforms-validate wpforms-form wpforms-ajax-form\" data-formid=\"12900\" method=\"post\" enctype=\"multipart\/form-data\" action=\"\/fr\/wp-json\/wp\/v2\/pages\/14435\" data-token=\"6d2fe59fced67789e4d306480ff9d28e\" data-token-time=\"1776315770\"><noscript class=\"wpforms-error-noscript\">Veuillez activer JavaScript dans votre navigateur pour remplir ce formulaire.<\/noscript><div id=\"wpforms-error-noscript\" style=\"display: none;\">Veuillez activer JavaScript dans votre navigateur pour remplir ce formulaire.<\/div><div class=\"wpforms-field-container\">\t\t<div id=\"wpforms-12900-field_5-container\"\n\t\t\tclass=\"wpforms-field wpforms-field-text\"\n\t\t\tdata-field-type=\"text\"\n\t\t\tdata-field-id=\"5\"\n\t\t\t>\n\t\t\t<label class=\"wpforms-field-label\" for=\"wpforms-12900-field_5\" >de Num\u00e9ro message<\/label>\n\t\t\t<input type=\"text\" id=\"wpforms-12900-field_5\" class=\"wpforms-field-medium\" name=\"wpforms[fields][5]\" >\n\t\t<\/div>\n\t\t<div id=\"wpforms-12900-field_1-container\" class=\"wpforms-field wpforms-field-name\" data-field-id=\"1\"><fieldset><legend class=\"wpforms-field-label\">Nom <span class=\"wpforms-required-label\" aria-hidden=\"true\">*<\/span><\/legend><div class=\"wpforms-field-row wpforms-field-medium\"><div class=\"wpforms-field-row-block wpforms-first wpforms-one-half\"><input type=\"text\" id=\"wpforms-12900-field_1\" class=\"wpforms-field-name-first wpforms-field-required\" name=\"wpforms[fields][1][first]\" aria-errormessage=\"wpforms-12900-field_1-error\" required><label for=\"wpforms-12900-field_1\" class=\"wpforms-field-sublabel after\">Nombre<\/label><\/div><div class=\"wpforms-field-row-block wpforms-one-half\"><input type=\"text\" id=\"wpforms-12900-field_1-last\" class=\"wpforms-field-name-last wpforms-field-required\" name=\"wpforms[fields][1][last]\" aria-errormessage=\"wpforms-12900-field_1-last-error\" required><label for=\"wpforms-12900-field_1-last\" class=\"wpforms-field-sublabel after\">Apellidos<\/label><\/div><\/div><\/fieldset><\/div><div id=\"wpforms-12900-field_2-container\" class=\"wpforms-field wpforms-field-email\" data-field-id=\"2\"><label class=\"wpforms-field-label\" for=\"wpforms-12900-field_2\">Adresse e-mail <span class=\"wpforms-required-label\" aria-hidden=\"true\">*<\/span><\/label><input type=\"email\" id=\"wpforms-12900-field_2\" class=\"wpforms-field-medium wpforms-field-required\" name=\"wpforms[fields][2]\" spellcheck=\"false\" aria-errormessage=\"wpforms-12900-field_2-error\" required><\/div><div id=\"wpforms-12900-field_4-container\" class=\"wpforms-field wpforms-field-text\" data-field-id=\"4\"><label class=\"wpforms-field-label\" for=\"wpforms-12900-field_4\">Num\u00e9ro de t\u00e9l\u00e9phone <span class=\"wpforms-required-label\" aria-hidden=\"true\">*<\/span><\/label><input type=\"text\" id=\"wpforms-12900-field_4\" class=\"wpforms-field-medium wpforms-field-required\" name=\"wpforms[fields][4]\" aria-errormessage=\"wpforms-12900-field_4-error\" required><\/div><div id=\"wpforms-12900-field_3-container\" class=\"wpforms-field wpforms-field-textarea\" data-field-id=\"3\"><label class=\"wpforms-field-label\" for=\"wpforms-12900-field_3\">Commentaire ou message<\/label><textarea id=\"wpforms-12900-field_3\" class=\"wpforms-field-medium\" name=\"wpforms[fields][3]\" aria-errormessage=\"wpforms-12900-field_3-error\" ><\/textarea><\/div><script>\n\t\t\t\t( function() {\n\t\t\t\t\tconst style = document.createElement( 'style' );\n\t\t\t\t\tstyle.appendChild( document.createTextNode( '#wpforms-12900-field_5-container { position: absolute !important; overflow: hidden !important; display: inline !important; height: 1px !important; width: 1px !important; z-index: -1000 !important; padding: 0 !important; } #wpforms-12900-field_5-container input { visibility: hidden; } #wpforms-conversational-form-page #wpforms-12900-field_5-container label { counter-increment: none; }' ) );\n\t\t\t\t\tdocument.head.appendChild( style );\n\t\t\t\t\tdocument.currentScript?.remove();\n\t\t\t\t} )();\n\t\t\t<\/script><\/div><!-- .wpforms-field-container --><div class=\"wpforms-recaptcha-container wpforms-is-recaptcha wpforms-is-recaptcha-type-v2\" ><div class=\"g-recaptcha\" data-sitekey=\"6LfQfZUrAAAAADfDcSPK-MVAkn734Dg0KCSHdTts\"><\/div><input type=\"text\" name=\"g-recaptcha-hidden\" class=\"wpforms-recaptcha-hidden\" style=\"position:absolute!important;clip:rect(0,0,0,0)!important;height:1px!important;width:1px!important;border:0!important;overflow:hidden!important;padding:0!important;margin:0!important;\" data-rule-recaptcha=\"1\"><\/div><div class=\"wpforms-submit-container\" ><input type=\"hidden\" name=\"wpforms[id]\" value=\"12900\"><input type=\"hidden\" name=\"page_title\" value=\"\"><input type=\"hidden\" name=\"page_url\" value=\"https:\/\/servicios-sisma.com\/fr\/wp-json\/wp\/v2\/pages\/14435\"><input type=\"hidden\" name=\"url_referer\" value=\"\"><button type=\"submit\" name=\"wpforms[submit]\" id=\"wpforms-submit-12900\" class=\"wpforms-submit\" data-alt-text=\"Envoi en cours...\" data-submit-text=\"Envoyer\" aria-live=\"assertive\" value=\"wpforms-submit\">Envoyer<\/button><img decoding=\"async\" src=\"https:\/\/servicios-sisma.com\/wp-content\/plugins\/wpforms-lite\/assets\/images\/submit-spin.svg\" class=\"wpforms-submit-spinner\" style=\"display: none;\" width=\"26\" height=\"26\" alt=\"Chargement en cours\"><\/div><\/form><\/div>  <!-- .wpforms-container --><\/div>\n\t\t\t\t\t\t<\/div>\n\t\t\t\t<\/div>\n\t\t\t\t\t<\/div>\n\t\t\t\t<\/div>\n\t\t<div class=\"elementor-element elementor-element-2610b4b4 e-flex e-con-boxed e-con e-parent\" data-id=\"2610b4b4\" data-element_type=\"container\" data-e-type=\"container\" data-settings=\"{&quot;background_background&quot;:&quot;classic&quot;}\">\n\t\t\t\t\t<div class=\"e-con-inner\">\n\t\t\t\t<div class=\"elementor-element elementor-element-26d161ef elementor-widget elementor-widget-heading\" data-id=\"26d161ef\" data-element_type=\"widget\" data-e-type=\"widget\" data-widget_type=\"heading.default\">\n\t\t\t\t<div class=\"elementor-widget-container\">\n\t\t\t\t\t<h2 class=\"elementor-heading-title elementor-size-default\">Demandez une couverture m\u00e9dicale avec ambulance pour votre \u00e9v\u00e9nement.<\/h2>\t\t\t\t<\/div>\n\t\t\t\t<\/div>\n\t\t\t\t<div class=\"elementor-element elementor-element-346b5b7 elementor-widget elementor-widget-heading\" data-id=\"346b5b7\" data-element_type=\"widget\" data-e-type=\"widget\" data-widget_type=\"heading.default\">\n\t\t\t\t<div class=\"elementor-widget-container\">\n\t\t\t\t\t<h2 class=\"elementor-heading-title elementor-size-default\">Cliquez sur \u00ab Demander maintenant \u00bb ou \u00e9crivez-nous par WhatsApp pour une assistance directe.<\/h2>\t\t\t\t<\/div>\n\t\t\t\t<\/div>\n\t\t\t\t\t<\/div>\n\t\t\t\t<\/div>\n\t\t\t\t<\/div>\n\t\t","protected":false},"excerpt":{"rendered":"<p>Ambulances pour \u00e9v\u00e9nementsCouverture Sanitaire Professionnelle DEMANDER MAINTENANT S\u00e9curit\u00e9 sanitaire pour \u00e9v\u00e9nements publics et priv\u00e9s Chez SISMA, nous offrons une couverture m\u00e9dicale lors d&rsquo;\u00e9v\u00e9nements avec des ambulances enti\u00e8rement \u00e9quip\u00e9es et du personnel de sant\u00e9 qualifi\u00e9. Nous op\u00e9rons sur toute la Costa del Sol, M\u00e1laga capitale, Benidorm et la Costa Blanca, en fournissant une assistance lors de&#8230;<\/p>\n","protected":false},"author":2,"featured_media":0,"parent":14367,"menu_order":0,"comment_status":"closed","ping_status":"closed","template":"","meta":{"_monsterinsights_skip_tracking":false,"_monsterinsights_sitenote_active":false,"_monsterinsights_sitenote_note":"","_monsterinsights_sitenote_category":0,"_tbt_post_transparent":"","_tbt_post_title":"","_tbt_post_layout":"","_tbt_post_sidebar_id":"","_tbt_post_content_style":"","_tbt_post_vertical_padding":"","_tbt_post_feature":"","_tbt_post_feature_position":"","_tbt_post_header":false,"_tbt_post_footer":false},"class_list":["post-14435","page","type-page","status-publish","hentry"],"aioseo_notices":[],"_links":{"self":[{"href":"https:\/\/servicios-sisma.com\/fr\/wp-json\/wp\/v2\/pages\/14435","targetHints":{"allow":["GET"]}}],"collection":[{"href":"https:\/\/servicios-sisma.com\/fr\/wp-json\/wp\/v2\/pages"}],"about":[{"href":"https:\/\/servicios-sisma.com\/fr\/wp-json\/wp\/v2\/types\/page"}],"author":[{"embeddable":true,"href":"https:\/\/servicios-sisma.com\/fr\/wp-json\/wp\/v2\/users\/2"}],"replies":[{"embeddable":true,"href":"https:\/\/servicios-sisma.com\/fr\/wp-json\/wp\/v2\/comments?post=14435"}],"version-history":[{"count":1,"href":"https:\/\/servicios-sisma.com\/fr\/wp-json\/wp\/v2\/pages\/14435\/revisions"}],"predecessor-version":[{"id":14436,"href":"https:\/\/servicios-sisma.com\/fr\/wp-json\/wp\/v2\/pages\/14435\/revisions\/14436"}],"up":[{"embeddable":true,"href":"https:\/\/servicios-sisma.com\/fr\/wp-json\/wp\/v2\/pages\/14367"}],"wp:attachment":[{"href":"https:\/\/servicios-sisma.com\/fr\/wp-json\/wp\/v2\/media?parent=14435"}],"curies":[{"name":"wp","href":"https:\/\/api.w.org\/{rel}","templated":true}]}}